{"id":934,"date":"2018-07-25T13:06:09","date_gmt":"2018-07-25T13:06:09","guid":{"rendered":"https:\/\/rhombusleisten-montage.de\/?page_id=934"},"modified":"2019-03-21T14:48:19","modified_gmt":"2019-03-21T14:48:19","slug":"auf-stoss","status":"publish","type":"page","link":"https:\/\/rhombusleisten-montage.de\/index.php\/auf-stoss\/","title":{"rendered":"Auf Sto\u00df"},"content":{"rendered":"<div id=\"pl-934\"  class=\"panel-layout\" ><div id=\"pg-934-0\"  class=\"panel-grid panel-has-style\" ><div class=\"panel-row-style panel-row-style-for-934-0\" ><div id=\"pgc-934-0-0\"  class=\"panel-grid-cell\" ><div id=\"panel-934-0-0-0\" class=\"so-panel widget widget_sow-editor panel-first-child\" data-index=\"0\" ><div\n\t\t\t\n\t\t\tclass=\"so-widget-sow-editor so-widget-sow-editor-base\"\n\t\t\t\n\t\t>\n<div class=\"siteorigin-widget-tinymce textwidget\">\n\t<p>Von einem Eckabschluss auf Sto\u00df spricht man wenn die Rhombusleisten gerade am Ende zugeschnitten werden. Das Profil auf der anderen Geb\u00e4ude Seite wird ebenso geschnitten. Die Rhombusleisten Sto\u00dfen aufeinander somit ergeben sich 90\u00b0 und dies ergibt eine Ecke.<\/p>\n<p>Damit sich kein Wasser zwischen den Rhombusleisten halten kann sollte ein Abstand von mindestens 8 mm zwischen Stirnseite und L\u00e4ngsholz eingehalten werden.<\/p>\n<\/div>\n<\/div><\/div><div id=\"panel-934-0-0-1\" class=\"so-panel widget widget_sow-image panel-last-child\" data-index=\"1\" ><div\n\t\t\t\n\t\t\tclass=\"so-widget-sow-image so-widget-sow-image-default-d6014b76747a-934\"\n\t\t\t\n\t\t>\n\n<div class=\"sow-image-container\">\n\t\t<img decoding=\"async\" src=\"https:\/\/rhombusleisten-montage.de\/wp-content\/uploads\/2018\/07\/Ecke-Sto\u00df.jpg\" width=\"766\" height=\"576\" srcset=\"https:\/\/rhombusleisten-montage.de\/wp-content\/uploads\/2018\/07\/Ecke-Sto\u00df.jpg 766w, https:\/\/rhombusleisten-montage.de\/wp-content\/uploads\/2018\/07\/Ecke-Sto\u00df-300x226.jpg 300w\" sizes=\"(max-width: 766px) 100vw, 766px\" title=\"Ecke Sto\u00df\" alt=\"Ecke Sto\u00df\" loading=\"lazy\" \t\tclass=\"so-widget-image\"\/>\n\t<\/div>\n\n<\/div><\/div><\/div><\/div><\/div><div id=\"pg-934-1\"  class=\"panel-grid panel-no-style\" ><div id=\"pgc-934-1-0\"  class=\"panel-grid-cell\" ><div id=\"panel-934-1-0-0\" class=\"widget_text so-panel widget widget_custom_html panel-first-child\" data-index=\"2\" ><div class=\"textwidget custom-html-widget\"><iframe style=\"width:120px;height:240px;\" marginwidth=\"0\" marginheight=\"0\" scrolling=\"no\" frameborder=\"0\" src=\"\/\/ws-eu.amazon-adsystem.com\/widgets\/q?ServiceVersion=20070822&OneJS=1&Operation=GetAdHtml&MarketPlace=DE&source=ac&ref=tf_til&ad_type=product_link&tracking_id=rhombusleiste-21&marketplace=amazon&region=DE&placement=B00N9ZXMBM&asins=B00N9ZXMBM&linkId=8ada8a07b284eba10b6399514bda9db8&show_border=false&link_opens_in_new_window=false&price_color=333333&title_color=0066c0&bg_color=ffffff\">\n    <\/iframe>\n\n<iframe style=\"width:120px;height:240px;\" marginwidth=\"0\" marginheight=\"0\" scrolling=\"no\" frameborder=\"0\" src=\"\/\/ws-eu.amazon-adsystem.com\/widgets\/q?ServiceVersion=20070822&OneJS=1&Operation=GetAdHtml&MarketPlace=DE&source=ac&ref=tf_til&ad_type=product_link&tracking_id=rhombusleiste-21&marketplace=amazon&region=DE&placement=B00MPQV5CY&asins=B00MPQV5CY&linkId=48eb8629c2e71ce7bf6be1d550b0b2de&show_border=false&link_opens_in_new_window=false&price_color=333333&title_color=0066c0&bg_color=ffffff\">\n    <\/iframe>\n\n<iframe style=\"width:120px;height:240px;\" marginwidth=\"0\" marginheight=\"0\" scrolling=\"no\" frameborder=\"0\" src=\"\/\/ws-eu.amazon-adsystem.com\/widgets\/q?ServiceVersion=20070822&OneJS=1&Operation=GetAdHtml&MarketPlace=DE&source=ac&ref=tf_til&ad_type=product_link&tracking_id=rhombusleiste-21&marketplace=amazon&region=DE&placement=B00BTG9D4I&asins=B00BTG9D4I&linkId=8ea22cc23faf04bc8d5516274ca01287&show_border=false&link_opens_in_new_window=false&price_color=333333&title_color=0066c0&bg_color=ffffff\">\n    <\/iframe>\n\n<iframe style=\"width:120px;height:240px;\" marginwidth=\"0\" marginheight=\"0\" scrolling=\"no\" frameborder=\"0\" src=\"\/\/ws-eu.amazon-adsystem.com\/widgets\/q?ServiceVersion=20070822&OneJS=1&Operation=GetAdHtml&MarketPlace=DE&source=ac&ref=tf_til&ad_type=product_link&tracking_id=rhombusleiste-21&marketplace=amazon&region=DE&placement=B01E7DVPBS&asins=B01E7DVPBS&linkId=ae963e76452f225086679583798ac47b&show_border=false&link_opens_in_new_window=false&price_color=333333&title_color=0066c0&bg_color=ffffff\">\n    <\/iframe>\n\n<iframe style=\"width:120px;height:240px;\" marginwidth=\"0\" marginheight=\"0\" scrolling=\"no\" frameborder=\"0\" src=\"\/\/ws-eu.amazon-adsystem.com\/widgets\/q?ServiceVersion=20070822&OneJS=1&Operation=GetAdHtml&MarketPlace=DE&source=ac&ref=tf_til&ad_type=product_link&tracking_id=rhombusleiste-21&marketplace=amazon&region=DE&placement=B01EIHZB0E&asins=B01EIHZB0E&linkId=3a957193c12b3bc552fc5c62e9c82b49&show_border=false&link_opens_in_new_window=false&price_color=333333&title_color=0066c0&bg_color=ffffff\">\n    <\/iframe>\n<\/div><\/div><div id=\"panel-934-1-0-1\" class=\"widget_text so-panel widget widget_custom_html panel-last-child\" data-index=\"3\" ><div class=\"textwidget custom-html-widget\"><iframe style=\"width:120px;height:240px;\" marginwidth=\"0\" marginheight=\"0\" scrolling=\"no\" frameborder=\"0\" src=\"\/\/ws-eu.amazon-adsystem.com\/widgets\/q?ServiceVersion=20070822&OneJS=1&Operation=GetAdHtml&MarketPlace=DE&source=ac&ref=tf_til&ad_type=product_link&tracking_id=rhombusleiste-21&marketplace=amazon&region=DE&placement=B007YUO2PI&asins=B007YUO2PI&linkId=d46f833676dadaf925f5b2fcea99b852&show_border=false&link_opens_in_new_window=false&price_color=333333&title_color=0066c0&bg_color=ffffff\">\n    <\/iframe>\n\n<iframe style=\"width:120px;height:240px;\" marginwidth=\"0\" marginheight=\"0\" scrolling=\"no\" frameborder=\"0\" src=\"\/\/ws-eu.amazon-adsystem.com\/widgets\/q?ServiceVersion=20070822&OneJS=1&Operation=GetAdHtml&MarketPlace=DE&source=ac&ref=tf_til&ad_type=product_link&tracking_id=rhombusleiste-21&marketplace=amazon&region=DE&placement=B06WW96Q75&asins=B06WW96Q75&linkId=9a22e2bdc87af62b8b8f8bd6dcb24960&show_border=false&link_opens_in_new_window=false&price_color=333333&title_color=0066c0&bg_color=ffffff\">\n    <\/iframe>\n<iframe style=\"width:120px;height:240px;\" marginwidth=\"0\" marginheight=\"0\" scrolling=\"no\" frameborder=\"0\" src=\"\/\/ws-eu.amazon-adsystem.com\/widgets\/q?ServiceVersion=20070822&OneJS=1&Operation=GetAdHtml&MarketPlace=DE&source=ac&ref=tf_til&ad_type=product_link&tracking_id=rhombusleiste-21&marketplace=amazon&region=DE&placement=B076JDHC9N&asins=B076JDHC9N&linkId=b113de01fd95c7f2d2f5b740b8472806&show_border=false&link_opens_in_new_window=false&price_color=333333&title_color=0066c0&bg_color=ffffff\">\n    <\/iframe>\n\n<iframe style=\"width:120px;height:240px;\" marginwidth=\"0\" marginheight=\"0\" scrolling=\"no\" frameborder=\"0\" src=\"\/\/ws-eu.amazon-adsystem.com\/widgets\/q?ServiceVersion=20070822&OneJS=1&Operation=GetAdHtml&MarketPlace=DE&source=ac&ref=tf_til&ad_type=product_link&tracking_id=rhombusleiste-21&marketplace=amazon&region=DE&placement=B01CQNLFSY&asins=B01CQNLFSY&linkId=e769665e475d3b747467d5438cc7c5ee&show_border=false&link_opens_in_new_window=false&price_color=333333&title_color=0066c0&bg_color=ffffff\">\n    <\/iframe>\n\n<iframe style=\"width:120px;height:240px;\" marginwidth=\"0\" marginheight=\"0\" scrolling=\"no\" frameborder=\"0\" src=\"\/\/ws-eu.amazon-adsystem.com\/widgets\/q?ServiceVersion=20070822&OneJS=1&Operation=GetAdHtml&MarketPlace=DE&source=ac&ref=tf_til&ad_type=product_link&tracking_id=rhombusleiste-21&marketplace=amazon&region=DE&placement=B01MYBT7B2&asins=B01MYBT7B2&linkId=7a05b3b4fdd1b6ebec0721e19fb1df88&show_border=false&link_opens_in_new_window=false&price_color=333333&title_color=0066c0&bg_color=ffffff\">\n    <\/iframe><\/div><\/div><\/div><\/div><\/div>","protected":false},"excerpt":{"rendered":"<p>Von einem Eckabschluss auf Sto\u00df spricht man wenn die Rhombusleisten gerade am Ende zugeschnitten werden. Das Profil auf der anderen Geb\u00e4ude Seite wird ebenso geschnitten. Die Rhombusleisten Sto\u00dfen aufeinander somit ergeben sich 90\u00b0 und dies ergibt eine Ecke. Damit sich kein Wasser zwischen den Rhombusleisten halten kann sollte ein Abstand von mindestens 8 mm zwischen&#8230;<\/p>\n<p class=\"more-link\"><a href=\"https:\/\/rhombusleisten-montage.de\/index.php\/auf-stoss\/\" class=\"themebutton3\">Read More<\/a><\/p>\n","protected":false},"author":1,"featured_media":0,"parent":0,"menu_order":0,"comment_status":"closed","ping_status":"closed","template":"","meta":{"_monsterinsights_skip_tracking":false,"_monsterinsights_sitenote_active":false,"_monsterinsights_sitenote_note":"","_monsterinsights_sitenote_category":0,"footnotes":""},"aioseo_notices":[],"_links":{"self":[{"href":"https:\/\/rhombusleisten-montage.de\/index.php\/wp-json\/wp\/v2\/pages\/934"}],"collection":[{"href":"https:\/\/rhombusleisten-montage.de\/index.php\/wp-json\/wp\/v2\/pages"}],"about":[{"href":"https:\/\/rhombusleisten-montage.de\/index.php\/wp-json\/wp\/v2\/types\/page"}],"author":[{"embeddable":true,"href":"https:\/\/rhombusleisten-montage.de\/index.php\/wp-json\/wp\/v2\/users\/1"}],"replies":[{"embeddable":true,"href":"https:\/\/rhombusleisten-montage.de\/index.php\/wp-json\/wp\/v2\/comments?post=934"}],"version-history":[{"count":11,"href":"https:\/\/rhombusleisten-montage.de\/index.php\/wp-json\/wp\/v2\/pages\/934\/revisions"}],"predecessor-version":[{"id":1991,"href":"https:\/\/rhombusleisten-montage.de\/index.php\/wp-json\/wp\/v2\/pages\/934\/revisions\/1991"}],"wp:attachment":[{"href":"https:\/\/rhombusleisten-montage.de\/index.php\/wp-json\/wp\/v2\/media?parent=934"}],"curies":[{"name":"wp","href":"https:\/\/api.w.org\/{rel}","templated":true}]}}