{"id":856,"date":"2018-07-25T09:38:23","date_gmt":"2018-07-25T09:38:23","guid":{"rendered":"https:\/\/rhombusleisten-montage.de\/?page_id=856"},"modified":"2019-03-20T15:29:45","modified_gmt":"2019-03-20T15:29:45","slug":"wasserwaage","status":"publish","type":"page","link":"https:\/\/rhombusleisten-montage.de\/index.php\/wasserwaage\/","title":{"rendered":"Wasserwaage"},"content":{"rendered":"<div id=\"pl-856\"  class=\"panel-layout\" ><div id=\"pg-856-0\"  class=\"panel-grid panel-has-style\" ><div class=\"panel-row-style panel-row-style-for-856-0\" ><div id=\"pgc-856-0-0\"  class=\"panel-grid-cell\" ><div id=\"panel-856-0-0-0\" class=\"so-panel widget widget_sow-editor panel-first-child panel-last-child\" data-index=\"0\" ><div\n\t\t\t\n\t\t\tclass=\"so-widget-sow-editor so-widget-sow-editor-base\"\n\t\t\t\n\t\t>\n<div class=\"siteorigin-widget-tinymce textwidget\">\n\t<p>F\u00fcr eine exakte, horizontale Ausrichtung insbesondere der ersten Rhombusleiste sollte eine Wasserwaage verwendet werden. Die Wasserwaage sollte m\u00f6glichst lange sein um gebogene Leisten erkennen und ausrichten zu k\u00f6nnen. Wir verwenden eine Wasserwaage aus Aluminium mit einer l\u00e4nge von 4 Metern. Die Wasserwaage ist an drei stellen horizontal ablesbar was das Ablesen in jeder Positionen m\u00f6glich macht.<\/p>\n<\/div>\n<\/div><\/div><\/div><\/div><\/div><div id=\"pg-856-1\"  class=\"panel-grid panel-no-style\" ><div id=\"pgc-856-1-0\"  class=\"panel-grid-cell panel-grid-cell-mobile-last\" ><div id=\"panel-856-1-0-0\" class=\"so-panel widget widget_sow-image panel-first-child\" data-index=\"1\" ><div\n\t\t\t\n\t\t\tclass=\"so-widget-sow-image so-widget-sow-image-default-d6014b76747a-856\"\n\t\t\t\n\t\t>\n\n<div class=\"sow-image-container\">\n\t\t<img decoding=\"async\" src=\"https:\/\/rhombusleisten-montage.de\/wp-content\/uploads\/2018\/07\/IMG_0122-e1537355392591-930x1024.jpg\" width=\"930\" height=\"1024\" srcset=\"https:\/\/rhombusleisten-montage.de\/wp-content\/uploads\/2018\/07\/IMG_0122-e1537355392591-930x1024.jpg 930w, https:\/\/rhombusleisten-montage.de\/wp-content\/uploads\/2018\/07\/IMG_0122-e1537355392591-272x300.jpg 272w, https:\/\/rhombusleisten-montage.de\/wp-content\/uploads\/2018\/07\/IMG_0122-e1537355392591-768x846.jpg 768w, https:\/\/rhombusleisten-montage.de\/wp-content\/uploads\/2018\/07\/IMG_0122-e1537355392591.jpg 979w\" sizes=\"(max-width: 930px) 100vw, 930px\" title=\"Ausrichtung Wasserwaage\" alt=\"Ausrichtung Wasserwaage\" loading=\"lazy\" \t\tclass=\"so-widget-image\"\/>\n\t<\/div>\n\n<\/div><\/div><div id=\"panel-856-1-0-1\" class=\"widget_text so-panel widget widget_custom_html panel-last-child\" data-index=\"2\" ><div class=\"textwidget custom-html-widget\"><iframe style=\"width:120px;height:240px;\" marginwidth=\"0\" marginheight=\"0\" scrolling=\"no\" frameborder=\"0\" src=\"\/\/ws-eu.amazon-adsystem.com\/widgets\/q?ServiceVersion=20070822&OneJS=1&Operation=GetAdHtml&MarketPlace=DE&source=ac&ref=qf_sp_asin_til&ad_type=product_link&tracking_id=rhombusleiste-21&marketplace=amazon&region=DE&placement=B073ZHQDHB&asins=B073ZHQDHB&linkId=1987a3df1d06e9a5fd923738db14c45f&show_border=false&link_opens_in_new_window=false&price_color=333333&title_color=0066C0&bg_color=FFFFFF\"><\/iframe>\n<iframe style=\"width:120px;height:240px;\" marginwidth=\"0\" marginheight=\"0\" scrolling=\"no\" frameborder=\"0\" src=\"\/\/ws-eu.amazon-adsystem.com\/widgets\/q?ServiceVersion=20070822&OneJS=1&Operation=GetAdHtml&MarketPlace=DE&source=ac&ref=tf_til&ad_type=product_link&tracking_id=rhombusleiste-21&marketplace=amazon&region=DE&placement=B001ZZNFII&asins=B001ZZNFII&linkId=989442eb14593965b1140e696897fb7d&show_border=false&link_opens_in_new_window=false&price_color=333333&title_color=0066c0&bg_color=ffffff\">\n    <\/iframe><\/div><\/div><\/div><div id=\"pgc-856-1-1\"  class=\"panel-grid-cell panel-grid-cell-empty\" ><\/div><\/div><div id=\"pg-856-2\"  class=\"panel-grid panel-no-style\" ><div id=\"pgc-856-2-0\"  class=\"panel-grid-cell panel-grid-cell-empty\" ><\/div><\/div><\/div>","protected":false},"excerpt":{"rendered":"<p>F\u00fcr eine exakte, horizontale Ausrichtung insbesondere der ersten Rhombusleiste sollte eine Wasserwaage verwendet werden. Die Wasserwaage sollte m\u00f6glichst lange sein um gebogene Leisten erkennen und ausrichten zu k\u00f6nnen. Wir verwenden eine Wasserwaage aus Aluminium mit einer l\u00e4nge von 4 Metern. Die Wasserwaage ist an drei stellen horizontal ablesbar was das Ablesen in jeder Positionen m\u00f6glich&#8230;<\/p>\n<p class=\"more-link\"><a href=\"https:\/\/rhombusleisten-montage.de\/index.php\/wasserwaage\/\" class=\"themebutton3\">Read More<\/a><\/p>\n","protected":false},"author":1,"featured_media":0,"parent":0,"menu_order":0,"comment_status":"closed","ping_status":"closed","template":"","meta":{"_monsterinsights_skip_tracking":false,"_monsterinsights_sitenote_active":false,"_monsterinsights_sitenote_note":"","_monsterinsights_sitenote_category":0,"footnotes":""},"aioseo_notices":[],"_links":{"self":[{"href":"https:\/\/rhombusleisten-montage.de\/index.php\/wp-json\/wp\/v2\/pages\/856"}],"collection":[{"href":"https:\/\/rhombusleisten-montage.de\/index.php\/wp-json\/wp\/v2\/pages"}],"about":[{"href":"https:\/\/rhombusleisten-montage.de\/index.php\/wp-json\/wp\/v2\/types\/page"}],"author":[{"embeddable":true,"href":"https:\/\/rhombusleisten-montage.de\/index.php\/wp-json\/wp\/v2\/users\/1"}],"replies":[{"embeddable":true,"href":"https:\/\/rhombusleisten-montage.de\/index.php\/wp-json\/wp\/v2\/comments?post=856"}],"version-history":[{"count":69,"href":"https:\/\/rhombusleisten-montage.de\/index.php\/wp-json\/wp\/v2\/pages\/856\/revisions"}],"predecessor-version":[{"id":1901,"href":"https:\/\/rhombusleisten-montage.de\/index.php\/wp-json\/wp\/v2\/pages\/856\/revisions\/1901"}],"wp:attachment":[{"href":"https:\/\/rhombusleisten-montage.de\/index.php\/wp-json\/wp\/v2\/media?parent=856"}],"curies":[{"name":"wp","href":"https:\/\/api.w.org\/{rel}","templated":true}]}}