{"id":852,"date":"2018-07-25T09:38:09","date_gmt":"2018-07-25T09:38:09","guid":{"rendered":"https:\/\/rhombusleisten-montage.de\/?page_id=852"},"modified":"2019-03-20T15:52:20","modified_gmt":"2019-03-20T15:52:20","slug":"schraubzwingen","status":"publish","type":"page","link":"https:\/\/rhombusleisten-montage.de\/index.php\/schraubzwingen\/","title":{"rendered":"Schraubzwingen"},"content":{"rendered":"<div id=\"pl-852\"  class=\"panel-layout\" ><div id=\"pg-852-0\"  class=\"panel-grid panel-has-style\" ><div class=\"panel-row-style panel-row-style-for-852-0\" ><div id=\"pgc-852-0-0\"  class=\"panel-grid-cell\" ><div id=\"panel-852-0-0-0\" class=\"so-panel widget widget_sow-editor panel-first-child\" data-index=\"0\" ><div\n\t\t\t\n\t\t\tclass=\"so-widget-sow-editor so-widget-sow-editor-base\"\n\t\t\t\n\t\t>\n<div class=\"siteorigin-widget-tinymce textwidget\">\n\t<p>Zur Befestigung der Anschlaglatte k\u00f6nnen Schraubzwingen verwendet werden. Hier kann man auf handels\u00fcbliche Schraubzwingen aus Metall und Holz zur\u00fcckgreifen.<\/p>\n<\/div>\n<\/div><\/div><div id=\"panel-852-0-0-1\" class=\"widget_text so-panel widget widget_custom_html\" data-index=\"1\" ><div class=\"textwidget custom-html-widget\"><iframe style=\"width:120px;height:240px;\" marginwidth=\"0\" marginheight=\"0\" scrolling=\"no\" frameborder=\"0\" src=\"\/\/ws-eu.amazon-adsystem.com\/widgets\/q?ServiceVersion=20070822&OneJS=1&Operation=GetAdHtml&MarketPlace=DE&source=ac&ref=tf_til&ad_type=product_link&tracking_id=rhombusleiste-21&marketplace=amazon&region=DE&placement=B006VTOZ9Q&asins=B006VTOZ9Q&linkId=435100754ce39440b86578d36ed08981&show_border=false&link_opens_in_new_window=false&price_color=333333&title_color=0066c0&bg_color=ffffff\">\n    <\/iframe>\n<\/div><\/div><div id=\"panel-852-0-0-2\" class=\"so-panel widget widget_sow-image panel-last-child\" data-index=\"2\" ><div\n\t\t\t\n\t\t\tclass=\"so-widget-sow-image so-widget-sow-image-default-d6014b76747a-852\"\n\t\t\t\n\t\t>\n\n<div class=\"sow-image-container\">\n\t\t<img decoding=\"async\" src=\"https:\/\/rhombusleisten-montage.de\/wp-content\/uploads\/2018\/07\/Schraubzwingen.jpeg\" width=\"485\" height=\"767\" srcset=\"https:\/\/rhombusleisten-montage.de\/wp-content\/uploads\/2018\/07\/Schraubzwingen.jpeg 485w, https:\/\/rhombusleisten-montage.de\/wp-content\/uploads\/2018\/07\/Schraubzwingen-190x300.jpeg 190w\" sizes=\"(max-width: 485px) 100vw, 485px\" alt=\"Schraubzwingen\" loading=\"lazy\" \t\tclass=\"so-widget-image\"\/>\n\t<\/div>\n\n<\/div><\/div><\/div><\/div><\/div><div id=\"pg-852-1\"  class=\"panel-grid panel-no-style\" ><div id=\"pgc-852-1-0\"  class=\"panel-grid-cell\" ><div id=\"panel-852-1-0-0\" class=\"widget_text so-panel widget widget_custom_html panel-first-child panel-last-child\" data-index=\"3\" ><div class=\"textwidget custom-html-widget\"><iframe style=\"width:120px;height:240px;\" marginwidth=\"0\" marginheight=\"0\" scrolling=\"no\" frameborder=\"0\" src=\"\/\/ws-eu.amazon-adsystem.com\/widgets\/q?ServiceVersion=20070822&OneJS=1&Operation=GetAdHtml&MarketPlace=DE&source=ac&ref=tf_til&ad_type=product_link&tracking_id=rhombusleiste-21&marketplace=amazon&region=DE&placement=B072KDRTHG&asins=B072KDRTHG&linkId=2483e34de999704caf4d8c1016ea1fb7&show_border=false&link_opens_in_new_window=false&price_color=333333&title_color=0066c0&bg_color=ffffff\">\n    <\/iframe>\n\n<iframe style=\"width:120px;height:240px;\" marginwidth=\"0\" marginheight=\"0\" scrolling=\"no\" frameborder=\"0\" src=\"\/\/ws-eu.amazon-adsystem.com\/widgets\/q?ServiceVersion=20070822&OneJS=1&Operation=GetAdHtml&MarketPlace=DE&source=ac&ref=tf_til&ad_type=product_link&tracking_id=rhombusleiste-21&marketplace=amazon&region=DE&placement=B077S4VBQ5&asins=B077S4VBQ5&linkId=598d62060fd403a80ea81d4b892a9a16&show_border=false&link_opens_in_new_window=false&price_color=333333&title_color=0066c0&bg_color=ffffff\">\n    <\/iframe><\/div><\/div><\/div><\/div><\/div>","protected":false},"excerpt":{"rendered":"<p>Zur Befestigung der Anschlaglatte k\u00f6nnen Schraubzwingen verwendet werden. Hier kann man auf handels\u00fcbliche Schraubzwingen aus Metall und Holz zur\u00fcckgreifen.<\/p>\n","protected":false},"author":1,"featured_media":0,"parent":0,"menu_order":0,"comment_status":"closed","ping_status":"closed","template":"","meta":{"_monsterinsights_skip_tracking":false,"_monsterinsights_sitenote_active":false,"_monsterinsights_sitenote_note":"","_monsterinsights_sitenote_category":0,"footnotes":""},"aioseo_notices":[],"_links":{"self":[{"href":"https:\/\/rhombusleisten-montage.de\/index.php\/wp-json\/wp\/v2\/pages\/852"}],"collection":[{"href":"https:\/\/rhombusleisten-montage.de\/index.php\/wp-json\/wp\/v2\/pages"}],"about":[{"href":"https:\/\/rhombusleisten-montage.de\/index.php\/wp-json\/wp\/v2\/types\/page"}],"author":[{"embeddable":true,"href":"https:\/\/rhombusleisten-montage.de\/index.php\/wp-json\/wp\/v2\/users\/1"}],"replies":[{"embeddable":true,"href":"https:\/\/rhombusleisten-montage.de\/index.php\/wp-json\/wp\/v2\/comments?post=852"}],"version-history":[{"count":14,"href":"https:\/\/rhombusleisten-montage.de\/index.php\/wp-json\/wp\/v2\/pages\/852\/revisions"}],"predecessor-version":[{"id":1927,"href":"https:\/\/rhombusleisten-montage.de\/index.php\/wp-json\/wp\/v2\/pages\/852\/revisions\/1927"}],"wp:attachment":[{"href":"https:\/\/rhombusleisten-montage.de\/index.php\/wp-json\/wp\/v2\/media?parent=852"}],"curies":[{"name":"wp","href":"https:\/\/api.w.org\/{rel}","templated":true}]}}