{"id":848,"date":"2018-07-25T09:37:35","date_gmt":"2018-07-25T09:37:35","guid":{"rendered":"https:\/\/rhombusleisten-montage.de\/?page_id=848"},"modified":"2019-03-20T15:53:27","modified_gmt":"2019-03-20T15:53:27","slug":"massband","status":"publish","type":"page","link":"https:\/\/rhombusleisten-montage.de\/index.php\/massband\/","title":{"rendered":"Ma\u00dfband"},"content":{"rendered":"<div id=\"pl-848\"  class=\"panel-layout\" ><div id=\"pg-848-0\"  class=\"panel-grid panel-has-style\" ><div class=\"panel-row-style panel-row-style-for-848-0\" ><div id=\"pgc-848-0-0\"  class=\"panel-grid-cell\" ><div id=\"panel-848-0-0-0\" class=\"so-panel widget widget_sow-editor panel-first-child\" data-index=\"0\" ><div\n\t\t\t\n\t\t\tclass=\"so-widget-sow-editor so-widget-sow-editor-base\"\n\t\t\t\n\t\t>\n<div class=\"siteorigin-widget-tinymce textwidget\">\n\t<p>F\u00fcr das Arbeiten mit Rhombusleisten sollte ein hochwertiges 5 Meter langes Ma\u00dfband verwendet werden. Somit kann pr\u00e4zise gemessen und angezeichnet werden. Ein Autosperr- Mechanismus sorgt daf\u00fcr dass sich das Ma\u00dfband nicht einrollt dies ist von Vorteil wenn man alleine arbeitet.<\/p>\n<\/div>\n<\/div><\/div><div id=\"panel-848-0-0-1\" class=\"widget_text so-panel widget widget_custom_html panel-last-child\" data-index=\"1\" ><div class=\"textwidget custom-html-widget\"><iframe style=\"width:120px;height:240px;\" marginwidth=\"0\" marginheight=\"0\" scrolling=\"no\" frameborder=\"0\" src=\"\/\/ws-eu.amazon-adsystem.com\/widgets\/q?ServiceVersion=20070822&OneJS=1&Operation=GetAdHtml&MarketPlace=DE&source=ac&ref=tf_til&ad_type=product_link&tracking_id=rhombusleiste-21&marketplace=amazon&region=DE&placement=B000XJ02LU&asins=B000XJ02LU&linkId=4140d98ecf9d94a52ec93b08b363fef3&show_border=false&link_opens_in_new_window=false&price_color=333333&title_color=0066c0&bg_color=ffffff\">\n    <\/iframe><\/div><\/div><\/div><\/div><\/div><div id=\"pg-848-1\"  class=\"panel-grid panel-no-style\" ><div id=\"pgc-848-1-0\"  class=\"panel-grid-cell panel-grid-cell-empty\" ><\/div><\/div><\/div>","protected":false},"excerpt":{"rendered":"<p>F\u00fcr das Arbeiten mit Rhombusleisten sollte ein hochwertiges 5 Meter langes Ma\u00dfband verwendet werden. Somit kann pr\u00e4zise gemessen und angezeichnet werden. Ein Autosperr- Mechanismus sorgt daf\u00fcr dass sich das Ma\u00dfband nicht einrollt dies ist von Vorteil wenn man alleine arbeitet.<\/p>\n","protected":false},"author":1,"featured_media":0,"parent":0,"menu_order":0,"comment_status":"closed","ping_status":"closed","template":"","meta":{"_monsterinsights_skip_tracking":false,"_monsterinsights_sitenote_active":false,"_monsterinsights_sitenote_note":"","_monsterinsights_sitenote_category":0,"footnotes":""},"aioseo_notices":[],"_links":{"self":[{"href":"https:\/\/rhombusleisten-montage.de\/index.php\/wp-json\/wp\/v2\/pages\/848"}],"collection":[{"href":"https:\/\/rhombusleisten-montage.de\/index.php\/wp-json\/wp\/v2\/pages"}],"about":[{"href":"https:\/\/rhombusleisten-montage.de\/index.php\/wp-json\/wp\/v2\/types\/page"}],"author":[{"embeddable":true,"href":"https:\/\/rhombusleisten-montage.de\/index.php\/wp-json\/wp\/v2\/users\/1"}],"replies":[{"embeddable":true,"href":"https:\/\/rhombusleisten-montage.de\/index.php\/wp-json\/wp\/v2\/comments?post=848"}],"version-history":[{"count":12,"href":"https:\/\/rhombusleisten-montage.de\/index.php\/wp-json\/wp\/v2\/pages\/848\/revisions"}],"predecessor-version":[{"id":1929,"href":"https:\/\/rhombusleisten-montage.de\/index.php\/wp-json\/wp\/v2\/pages\/848\/revisions\/1929"}],"wp:attachment":[{"href":"https:\/\/rhombusleisten-montage.de\/index.php\/wp-json\/wp\/v2\/media?parent=848"}],"curies":[{"name":"wp","href":"https:\/\/api.w.org\/{rel}","templated":true}]}}