{"id":844,"date":"2018-07-25T09:37:21","date_gmt":"2018-07-25T09:37:21","guid":{"rendered":"https:\/\/rhombusleisten-montage.de\/?page_id=844"},"modified":"2019-03-20T15:55:11","modified_gmt":"2019-03-20T15:55:11","slug":"kappsaege","status":"publish","type":"page","link":"https:\/\/rhombusleisten-montage.de\/index.php\/kappsaege\/","title":{"rendered":"Kapps\u00e4ge"},"content":{"rendered":"<div id=\"pl-844\"  class=\"panel-layout\" ><div id=\"pg-844-0\"  class=\"panel-grid panel-has-style\" ><div class=\"panel-row-style panel-row-style-for-844-0\" ><div id=\"pgc-844-0-0\"  class=\"panel-grid-cell\" ><div id=\"panel-844-0-0-0\" class=\"so-panel widget widget_sow-editor panel-first-child panel-last-child\" data-index=\"0\" ><div\n\t\t\t\n\t\t\tclass=\"so-widget-sow-editor so-widget-sow-editor-base\"\n\t\t\t\n\t\t>\n<div class=\"siteorigin-widget-tinymce textwidget\">\n\t<p>Um die Rhombusleisten sauber im rechten Winkel abschneiden zu k\u00f6nnen sollte eine Kapps\u00e4ge oder eine Kapp- Zugs\u00e4ge verwendet werden.<\/p>\n<\/div>\n<\/div><\/div><\/div><\/div><\/div><div id=\"pg-844-1\"  class=\"panel-grid panel-no-style\" ><div id=\"pgc-844-1-0\"  class=\"panel-grid-cell\" ><div id=\"panel-844-1-0-0\" class=\"widget_text so-panel widget widget_custom_html panel-first-child panel-last-child\" data-index=\"1\" ><div class=\"textwidget custom-html-widget\"><iframe style=\"width:120px;height:240px;\" marginwidth=\"0\" marginheight=\"0\" scrolling=\"no\" frameborder=\"0\" src=\"\/\/ws-eu.amazon-adsystem.com\/widgets\/q?ServiceVersion=20070822&OneJS=1&Operation=GetAdHtml&MarketPlace=DE&source=ac&ref=tf_til&ad_type=product_link&tracking_id=rhombusleiste-21&marketplace=amazon&region=DE&placement=B00NA054EE&asins=B00NA054EE&linkId=44f799e2e4210bdb2126dd288f5471a7&show_border=false&link_opens_in_new_window=false&price_color=333333&title_color=0066c0&bg_color=ffffff\">\n    <\/iframe>\n\n<iframe style=\"width:120px;height:240px;\" marginwidth=\"0\" marginheight=\"0\" scrolling=\"no\" frameborder=\"0\" src=\"\/\/ws-eu.amazon-adsystem.com\/widgets\/q?ServiceVersion=20070822&OneJS=1&Operation=GetAdHtml&MarketPlace=DE&source=ac&ref=tf_til&ad_type=product_link&tracking_id=rhombusleiste-21&marketplace=amazon&region=DE&placement=B01E3VB5BO&asins=B01E3VB5BO&linkId=4e4d7b814046a9741d4478b7f12c7a3c&show_border=false&link_opens_in_new_window=false&price_color=333333&title_color=0066c0&bg_color=ffffff\">\n    <\/iframe><\/div><\/div><\/div><\/div><div id=\"pg-844-2\"  class=\"panel-grid panel-no-style\" ><div id=\"pgc-844-2-0\"  class=\"panel-grid-cell\" ><div id=\"panel-844-2-0-0\" class=\"so-panel widget widget_sow-image panel-first-child panel-last-child\" data-index=\"2\" ><div\n\t\t\t\n\t\t\tclass=\"so-widget-sow-image so-widget-sow-image-default-d6014b76747a-844\"\n\t\t\t\n\t\t>\n\n<div class=\"sow-image-container\">\n\t\t<img decoding=\"async\" src=\"https:\/\/rhombusleisten-montage.de\/wp-content\/uploads\/2018\/07\/IMG_0188-768x1024.jpg\" width=\"768\" height=\"1024\" srcset=\"https:\/\/rhombusleisten-montage.de\/wp-content\/uploads\/2018\/07\/IMG_0188-768x1024.jpg 768w, https:\/\/rhombusleisten-montage.de\/wp-content\/uploads\/2018\/07\/IMG_0188-225x300.jpg 225w, https:\/\/rhombusleisten-montage.de\/wp-content\/uploads\/2018\/07\/IMG_0188.jpg 1000w\" sizes=\"(max-width: 768px) 100vw, 768px\" alt=\"Kapps\u00e4ge\" loading=\"lazy\" \t\tclass=\"so-widget-image\"\/>\n\t<\/div>\n\n<\/div><\/div><\/div><div id=\"pgc-844-2-1\"  class=\"panel-grid-cell\" ><div id=\"panel-844-2-1-0\" class=\"so-panel widget widget_sow-image panel-first-child panel-last-child\" data-index=\"3\" ><div\n\t\t\t\n\t\t\tclass=\"so-widget-sow-image so-widget-sow-image-default-d6014b76747a-844\"\n\t\t\t\n\t\t>\n\n<div class=\"sow-image-container\">\n\t\t<img decoding=\"async\" src=\"https:\/\/rhombusleisten-montage.de\/wp-content\/uploads\/2018\/07\/Kappsaege-768x1024.jpg\" width=\"768\" height=\"1024\" srcset=\"https:\/\/rhombusleisten-montage.de\/wp-content\/uploads\/2018\/07\/Kappsaege-768x1024.jpg 768w, https:\/\/rhombusleisten-montage.de\/wp-content\/uploads\/2018\/07\/Kappsaege-225x300.jpg 225w, https:\/\/rhombusleisten-montage.de\/wp-content\/uploads\/2018\/07\/Kappsaege.jpg 1000w\" sizes=\"(max-width: 768px) 100vw, 768px\" alt=\"\" loading=\"lazy\" \t\tclass=\"so-widget-image\"\/>\n\t<\/div>\n\n<\/div><\/div><\/div><\/div><div id=\"pg-844-3\"  class=\"panel-grid panel-no-style\" ><div id=\"pgc-844-3-0\"  class=\"panel-grid-cell panel-grid-cell-empty\" ><\/div><\/div><\/div>","protected":false},"excerpt":{"rendered":"<p>Um die Rhombusleisten sauber im rechten Winkel abschneiden zu k\u00f6nnen sollte eine Kapps\u00e4ge oder eine Kapp- Zugs\u00e4ge verwendet werden.<\/p>\n","protected":false},"author":1,"featured_media":0,"parent":0,"menu_order":0,"comment_status":"closed","ping_status":"closed","template":"","meta":{"_monsterinsights_skip_tracking":false,"_monsterinsights_sitenote_active":false,"_monsterinsights_sitenote_note":"","_monsterinsights_sitenote_category":0,"footnotes":""},"aioseo_notices":[],"_links":{"self":[{"href":"https:\/\/rhombusleisten-montage.de\/index.php\/wp-json\/wp\/v2\/pages\/844"}],"collection":[{"href":"https:\/\/rhombusleisten-montage.de\/index.php\/wp-json\/wp\/v2\/pages"}],"about":[{"href":"https:\/\/rhombusleisten-montage.de\/index.php\/wp-json\/wp\/v2\/types\/page"}],"author":[{"embeddable":true,"href":"https:\/\/rhombusleisten-montage.de\/index.php\/wp-json\/wp\/v2\/users\/1"}],"replies":[{"embeddable":true,"href":"https:\/\/rhombusleisten-montage.de\/index.php\/wp-json\/wp\/v2\/comments?post=844"}],"version-history":[{"count":13,"href":"https:\/\/rhombusleisten-montage.de\/index.php\/wp-json\/wp\/v2\/pages\/844\/revisions"}],"predecessor-version":[{"id":1933,"href":"https:\/\/rhombusleisten-montage.de\/index.php\/wp-json\/wp\/v2\/pages\/844\/revisions\/1933"}],"wp:attachment":[{"href":"https:\/\/rhombusleisten-montage.de\/index.php\/wp-json\/wp\/v2\/media?parent=844"}],"curies":[{"name":"wp","href":"https:\/\/api.w.org\/{rel}","templated":true}]}}