{"id":840,"date":"2018-07-25T09:37:02","date_gmt":"2018-07-25T09:37:02","guid":{"rendered":"https:\/\/rhombusleisten-montage.de\/?page_id=840"},"modified":"2019-03-20T15:56:24","modified_gmt":"2019-03-20T15:56:24","slug":"biteinsatz","status":"publish","type":"page","link":"https:\/\/rhombusleisten-montage.de\/index.php\/biteinsatz\/","title":{"rendered":"Biteinsatz"},"content":{"rendered":"<div id=\"pl-840\"  class=\"panel-layout\" ><div id=\"pg-840-0\"  class=\"panel-grid panel-has-style\" ><div class=\"panel-row-style panel-row-style-for-840-0\" ><div id=\"pgc-840-0-0\"  class=\"panel-grid-cell\" ><div id=\"panel-840-0-0-0\" class=\"so-panel widget widget_sow-editor panel-first-child\" data-index=\"0\" ><div\n\t\t\t\n\t\t\tclass=\"so-widget-sow-editor so-widget-sow-editor-base\"\n\t\t\t\n\t\t>\n<div class=\"siteorigin-widget-tinymce textwidget\">\n\t<p>Um ein problemloses Arbeiten zu gew\u00e4hrleisten sollte ein passender Biteinsatz verwendet werden. Ein durchdrehen des Biteinsatzes im Schraubenkopf verursacht Sch\u00e4den an der Schraube und am Biteinsatz. Durch das durchdrehen des Biteinsatzes im Schraubenkopf werden auch Oberfl\u00e4chenbeschichtungen zerst\u00f6rt.<\/p>\n<p>Generell empfiehlt es sich einen Vielzahn Torxeinsatz zu verwenden. Dieser bietet eine ideale formschl\u00fcssige Verbindung zwischen Biteinsatz und Schraube. Viele Schraubenhersteller bieten f\u00fcr ihre Schrauben Biteins\u00e4tze f\u00fcr ihre Schraubenserien an.<\/p>\n<p>Spax Biteinsatz mit Zentrierung:<\/p>\n<\/div>\n<\/div><\/div><div id=\"panel-840-0-0-1\" class=\"so-panel widget widget_sow-image\" data-index=\"1\" ><div\n\t\t\t\n\t\t\tclass=\"so-widget-sow-image so-widget-sow-image-default-d6014b76747a-840\"\n\t\t\t\n\t\t>\n\n<div class=\"sow-image-container\">\n\t\t<img decoding=\"async\" src=\"https:\/\/rhombusleisten-montage.de\/wp-content\/uploads\/2018\/07\/IMG_0090-768x1024.jpg\" width=\"768\" height=\"1024\" srcset=\"https:\/\/rhombusleisten-montage.de\/wp-content\/uploads\/2018\/07\/IMG_0090-768x1024.jpg 768w, https:\/\/rhombusleisten-montage.de\/wp-content\/uploads\/2018\/07\/IMG_0090-225x300.jpg 225w, https:\/\/rhombusleisten-montage.de\/wp-content\/uploads\/2018\/07\/IMG_0090.jpg 1000w\" sizes=\"(max-width: 768px) 100vw, 768px\" title=\"Spax Bit Schrauben\" alt=\"Spax Bit Schrauben\" loading=\"lazy\" \t\tclass=\"so-widget-image\"\/>\n\t<\/div>\n\n<\/div><\/div><div id=\"panel-840-0-0-2\" class=\"widget_text so-panel widget widget_custom_html\" data-index=\"2\" ><div class=\"textwidget custom-html-widget\"><iframe style=\"width:120px;height:240px;\" marginwidth=\"0\" marginheight=\"0\" scrolling=\"no\" frameborder=\"0\" src=\"\/\/ws-eu.amazon-adsystem.com\/widgets\/q?ServiceVersion=20070822&OneJS=1&Operation=GetAdHtml&MarketPlace=DE&source=ac&ref=tf_til&ad_type=product_link&tracking_id=rhombusleiste-21&marketplace=amazon&region=DE&placement=B00MPQV5CY&asins=B00MPQV5CY&linkId=3033fc1ad94764992a4b5ec6878e1e4d&show_border=false&link_opens_in_new_window=false&price_color=333333&title_color=0066c0&bg_color=ffffff\">\n    <\/iframe><\/div><\/div><div id=\"panel-840-0-0-3\" class=\"so-panel widget widget_sow-editor\" data-index=\"3\" ><div\n\t\t\t\n\t\t\tclass=\"so-widget-sow-editor so-widget-sow-editor-base\"\n\t\t\t\n\t\t>\n<div class=\"siteorigin-widget-tinymce textwidget\">\n\t<p>Spax Senkkopfschrauben mit Zentrierung:<\/p>\n<\/div>\n<\/div><\/div><div id=\"panel-840-0-0-4\" class=\"so-panel widget widget_sow-image\" data-index=\"4\" ><div\n\t\t\t\n\t\t\tclass=\"so-widget-sow-image so-widget-sow-image-default-d6014b76747a-840\"\n\t\t\t\n\t\t>\n\n<div class=\"sow-image-container\">\n\t\t<img decoding=\"async\" src=\"https:\/\/rhombusleisten-montage.de\/wp-content\/uploads\/2018\/07\/5555-1024x943.jpg\" width=\"1024\" height=\"943\" srcset=\"https:\/\/rhombusleisten-montage.de\/wp-content\/uploads\/2018\/07\/5555-1024x943.jpg 1024w, https:\/\/rhombusleisten-montage.de\/wp-content\/uploads\/2018\/07\/5555-300x276.jpg 300w, https:\/\/rhombusleisten-montage.de\/wp-content\/uploads\/2018\/07\/5555-768x707.jpg 768w, https:\/\/rhombusleisten-montage.de\/wp-content\/uploads\/2018\/07\/5555.jpg 1500w\" sizes=\"(max-width: 1024px) 100vw, 1024px\" title=\"Schrauben Arten Rhombusleisten\" alt=\"Schrauben Arten Rhombusleisten\" loading=\"lazy\" \t\tclass=\"so-widget-image\"\/>\n\t<\/div>\n\n<\/div><\/div><div id=\"panel-840-0-0-5\" class=\"so-panel widget widget_sow-editor\" data-index=\"5\" ><div\n\t\t\t\n\t\t\tclass=\"so-widget-sow-editor so-widget-sow-editor-base\"\n\t\t\t\n\t\t>\n<div class=\"siteorigin-widget-tinymce textwidget\">\n\t<p>Spax Biteinsatz im Scharaubenkopf:<\/p>\n<\/div>\n<\/div><\/div><div id=\"panel-840-0-0-6\" class=\"so-panel widget widget_sow-image panel-last-child\" data-index=\"6\" ><div\n\t\t\t\n\t\t\tclass=\"so-widget-sow-image so-widget-sow-image-default-d6014b76747a-840\"\n\t\t\t\n\t\t>\n\n<div class=\"sow-image-container\">\n\t\t<img decoding=\"async\" src=\"https:\/\/rhombusleisten-montage.de\/wp-content\/uploads\/2018\/07\/IMG_0121-768x1024.jpg\" width=\"768\" height=\"1024\" srcset=\"https:\/\/rhombusleisten-montage.de\/wp-content\/uploads\/2018\/07\/IMG_0121-768x1024.jpg 768w, https:\/\/rhombusleisten-montage.de\/wp-content\/uploads\/2018\/07\/IMG_0121-225x300.jpg 225w, https:\/\/rhombusleisten-montage.de\/wp-content\/uploads\/2018\/07\/IMG_0121.jpg 1000w\" sizes=\"(max-width: 768px) 100vw, 768px\" title=\"Verschraubung\" alt=\"Verschraubung Rhombusleisten\" loading=\"lazy\" \t\tclass=\"so-widget-image\"\/>\n\t<\/div>\n\n<\/div><\/div><\/div><\/div><\/div><div id=\"pg-840-1\"  class=\"panel-grid panel-no-style\" ><div id=\"pgc-840-1-0\"  class=\"panel-grid-cell panel-grid-cell-empty\" ><\/div><\/div><div id=\"pg-840-2\"  class=\"panel-grid panel-no-style\" ><div id=\"pgc-840-2-0\"  class=\"panel-grid-cell panel-grid-cell-empty\" ><\/div><\/div><\/div>","protected":false},"excerpt":{"rendered":"<p>Um ein problemloses Arbeiten zu gew\u00e4hrleisten sollte ein passender Biteinsatz verwendet werden. Ein durchdrehen des Biteinsatzes im Schraubenkopf verursacht Sch\u00e4den an der Schraube und am Biteinsatz. Durch das durchdrehen des Biteinsatzes im Schraubenkopf werden auch Oberfl\u00e4chenbeschichtungen zerst\u00f6rt. Generell empfiehlt es sich einen Vielzahn Torxeinsatz zu verwenden. Dieser bietet eine ideale formschl\u00fcssige Verbindung zwischen Biteinsatz und&#8230;<\/p>\n<p class=\"more-link\"><a href=\"https:\/\/rhombusleisten-montage.de\/index.php\/biteinsatz\/\" class=\"themebutton3\">Read More<\/a><\/p>\n","protected":false},"author":1,"featured_media":0,"parent":0,"menu_order":0,"comment_status":"closed","ping_status":"closed","template":"","meta":{"_monsterinsights_skip_tracking":false,"_monsterinsights_sitenote_active":false,"_monsterinsights_sitenote_note":"","_monsterinsights_sitenote_category":0,"footnotes":""},"aioseo_notices":[],"_links":{"self":[{"href":"https:\/\/rhombusleisten-montage.de\/index.php\/wp-json\/wp\/v2\/pages\/840"}],"collection":[{"href":"https:\/\/rhombusleisten-montage.de\/index.php\/wp-json\/wp\/v2\/pages"}],"about":[{"href":"https:\/\/rhombusleisten-montage.de\/index.php\/wp-json\/wp\/v2\/types\/page"}],"author":[{"embeddable":true,"href":"https:\/\/rhombusleisten-montage.de\/index.php\/wp-json\/wp\/v2\/users\/1"}],"replies":[{"embeddable":true,"href":"https:\/\/rhombusleisten-montage.de\/index.php\/wp-json\/wp\/v2\/comments?post=840"}],"version-history":[{"count":13,"href":"https:\/\/rhombusleisten-montage.de\/index.php\/wp-json\/wp\/v2\/pages\/840\/revisions"}],"predecessor-version":[{"id":1937,"href":"https:\/\/rhombusleisten-montage.de\/index.php\/wp-json\/wp\/v2\/pages\/840\/revisions\/1937"}],"wp:attachment":[{"href":"https:\/\/rhombusleisten-montage.de\/index.php\/wp-json\/wp\/v2\/media?parent=840"}],"curies":[{"name":"wp","href":"https:\/\/api.w.org\/{rel}","templated":true}]}}