{"id":754,"date":"2018-07-24T15:03:40","date_gmt":"2018-07-24T15:03:40","guid":{"rendered":"https:\/\/rhombusleisten-montage.de\/?page_id=754"},"modified":"2019-03-21T14:54:56","modified_gmt":"2019-03-21T14:54:56","slug":"wilder-versatz-fallende-laengen","status":"publish","type":"page","link":"https:\/\/rhombusleisten-montage.de\/index.php\/wilder-versatz-fallende-laengen\/","title":{"rendered":"Wilder Versatz (fallende L\u00e4ngen)"},"content":{"rendered":"<div id=\"pl-754\"  class=\"panel-layout\" ><div id=\"pg-754-0\"  class=\"panel-grid panel-has-style\" ><div class=\"panel-row-style panel-row-style-for-754-0\" ><div id=\"pgc-754-0-0\"  class=\"panel-grid-cell\" ><div id=\"panel-754-0-0-0\" class=\"so-panel widget widget_sow-editor panel-first-child\" data-index=\"0\" ><div\n\t\t\t\n\t\t\tclass=\"so-widget-sow-editor so-widget-sow-editor-base\"\n\t\t\t\n\t\t>\n<div class=\"siteorigin-widget-tinymce textwidget\">\n\t<p>Beim wilden Versatz werden die L\u00e4ngen beliebig geschnitten und durcheinander montiert. \u00dcbereinanderliegende St\u00f6\u00dfe sollen vermieden werden um eine unregelm\u00e4\u00dfige Optik zu erhalten. Jede Rhombusleiste m(unbehandelt) altert im laufe der Zeit\u00a0 anders, dies ergibt ein buntes Gesamtbild.<\/p>\n<p>Die St\u00f6\u00dfe k\u00f6nnen mit oder ohne Verlegeabstand versehen werden. Falls Abstand zwischen den St\u00f6\u00dfen gelassen wird sollte dieser aus Gr\u00fcnden des konstruktiven Holzschutzes mindestens 8 mm betragen.<\/p>\n<\/div>\n<\/div><\/div><div id=\"panel-754-0-0-1\" class=\"so-panel widget widget_sow-image\" data-index=\"1\" ><div\n\t\t\t\n\t\t\tclass=\"so-widget-sow-image so-widget-sow-image-default-d6014b76747a-754\"\n\t\t\t\n\t\t>\n\n<div class=\"sow-image-container\">\n\t\t<img decoding=\"async\" src=\"https:\/\/rhombusleisten-montage.de\/wp-content\/uploads\/2018\/07\/WilderVersatz-1024x359.png\" width=\"1024\" height=\"359\" srcset=\"https:\/\/rhombusleisten-montage.de\/wp-content\/uploads\/2018\/07\/WilderVersatz-1024x359.png 1024w, https:\/\/rhombusleisten-montage.de\/wp-content\/uploads\/2018\/07\/WilderVersatz-300x105.png 300w, https:\/\/rhombusleisten-montage.de\/wp-content\/uploads\/2018\/07\/WilderVersatz-768x269.png 768w, https:\/\/rhombusleisten-montage.de\/wp-content\/uploads\/2018\/07\/WilderVersatz.png 1140w\" sizes=\"(max-width: 1024px) 100vw, 1024px\" alt=\"Wilder Versatz\" loading=\"lazy\" \t\tclass=\"so-widget-image\"\/>\n\t<\/div>\n\n<\/div><\/div><div id=\"panel-754-0-0-2\" class=\"so-panel widget widget_sow-editor panel-last-child\" data-index=\"2\" ><div\n\t\t\t\n\t\t\tclass=\"so-widget-sow-editor so-widget-sow-editor-base\"\n\t\t\t\n\t\t>\n<div class=\"siteorigin-widget-tinymce textwidget\">\n\t<p>Eichenholz Rhombus Fassade in wildem Versatz ohne Montageabstand zwischen den St\u00f6\u00dfen. Abstand zwischen den Rhombusleisten 8 mm:<\/p>\n<\/div>\n<\/div><\/div><\/div><\/div><\/div><div id=\"pg-754-1\"  class=\"panel-grid panel-no-style\" ><div id=\"pgc-754-1-0\"  class=\"panel-grid-cell\" ><div id=\"panel-754-1-0-0\" class=\"so-panel widget widget_sow-image panel-first-child panel-last-child\" data-index=\"3\" ><div\n\t\t\t\n\t\t\tclass=\"so-widget-sow-image so-widget-sow-image-default-d6014b76747a-754\"\n\t\t\t\n\t\t>\n\n<div class=\"sow-image-container\">\n\t\t<img decoding=\"async\" src=\"https:\/\/rhombusleisten-montage.de\/wp-content\/uploads\/2018\/07\/IMG_0154-768x1024.jpg\" width=\"768\" height=\"1024\" srcset=\"https:\/\/rhombusleisten-montage.de\/wp-content\/uploads\/2018\/07\/IMG_0154-768x1024.jpg 768w, https:\/\/rhombusleisten-montage.de\/wp-content\/uploads\/2018\/07\/IMG_0154-225x300.jpg 225w, https:\/\/rhombusleisten-montage.de\/wp-content\/uploads\/2018\/07\/IMG_0154.jpg 1000w\" sizes=\"(max-width: 768px) 100vw, 768px\" alt=\"Wilder Versatz\" loading=\"lazy\" \t\tclass=\"so-widget-image\"\/>\n\t<\/div>\n\n<\/div><\/div><\/div><div id=\"pgc-754-1-1\"  class=\"panel-grid-cell\" ><div id=\"panel-754-1-1-0\" class=\"widget_text so-panel widget widget_custom_html panel-first-child panel-last-child\" data-index=\"4\" ><div class=\"textwidget custom-html-widget\"><iframe style=\"width:120px;height:240px;\" marginwidth=\"0\" marginheight=\"0\" scrolling=\"no\" frameborder=\"0\" src=\"\/\/ws-eu.amazon-adsystem.com\/widgets\/q?ServiceVersion=20070822&OneJS=1&Operation=GetAdHtml&MarketPlace=DE&source=ac&ref=tf_til&ad_type=product_link&tracking_id=rhombusleiste-21&marketplace=amazon&region=DE&placement=B077ZJXCY1&asins=B077ZJXCY1&linkId=5b98d7a4f0b74c0532a043ae7b11bde6&show_border=false&link_opens_in_new_window=false&price_color=333333&title_color=0066c0&bg_color=ffffff\">\n    <\/iframe>\n\n<iframe style=\"width:120px;height:240px;\" marginwidth=\"0\" marginheight=\"0\" scrolling=\"no\" frameborder=\"0\" src=\"\/\/ws-eu.amazon-adsystem.com\/widgets\/q?ServiceVersion=20070822&OneJS=1&Operation=GetAdHtml&MarketPlace=DE&source=ac&ref=tf_til&ad_type=product_link&tracking_id=rhombusleiste-21&marketplace=amazon&region=DE&placement=B009AUVETW&asins=B009AUVETW&linkId=d27eba48838ef6f7f16ae4ff235895b5&show_border=false&link_opens_in_new_window=false&price_color=333333&title_color=0066c0&bg_color=ffffff\">\n    <\/iframe>\n\n<iframe style=\"width:120px;height:240px;\" marginwidth=\"0\" marginheight=\"0\" scrolling=\"no\" frameborder=\"0\" src=\"\/\/ws-eu.amazon-adsystem.com\/widgets\/q?ServiceVersion=20070822&OneJS=1&Operation=GetAdHtml&MarketPlace=DE&source=ac&ref=tf_til&ad_type=product_link&tracking_id=rhombusleiste-21&marketplace=amazon&region=DE&placement=B00P0V5IYW&asins=B00P0V5IYW&linkId=5db07e0d9c70911d388c48270be52500&show_border=false&link_opens_in_new_window=false&price_color=333333&title_color=0066c0&bg_color=ffffff\">\n    <\/iframe>\n<\/div><\/div><\/div><\/div><div id=\"pg-754-2\"  class=\"panel-grid panel-no-style\" ><div id=\"pgc-754-2-0\"  class=\"panel-grid-cell\" ><div id=\"panel-754-2-0-0\" class=\"so-panel widget widget_sow-image panel-first-child panel-last-child\" data-index=\"5\" ><div\n\t\t\t\n\t\t\tclass=\"so-widget-sow-image so-widget-sow-image-default-d6014b76747a-754\"\n\t\t\t\n\t\t>\n\n<div class=\"sow-image-container\">\n\t\t<img decoding=\"async\" src=\"https:\/\/rhombusleisten-montage.de\/wp-content\/uploads\/2018\/07\/IMG_9930-768x1024.jpg\" width=\"768\" height=\"1024\" srcset=\"https:\/\/rhombusleisten-montage.de\/wp-content\/uploads\/2018\/07\/IMG_9930-768x1024.jpg 768w, https:\/\/rhombusleisten-montage.de\/wp-content\/uploads\/2018\/07\/IMG_9930-225x300.jpg 225w, https:\/\/rhombusleisten-montage.de\/wp-content\/uploads\/2018\/07\/IMG_9930.jpg 1000w\" sizes=\"(max-width: 768px) 100vw, 768px\" alt=\"Wilder Versatz\" loading=\"lazy\" \t\tclass=\"so-widget-image\"\/>\n\t<\/div>\n\n<\/div><\/div><\/div><\/div><div id=\"pg-754-3\"  class=\"panel-grid panel-no-style\" ><div id=\"pgc-754-3-0\"  class=\"panel-grid-cell\" ><div id=\"panel-754-3-0-0\" class=\"widget_text so-panel widget widget_custom_html panel-first-child panel-last-child\" data-index=\"6\" ><div class=\"textwidget custom-html-widget\"><iframe style=\"width:120px;height:240px;\" marginwidth=\"0\" marginheight=\"0\" scrolling=\"no\" frameborder=\"0\" src=\"\/\/ws-eu.amazon-adsystem.com\/widgets\/q?ServiceVersion=20070822&OneJS=1&Operation=GetAdHtml&MarketPlace=DE&source=ac&ref=tf_til&ad_type=product_link&tracking_id=rhombusleiste-21&marketplace=amazon&region=DE&placement=B00N9ZXMBM&asins=B00N9ZXMBM&linkId=8ada8a07b284eba10b6399514bda9db8&show_border=false&link_opens_in_new_window=false&price_color=333333&title_color=0066c0&bg_color=ffffff\">\n    <\/iframe>\n\n<iframe style=\"width:120px;height:240px;\" marginwidth=\"0\" marginheight=\"0\" scrolling=\"no\" frameborder=\"0\" src=\"\/\/ws-eu.amazon-adsystem.com\/widgets\/q?ServiceVersion=20070822&OneJS=1&Operation=GetAdHtml&MarketPlace=DE&source=ac&ref=tf_til&ad_type=product_link&tracking_id=rhombusleiste-21&marketplace=amazon&region=DE&placement=B00MPQV5CY&asins=B00MPQV5CY&linkId=48eb8629c2e71ce7bf6be1d550b0b2de&show_border=false&link_opens_in_new_window=false&price_color=333333&title_color=0066c0&bg_color=ffffff\">\n    <\/iframe>\n\n<iframe style=\"width:120px;height:240px;\" marginwidth=\"0\" marginheight=\"0\" scrolling=\"no\" frameborder=\"0\" src=\"\/\/ws-eu.amazon-adsystem.com\/widgets\/q?ServiceVersion=20070822&OneJS=1&Operation=GetAdHtml&MarketPlace=DE&source=ac&ref=tf_til&ad_type=product_link&tracking_id=rhombusleiste-21&marketplace=amazon&region=DE&placement=B00BTG9D4I&asins=B00BTG9D4I&linkId=8ea22cc23faf04bc8d5516274ca01287&show_border=false&link_opens_in_new_window=false&price_color=333333&title_color=0066c0&bg_color=ffffff\">\n    <\/iframe>\n\n<iframe style=\"width:120px;height:240px;\" marginwidth=\"0\" marginheight=\"0\" scrolling=\"no\" frameborder=\"0\" src=\"\/\/ws-eu.amazon-adsystem.com\/widgets\/q?ServiceVersion=20070822&OneJS=1&Operation=GetAdHtml&MarketPlace=DE&source=ac&ref=tf_til&ad_type=product_link&tracking_id=rhombusleiste-21&marketplace=amazon&region=DE&placement=B01E7DVPBS&asins=B01E7DVPBS&linkId=ae963e76452f225086679583798ac47b&show_border=false&link_opens_in_new_window=false&price_color=333333&title_color=0066c0&bg_color=ffffff\">\n    <\/iframe>\n\n<iframe style=\"width:120px;height:240px;\" marginwidth=\"0\" marginheight=\"0\" scrolling=\"no\" frameborder=\"0\" src=\"\/\/ws-eu.amazon-adsystem.com\/widgets\/q?ServiceVersion=20070822&OneJS=1&Operation=GetAdHtml&MarketPlace=DE&source=ac&ref=tf_til&ad_type=product_link&tracking_id=rhombusleiste-21&marketplace=amazon&region=DE&placement=B01EIHZB0E&asins=B01EIHZB0E&linkId=3a957193c12b3bc552fc5c62e9c82b49&show_border=false&link_opens_in_new_window=false&price_color=333333&title_color=0066c0&bg_color=ffffff\">\n    <\/iframe>\n<\/div><\/div><\/div><\/div><\/div>","protected":false},"excerpt":{"rendered":"<p>Beim wilden Versatz werden die L\u00e4ngen beliebig geschnitten und durcheinander montiert. \u00dcbereinanderliegende St\u00f6\u00dfe sollen vermieden werden um eine unregelm\u00e4\u00dfige Optik zu erhalten. Jede Rhombusleiste m(unbehandelt) altert im laufe der Zeit\u00a0 anders, dies ergibt ein buntes Gesamtbild. Die St\u00f6\u00dfe k\u00f6nnen mit oder ohne Verlegeabstand versehen werden. Falls Abstand zwischen den St\u00f6\u00dfen gelassen wird sollte dieser aus&#8230;<\/p>\n<p class=\"more-link\"><a href=\"https:\/\/rhombusleisten-montage.de\/index.php\/wilder-versatz-fallende-laengen\/\" class=\"themebutton3\">Read More<\/a><\/p>\n","protected":false},"author":1,"featured_media":0,"parent":0,"menu_order":0,"comment_status":"closed","ping_status":"closed","template":"","meta":{"_monsterinsights_skip_tracking":false,"_monsterinsights_sitenote_active":false,"_monsterinsights_sitenote_note":"","_monsterinsights_sitenote_category":0,"footnotes":""},"aioseo_notices":[],"_links":{"self":[{"href":"https:\/\/rhombusleisten-montage.de\/index.php\/wp-json\/wp\/v2\/pages\/754"}],"collection":[{"href":"https:\/\/rhombusleisten-montage.de\/index.php\/wp-json\/wp\/v2\/pages"}],"about":[{"href":"https:\/\/rhombusleisten-montage.de\/index.php\/wp-json\/wp\/v2\/types\/page"}],"author":[{"embeddable":true,"href":"https:\/\/rhombusleisten-montage.de\/index.php\/wp-json\/wp\/v2\/users\/1"}],"replies":[{"embeddable":true,"href":"https:\/\/rhombusleisten-montage.de\/index.php\/wp-json\/wp\/v2\/comments?post=754"}],"version-history":[{"count":15,"href":"https:\/\/rhombusleisten-montage.de\/index.php\/wp-json\/wp\/v2\/pages\/754\/revisions"}],"predecessor-version":[{"id":2015,"href":"https:\/\/rhombusleisten-montage.de\/index.php\/wp-json\/wp\/v2\/pages\/754\/revisions\/2015"}],"wp:attachment":[{"href":"https:\/\/rhombusleisten-montage.de\/index.php\/wp-json\/wp\/v2\/media?parent=754"}],"curies":[{"name":"wp","href":"https:\/\/api.w.org\/{rel}","templated":true}]}}