{"id":736,"date":"2018-07-24T14:17:48","date_gmt":"2018-07-24T14:17:48","guid":{"rendered":"https:\/\/rhombusleisten-montage.de\/?page_id=736"},"modified":"2019-03-21T13:42:43","modified_gmt":"2019-03-21T13:42:43","slug":"parallel-versatz","status":"publish","type":"page","link":"https:\/\/rhombusleisten-montage.de\/index.php\/parallel-versatz\/","title":{"rendered":"Parallel Versatz"},"content":{"rendered":"<div id=\"pl-736\"  class=\"panel-layout\" ><div id=\"pg-736-0\"  class=\"panel-grid panel-has-style\" ><div class=\"panel-row-style panel-row-style-for-736-0\" ><div id=\"pgc-736-0-0\"  class=\"panel-grid-cell\" ><div id=\"panel-736-0-0-0\" class=\"so-panel widget widget_sow-editor panel-first-child\" data-index=\"0\" ><div\n\t\t\t\n\t\t\tclass=\"so-widget-sow-editor so-widget-sow-editor-base\"\n\t\t\t\n\t\t>\n<div class=\"siteorigin-widget-tinymce textwidget\">\n\t<p>Beim parallelen Versatz von Rhombusleisten werden St\u00f6\u00dfe \u00fcbereinander montiert. Die L\u00e4ngen der Rhombusleisten k\u00f6nnen gleich oder unterschiedlich sein. Die St\u00f6\u00dfe k\u00f6nnen mit oder ohne Verlegeabstand versehen werden. Falls Abstand zwischen den St\u00f6\u00dfen gelassen wird sollte dieser aus Gr\u00fcnden des <em>konstruktiven Holzschutzes<\/em>mindestens 8 mm betragen.<\/p>\n<\/div>\n<\/div><\/div><div id=\"panel-736-0-0-1\" class=\"so-panel widget widget_sow-image\" data-index=\"1\" ><div\n\t\t\t\n\t\t\tclass=\"so-widget-sow-image so-widget-sow-image-default-d6014b76747a-736\"\n\t\t\t\n\t\t>\n\n<div class=\"sow-image-container\">\n\t\t<img decoding=\"async\" src=\"https:\/\/rhombusleisten-montage.de\/wp-content\/uploads\/2018\/07\/ParallelVersatz.png\" width=\"1140\" height=\"400\" srcset=\"https:\/\/rhombusleisten-montage.de\/wp-content\/uploads\/2018\/07\/ParallelVersatz.png 1140w, https:\/\/rhombusleisten-montage.de\/wp-content\/uploads\/2018\/07\/ParallelVersatz-300x105.png 300w, https:\/\/rhombusleisten-montage.de\/wp-content\/uploads\/2018\/07\/ParallelVersatz-768x269.png 768w, https:\/\/rhombusleisten-montage.de\/wp-content\/uploads\/2018\/07\/ParallelVersatz-1024x359.png 1024w\" sizes=\"(max-width: 1140px) 100vw, 1140px\" alt=\"Parallel Versatz\" loading=\"lazy\" \t\tclass=\"so-widget-image\"\/>\n\t<\/div>\n\n<\/div><\/div><div id=\"panel-736-0-0-2\" class=\"so-panel widget widget_sow-editor panel-last-child\" data-index=\"2\" ><div\n\t\t\t\n\t\t\tclass=\"so-widget-sow-editor so-widget-sow-editor-base\"\n\t\t\t\n\t\t>\n<div class=\"siteorigin-widget-tinymce textwidget\">\n\t<p>Eichenholz Rhombus Fassade in parallel Versatz mit Montageabstand zwischen den St\u00f6\u00dfen. Abstand zwischen den Rhombusleisten und Sto\u00dfabstand 8 mm:<\/p>\n<\/div>\n<\/div><\/div><\/div><\/div><\/div><div id=\"pg-736-1\"  class=\"panel-grid panel-no-style\" ><div id=\"pgc-736-1-0\"  class=\"panel-grid-cell\" ><div id=\"panel-736-1-0-0\" class=\"so-panel widget widget_sow-image panel-first-child panel-last-child\" data-index=\"3\" ><div\n\t\t\t\n\t\t\tclass=\"so-widget-sow-image so-widget-sow-image-default-d6014b76747a-736\"\n\t\t\t\n\t\t>\n\n<div class=\"sow-image-container\">\n\t\t<img decoding=\"async\" src=\"https:\/\/rhombusleisten-montage.de\/wp-content\/uploads\/2018\/07\/parallelversatzbild.png\" width=\"545\" height=\"419\" srcset=\"https:\/\/rhombusleisten-montage.de\/wp-content\/uploads\/2018\/07\/parallelversatzbild.png 545w, https:\/\/rhombusleisten-montage.de\/wp-content\/uploads\/2018\/07\/parallelversatzbild-300x231.png 300w\" sizes=\"(max-width: 545px) 100vw, 545px\" alt=\"parallel versatz\" loading=\"lazy\" \t\tclass=\"so-widget-image\"\/>\n\t<\/div>\n\n<\/div><\/div><\/div><div id=\"pgc-736-1-1\"  class=\"panel-grid-cell\" ><div id=\"panel-736-1-1-0\" class=\"widget_text so-panel widget widget_custom_html panel-first-child panel-last-child\" data-index=\"4\" ><div class=\"textwidget custom-html-widget\"><iframe style=\"width:120px;height:240px;\" marginwidth=\"0\" marginheight=\"0\" scrolling=\"no\" frameborder=\"0\" src=\"\/\/ws-eu.amazon-adsystem.com\/widgets\/q?ServiceVersion=20070822&OneJS=1&Operation=GetAdHtml&MarketPlace=DE&source=ac&ref=tf_til&ad_type=product_link&tracking_id=rhombusleiste-21&marketplace=amazon&region=DE&placement=B07F863JC3&asins=B07F863JC3&linkId=6186bc578174816e4d8c0dd2bc139313&show_border=false&link_opens_in_new_window=false&price_color=333333&title_color=0066c0&bg_color=ffffff\">\n    <\/iframe>\n\n<iframe style=\"width:120px;height:240px;\" marginwidth=\"0\" marginheight=\"0\" scrolling=\"no\" frameborder=\"0\" src=\"\/\/ws-eu.amazon-adsystem.com\/widgets\/q?ServiceVersion=20070822&OneJS=1&Operation=GetAdHtml&MarketPlace=DE&source=ac&ref=tf_til&ad_type=product_link&tracking_id=rhombusleiste-21&marketplace=amazon&region=DE&placement=B078WVSVYS&asins=B078WVSVYS&linkId=a6440c618bfc6e0174d34778f5dd301d&show_border=false&link_opens_in_new_window=false&price_color=333333&title_color=0066c0&bg_color=ffffff\">\n    <\/iframe>\n\n<iframe style=\"width:120px;height:240px;\" marginwidth=\"0\" marginheight=\"0\" scrolling=\"no\" frameborder=\"0\" src=\"\/\/ws-eu.amazon-adsystem.com\/widgets\/q?ServiceVersion=20070822&OneJS=1&Operation=GetAdHtml&MarketPlace=DE&source=ac&ref=tf_til&ad_type=product_link&tracking_id=rhombusleiste-21&marketplace=amazon&region=DE&placement=B01IPF20GI&asins=B01IPF20GI&linkId=621f8a92a83d04007ec675e2a941f729&show_border=false&link_opens_in_new_window=false&price_color=333333&title_color=0066c0&bg_color=ffffff\">\n    <\/iframe>\n<\/div><\/div><\/div><\/div><\/div>","protected":false},"excerpt":{"rendered":"<p>Beim parallelen Versatz von Rhombusleisten werden St\u00f6\u00dfe \u00fcbereinander montiert. Die L\u00e4ngen der Rhombusleisten k\u00f6nnen gleich oder unterschiedlich sein. Die St\u00f6\u00dfe k\u00f6nnen mit oder ohne Verlegeabstand versehen werden. Falls Abstand zwischen den St\u00f6\u00dfen gelassen wird sollte dieser aus Gr\u00fcnden des konstruktiven Holzschutzesmindestens 8 mm betragen. Eichenholz Rhombus Fassade in parallel Versatz mit Montageabstand zwischen den St\u00f6\u00dfen&#8230;.<\/p>\n<p class=\"more-link\"><a href=\"https:\/\/rhombusleisten-montage.de\/index.php\/parallel-versatz\/\" class=\"themebutton3\">Read More<\/a><\/p>\n","protected":false},"author":1,"featured_media":0,"parent":0,"menu_order":0,"comment_status":"closed","ping_status":"closed","template":"","meta":{"_monsterinsights_skip_tracking":false,"_monsterinsights_sitenote_active":false,"_monsterinsights_sitenote_note":"","_monsterinsights_sitenote_category":0,"footnotes":""},"aioseo_notices":[],"_links":{"self":[{"href":"https:\/\/rhombusleisten-montage.de\/index.php\/wp-json\/wp\/v2\/pages\/736"}],"collection":[{"href":"https:\/\/rhombusleisten-montage.de\/index.php\/wp-json\/wp\/v2\/pages"}],"about":[{"href":"https:\/\/rhombusleisten-montage.de\/index.php\/wp-json\/wp\/v2\/types\/page"}],"author":[{"embeddable":true,"href":"https:\/\/rhombusleisten-montage.de\/index.php\/wp-json\/wp\/v2\/users\/1"}],"replies":[{"embeddable":true,"href":"https:\/\/rhombusleisten-montage.de\/index.php\/wp-json\/wp\/v2\/comments?post=736"}],"version-history":[{"count":14,"href":"https:\/\/rhombusleisten-montage.de\/index.php\/wp-json\/wp\/v2\/pages\/736\/revisions"}],"predecessor-version":[{"id":1955,"href":"https:\/\/rhombusleisten-montage.de\/index.php\/wp-json\/wp\/v2\/pages\/736\/revisions\/1955"}],"wp:attachment":[{"href":"https:\/\/rhombusleisten-montage.de\/index.php\/wp-json\/wp\/v2\/media?parent=736"}],"curies":[{"name":"wp","href":"https:\/\/api.w.org\/{rel}","templated":true}]}}