{"id":676,"date":"2018-07-24T13:03:33","date_gmt":"2018-07-24T13:03:33","guid":{"rendered":"https:\/\/rhombusleisten-montage.de\/?page_id=676"},"modified":"2021-10-10T12:32:39","modified_gmt":"2021-10-10T12:32:39","slug":"oelen","status":"publish","type":"page","link":"https:\/\/rhombusleisten-montage.de\/index.php\/oelen\/","title":{"rendered":"\u00d6len"},"content":{"rendered":"<div id=\"pl-676\"  class=\"panel-layout\" ><div id=\"pg-676-0\"  class=\"panel-grid panel-has-style\" ><div class=\"panel-row-style panel-row-style-for-676-0\" ><div id=\"pgc-676-0-0\"  class=\"panel-grid-cell\" ><div id=\"panel-676-0-0-0\" class=\"so-panel widget widget_sow-editor panel-first-child\" data-index=\"0\" ><div\n\t\t\t\n\t\t\tclass=\"so-widget-sow-editor so-widget-sow-editor-base\"\n\t\t\t\n\t\t>\n<div class=\"siteorigin-widget-tinymce textwidget\">\n\t<p>Holz\u00f6l hebt die Maserung des Holzes hervor und sch\u00fctzt das Holz.<br \/>\nMit dem richtigen \u00d6l k\u00f6nnen die Rhombusleisten sehr gut vor Witterungseinfl\u00fcssen gesch\u00fctzt werden.<br \/>\nGutes \u00d6l wird von Holz eingesogen und wirkt stark wasserabweisend. Somit bleibt das Holz trocken und ist vor F\u00e4ulnis und Pilzen gesch\u00fctzt. Auch die Rissbildung wird dadurch verringert. Gute \u00d6le sind mit einem UV- Schutz ausgestattet, somit vergraut und altert das Holz optisch viel langsamer als unbehandeltes Holz.<br \/>\nDas \u00d6l kann mit einem Pinsel, mit einem Tuch oder mit einer Rolle aufgetragen werden.<br \/>\nIst die Rhombusfassade stark der Witterung ausgesetzt sollte die Schutzschicht regelm\u00e4\u00dfig \u00fcberpr\u00fcft und nach Bedarf erneuert werden.<\/p>\n<p>Wir verwenden f\u00fcr diesen Zweck ausschlie\u00dflich Produkte von Complex wie Complex Hart\u00f6l, Complex Holzau\u00dfen\u00f6l und Complex L\u00e4rchen\u00f6l diese sind f\u00fcr diesen Einsatzzweck bestens geeignet. Complex Produkte sind im gut sortierten Einzelhandel oder auch online erh\u00e4ltlich.<\/p>\n<\/div>\n<\/div><\/div><div id=\"panel-676-0-0-1\" class=\"widget_text so-panel widget widget_custom_html panel-last-child\" data-index=\"1\" ><div class=\"textwidget custom-html-widget\"><iframe style=\"width:120px;height:240px;\" marginwidth=\"0\" marginheight=\"0\" scrolling=\"no\" frameborder=\"0\" src=\"\/\/ws-eu.amazon-adsystem.com\/widgets\/q?ServiceVersion=20070822&OneJS=1&Operation=GetAdHtml&MarketPlace=DE&source=ac&ref=tf_til&ad_type=product_link&tracking_id=rhombusleiste-21&marketplace=amazon&region=DE&placement=B06XRXCMF1&asins=B06XRXCMF1&linkId=5acc3fce8e1f88e12023d8b56012e78d&show_border=false&link_opens_in_new_window=false&price_color=333333&title_color=0066c0&bg_color=ffffff\">\n    <\/iframe><\/div><\/div><\/div><\/div><\/div><\/div>","protected":false},"excerpt":{"rendered":"<p>Holz\u00f6l hebt die Maserung des Holzes hervor und sch\u00fctzt das Holz. Mit dem richtigen \u00d6l k\u00f6nnen die Rhombusleisten sehr gut vor Witterungseinfl\u00fcssen gesch\u00fctzt werden. Gutes \u00d6l wird von Holz eingesogen und wirkt stark wasserabweisend. Somit bleibt das Holz trocken und ist vor F\u00e4ulnis und Pilzen gesch\u00fctzt. Auch die Rissbildung wird dadurch verringert. Gute \u00d6le sind&#8230;<\/p>\n<p class=\"more-link\"><a href=\"https:\/\/rhombusleisten-montage.de\/index.php\/oelen\/\" class=\"themebutton3\">Read More<\/a><\/p>\n","protected":false},"author":1,"featured_media":0,"parent":0,"menu_order":0,"comment_status":"closed","ping_status":"closed","template":"","meta":{"_monsterinsights_skip_tracking":false,"_monsterinsights_sitenote_active":false,"_monsterinsights_sitenote_note":"","_monsterinsights_sitenote_category":0,"footnotes":""},"aioseo_notices":[],"_links":{"self":[{"href":"https:\/\/rhombusleisten-montage.de\/index.php\/wp-json\/wp\/v2\/pages\/676"}],"collection":[{"href":"https:\/\/rhombusleisten-montage.de\/index.php\/wp-json\/wp\/v2\/pages"}],"about":[{"href":"https:\/\/rhombusleisten-montage.de\/index.php\/wp-json\/wp\/v2\/types\/page"}],"author":[{"embeddable":true,"href":"https:\/\/rhombusleisten-montage.de\/index.php\/wp-json\/wp\/v2\/users\/1"}],"replies":[{"embeddable":true,"href":"https:\/\/rhombusleisten-montage.de\/index.php\/wp-json\/wp\/v2\/comments?post=676"}],"version-history":[{"count":15,"href":"https:\/\/rhombusleisten-montage.de\/index.php\/wp-json\/wp\/v2\/pages\/676\/revisions"}],"predecessor-version":[{"id":2276,"href":"https:\/\/rhombusleisten-montage.de\/index.php\/wp-json\/wp\/v2\/pages\/676\/revisions\/2276"}],"wp:attachment":[{"href":"https:\/\/rhombusleisten-montage.de\/index.php\/wp-json\/wp\/v2\/media?parent=676"}],"curies":[{"name":"wp","href":"https:\/\/api.w.org\/{rel}","templated":true}]}}