{"id":659,"date":"2018-07-24T12:56:18","date_gmt":"2018-07-24T12:56:18","guid":{"rendered":"https:\/\/rhombusleisten-montage.de\/?page_id=659"},"modified":"2019-03-21T15:01:13","modified_gmt":"2019-03-21T15:01:13","slug":"lasieren","status":"publish","type":"page","link":"https:\/\/rhombusleisten-montage.de\/index.php\/lasieren\/","title":{"rendered":"Lasieren"},"content":{"rendered":"<div id=\"pl-659\"  class=\"panel-layout\" ><div id=\"pg-659-0\"  class=\"panel-grid panel-has-style\" ><div class=\"panel-row-style panel-row-style-for-659-0\" ><div id=\"pgc-659-0-0\"  class=\"panel-grid-cell\" ><div id=\"panel-659-0-0-0\" class=\"so-panel widget widget_sow-editor panel-first-child panel-last-child\" data-index=\"0\" ><div\n\t\t\t\n\t\t\tclass=\"so-widget-sow-editor so-widget-sow-editor-base\"\n\t\t\t\n\t\t>\n<div class=\"siteorigin-widget-tinymce textwidget\">\n\t<p>Eine Lasur hebt die Maserung des Holzes hervor und sch\u00fctzt das Holz. Im Gegensatz zum Lack verschwindet die Holzoptik nicht.<\/p>\n<p>Eine gute Lasur bildet eine Schutzschicht und wirkt stark wasserabweisend, ben\u00f6tigt keine Grundierung und sch\u00fctzt vor Bl\u00e4ue, Insekten und Witterungseinfl\u00fcssen. Gute Lasuren sind mit einem UV- Schutz ausgestattet, somit vergraut und altert das Holz optisch viel langsamer als unbehandeltes Holz.<\/p>\n<p>Die Lasur kann mit einem Pinsel aufgetragen werden oder die Rhombusleite kann im \u00d6l eingetaucht werden. Der Auftrag erfolgt in zwei Schichten. Ist die erste Schicht der Lasur getrocknet erfolgt ein Zwischenschliff mit Schleifpapier mit K\u00f6rnung 200. Danach wird der Schleifstaub entfernt und es wird ein zweites Mal Lasur aufgetragen.<\/p>\n<p>Wir verwenden f\u00fcr das Lasieren ausschlie\u00dflich Produkte von Complex, wie COMPLEX - Compactlasur HU 105 diese sind f\u00fcr diesen Einsatzzweck und f\u00fcr alle heimischen H\u00f6lzer bestens geeignet. Complex Produkte sind im gut sortierten Einzelhandel oder auch online erh\u00e4ltlich.<\/p>\n<\/div>\n<\/div><\/div><\/div><\/div><\/div><div id=\"pg-659-1\"  class=\"panel-grid panel-no-style\" ><div id=\"pgc-659-1-0\"  class=\"panel-grid-cell\" ><div id=\"panel-659-1-0-0\" class=\"widget_text so-panel widget widget_custom_html panel-first-child\" data-index=\"1\" ><div class=\"textwidget custom-html-widget\"><iframe style=\"width:120px;height:240px;\" marginwidth=\"0\" marginheight=\"0\" scrolling=\"no\" frameborder=\"0\" src=\"\/\/ws-eu.amazon-adsystem.com\/widgets\/q?ServiceVersion=20070822&OneJS=1&Operation=GetAdHtml&MarketPlace=DE&source=ac&ref=tf_til&ad_type=product_link&tracking_id=rhombusleiste-21&marketplace=amazon&region=DE&placement=B0104N4ALM&asins=B0104N4ALM&linkId=f9006437ac2dc808f51a867d3e9053ba&show_border=false&link_opens_in_new_window=false&price_color=333333&title_color=0066c0&bg_color=ffffff\">\n    <\/iframe>\n<iframe style=\"width:120px;height:240px;\" marginwidth=\"0\" marginheight=\"0\" scrolling=\"no\" frameborder=\"0\" src=\"\/\/ws-eu.amazon-adsystem.com\/widgets\/q?ServiceVersion=20070822&OneJS=1&Operation=GetAdHtml&MarketPlace=DE&source=ac&ref=tf_til&ad_type=product_link&tracking_id=rhombusleiste-21&marketplace=amazon&region=DE&placement=B00FDQABNC&asins=B00FDQABNC&linkId=7c2ba8bcf259c75d3d3ab7c3d573d678&show_border=false&link_opens_in_new_window=false&price_color=333333&title_color=0066c0&bg_color=ffffff\">\n    <\/iframe><\/div><\/div><div id=\"panel-659-1-0-1\" class=\"widget_text so-panel widget widget_custom_html panel-last-child\" data-index=\"2\" ><div class=\"textwidget custom-html-widget\"><iframe style=\"width:120px;height:240px;\" marginwidth=\"0\" marginheight=\"0\" scrolling=\"no\" frameborder=\"0\" src=\"\/\/ws-eu.amazon-adsystem.com\/widgets\/q?ServiceVersion=20070822&OneJS=1&Operation=GetAdHtml&MarketPlace=DE&source=ac&ref=tf_til&ad_type=product_link&tracking_id=rhombusleiste-21&marketplace=amazon&region=DE&placement=B00N9ZXMBM&asins=B00N9ZXMBM&linkId=8ada8a07b284eba10b6399514bda9db8&show_border=false&link_opens_in_new_window=false&price_color=333333&title_color=0066c0&bg_color=ffffff\">\n    <\/iframe>\n\n<iframe style=\"width:120px;height:240px;\" marginwidth=\"0\" marginheight=\"0\" scrolling=\"no\" frameborder=\"0\" src=\"\/\/ws-eu.amazon-adsystem.com\/widgets\/q?ServiceVersion=20070822&OneJS=1&Operation=GetAdHtml&MarketPlace=DE&source=ac&ref=tf_til&ad_type=product_link&tracking_id=rhombusleiste-21&marketplace=amazon&region=DE&placement=B00MPQV5CY&asins=B00MPQV5CY&linkId=48eb8629c2e71ce7bf6be1d550b0b2de&show_border=false&link_opens_in_new_window=false&price_color=333333&title_color=0066c0&bg_color=ffffff\">\n    <\/iframe>\n\n<iframe style=\"width:120px;height:240px;\" marginwidth=\"0\" marginheight=\"0\" scrolling=\"no\" frameborder=\"0\" src=\"\/\/ws-eu.amazon-adsystem.com\/widgets\/q?ServiceVersion=20070822&OneJS=1&Operation=GetAdHtml&MarketPlace=DE&source=ac&ref=tf_til&ad_type=product_link&tracking_id=rhombusleiste-21&marketplace=amazon&region=DE&placement=B00BTG9D4I&asins=B00BTG9D4I&linkId=8ea22cc23faf04bc8d5516274ca01287&show_border=false&link_opens_in_new_window=false&price_color=333333&title_color=0066c0&bg_color=ffffff\">\n    <\/iframe>\n\n<iframe style=\"width:120px;height:240px;\" marginwidth=\"0\" marginheight=\"0\" scrolling=\"no\" frameborder=\"0\" src=\"\/\/ws-eu.amazon-adsystem.com\/widgets\/q?ServiceVersion=20070822&OneJS=1&Operation=GetAdHtml&MarketPlace=DE&source=ac&ref=tf_til&ad_type=product_link&tracking_id=rhombusleiste-21&marketplace=amazon&region=DE&placement=B01E7DVPBS&asins=B01E7DVPBS&linkId=ae963e76452f225086679583798ac47b&show_border=false&link_opens_in_new_window=false&price_color=333333&title_color=0066c0&bg_color=ffffff\">\n    <\/iframe>\n\n<iframe style=\"width:120px;height:240px;\" marginwidth=\"0\" marginheight=\"0\" scrolling=\"no\" frameborder=\"0\" src=\"\/\/ws-eu.amazon-adsystem.com\/widgets\/q?ServiceVersion=20070822&OneJS=1&Operation=GetAdHtml&MarketPlace=DE&source=ac&ref=tf_til&ad_type=product_link&tracking_id=rhombusleiste-21&marketplace=amazon&region=DE&placement=B01EIHZB0E&asins=B01EIHZB0E&linkId=3a957193c12b3bc552fc5c62e9c82b49&show_border=false&link_opens_in_new_window=false&price_color=333333&title_color=0066c0&bg_color=ffffff\">\n    <\/iframe>\n<\/div><\/div><\/div><\/div><\/div>","protected":false},"excerpt":{"rendered":"<p>Eine Lasur hebt die Maserung des Holzes hervor und sch\u00fctzt das Holz. Im Gegensatz zum Lack verschwindet die Holzoptik nicht. Eine gute Lasur bildet eine Schutzschicht und wirkt stark wasserabweisend, ben\u00f6tigt keine Grundierung und sch\u00fctzt vor Bl\u00e4ue, Insekten und Witterungseinfl\u00fcssen. Gute Lasuren sind mit einem UV- Schutz ausgestattet, somit vergraut und altert das Holz optisch&#8230;<\/p>\n<p class=\"more-link\"><a href=\"https:\/\/rhombusleisten-montage.de\/index.php\/lasieren\/\" class=\"themebutton3\">Read More<\/a><\/p>\n","protected":false},"author":1,"featured_media":0,"parent":0,"menu_order":0,"comment_status":"closed","ping_status":"closed","template":"","meta":{"_monsterinsights_skip_tracking":false,"_monsterinsights_sitenote_active":false,"_monsterinsights_sitenote_note":"","_monsterinsights_sitenote_category":0,"footnotes":""},"aioseo_notices":[],"_links":{"self":[{"href":"https:\/\/rhombusleisten-montage.de\/index.php\/wp-json\/wp\/v2\/pages\/659"}],"collection":[{"href":"https:\/\/rhombusleisten-montage.de\/index.php\/wp-json\/wp\/v2\/pages"}],"about":[{"href":"https:\/\/rhombusleisten-montage.de\/index.php\/wp-json\/wp\/v2\/types\/page"}],"author":[{"embeddable":true,"href":"https:\/\/rhombusleisten-montage.de\/index.php\/wp-json\/wp\/v2\/users\/1"}],"replies":[{"embeddable":true,"href":"https:\/\/rhombusleisten-montage.de\/index.php\/wp-json\/wp\/v2\/comments?post=659"}],"version-history":[{"count":13,"href":"https:\/\/rhombusleisten-montage.de\/index.php\/wp-json\/wp\/v2\/pages\/659\/revisions"}],"predecessor-version":[{"id":2025,"href":"https:\/\/rhombusleisten-montage.de\/index.php\/wp-json\/wp\/v2\/pages\/659\/revisions\/2025"}],"wp:attachment":[{"href":"https:\/\/rhombusleisten-montage.de\/index.php\/wp-json\/wp\/v2\/media?parent=659"}],"curies":[{"name":"wp","href":"https:\/\/api.w.org\/{rel}","templated":true}]}}