{"id":438,"date":"2018-07-22T13:08:47","date_gmt":"2018-07-22T13:08:47","guid":{"rendered":"https:\/\/rhombusleisten-montage.de\/?page_id=438"},"modified":"2019-03-19T14:18:38","modified_gmt":"2019-03-19T14:18:38","slug":"unterspannbahn","status":"publish","type":"page","link":"https:\/\/rhombusleisten-montage.de\/index.php\/unterspannbahn\/","title":{"rendered":"Unterspannbahn"},"content":{"rendered":"<div id=\"pl-438\"  class=\"panel-layout\" ><div id=\"pg-438-0\"  class=\"panel-grid panel-has-style\" ><div class=\"panel-row-style panel-row-style-for-438-0\" ><div id=\"pgc-438-0-0\"  class=\"panel-grid-cell\" ><div id=\"panel-438-0-0-0\" class=\"so-panel widget widget_sow-headline panel-first-child\" data-index=\"0\" ><div\n\t\t\t\n\t\t\tclass=\"so-widget-sow-headline so-widget-sow-headline-default-9911b3d345e6-438\"\n\t\t\t\n\t\t><div class=\"sow-headline-container \">\n\t<h1 class='sow-headline'>Die richtige Unterspannbahn<\/h1>\t\t\t\t\t<div class=\"decoration\">\n\t\t\t\t\t\t<div class=\"decoration-inside\"><\/div>\n\t\t\t\t\t<\/div>\n\t\t\t\t\t<\/div><\/div><\/div><div id=\"panel-438-0-0-1\" class=\"so-panel widget widget_sow-editor\" data-index=\"1\" ><div\n\t\t\t\n\t\t\tclass=\"so-widget-sow-editor so-widget-sow-editor-base\"\n\t\t\t\n\t\t>\n<div class=\"siteorigin-widget-tinymce textwidget\">\n\t<p>Die Unterspannbahn hat auch die Aufgabe das Geb\u00e4ude von \u00e4u\u00dferen Einfl\u00fcssen zu sch\u00fctzen. Wenn die Rhombusleiten mit einem Montageabstand angebracht werden ist die Unterspannbahn der einzige \u00a0dauerhafte Schutz von Au\u00dfen hin zum Geb\u00e4ude. Die Unterspannbahn h\u00e4lt\u00a0 N\u00e4sse, Insekten und Schmutz vom Geb\u00e4ude ab. \u00a0Die Fassade ist Temperaturen von -20 bis +70\u00b0C ausgesetzt und unterliegt h\u00e4ufigen Temperaturschwankungen.<\/p>\n<p>Es sollte unbedingt darauf geachtet werden dass die Unterspannbahn folgende Eigenschaften aufweist um einen Dauerhaften Schutz zu bieten:<\/p>\n<\/div>\n<\/div><\/div><div id=\"panel-438-0-0-2\" class=\"so-panel widget widget_sow-features panel-last-child\" data-index=\"2\" ><div\n\t\t\t\n\t\t\tclass=\"so-widget-sow-features so-widget-sow-features-default-7506c54e6b90-438\"\n\t\t\t\n\t\t>\n<div class=\"sow-features-list sow-features-responsive\">\n\n\t\t\t\t\t\t<div\n\t\t\t\tclass=\"sow-features-feature sow-icon-container-position-top sow-features-feature-last-row\"\n\t\t\t\tstyle=\"display: flex; flex-direction: column; float: left; width: 20%;\"\n\t\t\t>\n\n\t\t\t\t\t\t\t\t<div\n\t\t\t\t\tclass=\"sow-icon-container sow-container-round\"\n                    style=\"color: #ffffff; \"\n\t\t\t\t\t>\n\t\t\t\t\t<span class=\"sow-icon-icomoon\" data-sow-icon=\"&#xe9d4;\"\n\t\tstyle=\"font-size: 30px; color: #af7215\" \n\t\taria-hidden=\"true\"><\/span>\t\t\t\t<\/div>\n\t\t\t\t\n\t\t\t\t<div class=\"textwidget\">\n\t\t\t\t\t\t\t\t\t\t\t<h5>\n\t\t\t\t\t\t\t\n\t\t\t\t\t\t\tUV- stabil\t\t\t\t\t\t\t\t\t\t\t\t\t<\/h5>\n\t\t\t\t\t\n\t\t\t\t\t\t\t\t\t\t\t<p>Schutz vor UV- Sch\u00e4digungen durch Sonneneinstrahlung<\/p>\n\t\t\t\t\t\n\t\t\t\t\t\t\t\t\t<\/div>\n\t\t\t\t\t\t\t<\/div>\n\n\t\t\t\t\t<div\n\t\t\t\tclass=\"sow-features-feature sow-icon-container-position-top sow-features-feature-last-row\"\n\t\t\t\tstyle=\"display: flex; flex-direction: column; float: left; width: 20%;\"\n\t\t\t>\n\n\t\t\t\t\t\t\t\t<div\n\t\t\t\t\tclass=\"sow-icon-container sow-container-round\"\n                    style=\"color: #ffffff; \"\n\t\t\t\t\t>\n\t\t\t\t\t<span class=\"sow-icon-typicons\" data-sow-icon=\"&#xe13c;\"\n\t\tstyle=\"font-size: 30px; color: #af7215\" \n\t\taria-hidden=\"true\"><\/span>\t\t\t\t<\/div>\n\t\t\t\t\n\t\t\t\t<div class=\"textwidget\">\n\t\t\t\t\t\t\t\t\t\t\t<h5>\n\t\t\t\t\t\t\t\n\t\t\t\t\t\t\tSchlagregendicht \t\t\t\t\t\t\t\t\t\t\t\t\t<\/h5>\n\t\t\t\t\t\n\t\t\t\t\t\t\t\t\t\t\t<p>um auch bei starkem Regen und seitlichem Regen Wasserdicht zu bleiben<\/p>\n\t\t\t\t\t\n\t\t\t\t\t\t\t\t\t<\/div>\n\t\t\t\t\t\t\t<\/div>\n\n\t\t\t\t\t<div\n\t\t\t\tclass=\"sow-features-feature sow-icon-container-position-top sow-features-feature-last-row\"\n\t\t\t\tstyle=\"display: flex; flex-direction: column; float: left; width: 20%;\"\n\t\t\t>\n\n\t\t\t\t\t\t\t\t<div\n\t\t\t\t\tclass=\"sow-icon-container sow-container-round\"\n                    style=\"color: #ffffff; \"\n\t\t\t\t\t>\n\t\t\t\t\t<span class=\"sow-icon-icomoon\" data-sow-icon=\"&#xe9d4;\"\n\t\tstyle=\"font-size: 30px; color: #af7215\" \n\t\taria-hidden=\"true\"><\/span>\t\t\t\t<\/div>\n\t\t\t\t\n\t\t\t\t<div class=\"textwidget\">\n\t\t\t\t\t\t\t\t\t\t\t<h5>\n\t\t\t\t\t\t\t\n\t\t\t\t\t\t\tHitzebest\u00e4ndig \t\t\t\t\t\t\t\t\t\t\t\t\t<\/h5>\n\t\t\t\t\t\n\t\t\t\t\t\t\t\t\t\t\t<p>im Sommer kann sich die Fassade \u00fcber 70\u00b0C aufheizen<\/p>\n\t\t\t\t\t\n\t\t\t\t\t\t\t\t\t<\/div>\n\t\t\t\t\t\t\t<\/div>\n\n\t\t\t\t\t<div\n\t\t\t\tclass=\"sow-features-feature sow-icon-container-position-top sow-features-feature-last-row\"\n\t\t\t\tstyle=\"display: flex; flex-direction: column; float: left; width: 20%;\"\n\t\t\t>\n\n\t\t\t\t\t\t\t\t<div\n\t\t\t\t\tclass=\"sow-icon-container sow-container-round\"\n                    style=\"color: #ffffff; \"\n\t\t\t\t\t>\n\t\t\t\t\t<span class=\"sow-icon-icomoon\" data-sow-icon=\"&#xe94d;\"\n\t\tstyle=\"font-size: 30px; color: #af7215\" \n\t\taria-hidden=\"true\"><\/span>\t\t\t\t<\/div>\n\t\t\t\t\n\t\t\t\t<div class=\"textwidget\">\n\t\t\t\t\t\t\t\t\t\t\t<h5>\n\t\t\t\t\t\t\t\n\t\t\t\t\t\t\tAlterungsbest\u00e4ndig  \t\t\t\t\t\t\t\t\t\t\t\t\t<\/h5>\n\t\t\t\t\t\n\t\t\t\t\t\t\t\t\t\t\t<p>dauerhafte Erhaltung der Eigenschaften<\/p>\n\t\t\t\t\t\n\t\t\t\t\t\t\t\t\t<\/div>\n\t\t\t\t\t\t\t<\/div>\n\n\t\t\t\t\t<div\n\t\t\t\tclass=\"sow-features-feature sow-icon-container-position-top sow-features-feature-last-row\"\n\t\t\t\tstyle=\"display: flex; flex-direction: column; float: left; width: 20%;\"\n\t\t\t>\n\n\t\t\t\t\t\t\t\t<div\n\t\t\t\t\tclass=\"sow-icon-container sow-container-round\"\n                    style=\"color: #ffffff; \"\n\t\t\t\t\t>\n\t\t\t\t\t<span class=\"sow-icon-icomoon\" data-sow-icon=\"&#xe982;\"\n\t\tstyle=\"font-size: 30px; color: #af7215\" \n\t\taria-hidden=\"true\"><\/span>\t\t\t\t<\/div>\n\t\t\t\t\n\t\t\t\t<div class=\"textwidget\">\n\t\t\t\t\t\t\t\t\t\t\t<h5>\n\t\t\t\t\t\t\t\n\t\t\t\t\t\t\tKlebestreifen\t\t\t\t\t\t\t\t\t\t\t\t\t<\/h5>\n\t\t\t\t\t\n\t\t\t\t\t\t\t\t\t\t\t<p>f\u00fcr eine dauerhafte Verbindung zwischen den Verlegebahnen<\/p>\n\t\t\t\t\t\n\t\t\t\t\t\t\t\t\t<\/div>\n\t\t\t\t\t\t\t<\/div>\n\n\t\t\t\n<\/div>\n<\/div><\/div><\/div><\/div><\/div><div id=\"pg-438-1\"  class=\"panel-grid panel-has-style\" ><div class=\"panel-row-style panel-row-style-for-438-1\" ><div id=\"pgc-438-1-0\"  class=\"panel-grid-cell\" ><div id=\"panel-438-1-0-0\" class=\"so-panel widget widget_sow-editor panel-first-child\" data-index=\"3\" ><div\n\t\t\t\n\t\t\tclass=\"so-widget-sow-editor so-widget-sow-editor-base\"\n\t\t\t\n\t\t>\n<div class=\"siteorigin-widget-tinymce textwidget\">\n\t<p>Unterspannbahnen die diese Eigenschaften nicht haben k\u00f6nnen schon nach kurzer Zeit zerst\u00f6rt werden und das Geb\u00e4ude wird nicht mehr ausreichend gesch\u00fctzt. Wird eine falsche Unterspannbahn verwendet kann diese schon nach zwei Jahren durch UV- Strahlung zerst\u00f6rt werden und aus der Fassade br\u00f6seln. Die Rhombusleisten m\u00fcssen dann komplett abschraubt werden und die Unterspannbahn erneuert werden.<\/p>\n<p>Zur Montage empfehlen wir einen Hand Tacker mit nicht zu langen Tackerklammern. Damit die Klammern vollst\u00e4ndig eindringen und dauerhaften halt bieten. Ein Schlagtacker sollte nicht verwendet werden, hier ist die Gefahr gro\u00df L\u00f6cher in die Unterspannbahn zu schlagen und die Bahn zu zerst\u00f6ren.<\/p>\n<p>&nbsp;<\/p>\n<p>Eine hochwertige Unterspannbahn kostet ca. 3,0 bis 5,0 \u20ac pro m\u00b2<\/p>\n<p>Produktempfehlung: Pavatex FBA Fassadenbahn, Delta Fassade plus, Ampack Ampatop F black (plus)<\/p>\n<\/div>\n<\/div><\/div><div id=\"panel-438-1-0-1\" class=\"widget_text so-panel widget widget_custom_html\" data-index=\"4\" ><div class=\"textwidget custom-html-widget\"><iframe style=\"width:120px;height:240px;\" marginwidth=\"0\" marginheight=\"0\" scrolling=\"no\" frameborder=\"0\" src=\"\/\/ws-eu.amazon-adsystem.com\/widgets\/q?ServiceVersion=20070822&OneJS=1&Operation=GetAdHtml&MarketPlace=DE&source=ac&ref=tf_til&ad_type=product_link&tracking_id=rhombusleiste-21&marketplace=amazon&region=DE&placement=B00GGRAL64&asins=B00GGRAL64&linkId=54b61130378dadf26c48753f042b2a24&show_border=false&link_opens_in_new_window=false&price_color=333333&title_color=0066c0&bg_color=ffffff\">\n    <\/iframe>\n<\/div><\/div><div id=\"panel-438-1-0-2\" class=\"so-panel widget widget_sow-editor\" data-index=\"5\" ><div\n\t\t\t\n\t\t\tclass=\"so-widget-sow-editor so-widget-sow-editor-base\"\n\t\t\t\n\t\t>\n<div class=\"siteorigin-widget-tinymce textwidget\">\n\t<p>G\u00fcnstige Varianten k\u00f6nnen bei geschlossener Montage ohne Abstand zwischen den Rhombusleiten verwendet werden. Sie sollten nur unbedingt diffusionsoffen sein. Diese bekommt man schon f\u00fcr 1,00 bis 1,5 \u20ac pro m2<\/p>\n<p>Produktempfehlung: Aquagart Unerspannbahn<\/p>\n<\/div>\n<\/div><\/div><div id=\"panel-438-1-0-3\" class=\"widget_text so-panel widget widget_custom_html panel-last-child\" data-index=\"6\" ><div class=\"textwidget custom-html-widget\"><iframe style=\"width:120px;height:240px;\" marginwidth=\"0\" marginheight=\"0\" scrolling=\"no\" frameborder=\"0\" src=\"\/\/ws-eu.amazon-adsystem.com\/widgets\/q?ServiceVersion=20070822&OneJS=1&Operation=GetAdHtml&MarketPlace=DE&source=ac&ref=tf_til&ad_type=product_link&tracking_id=rhombusleiste-21&marketplace=amazon&region=DE&placement=B01MYBT7B2&asins=B01MYBT7B2&linkId=ab62a462727d758ff59da4ab4c3e085f&show_border=false&link_opens_in_new_window=false&price_color=333333&title_color=0066c0&bg_color=ffffff\">\n    <\/iframe>\n<\/div><\/div><\/div><\/div><\/div><div id=\"pg-438-2\"  class=\"panel-grid panel-has-style\" ><div class=\"panel-row-style panel-row-style-for-438-2\" ><div id=\"pgc-438-2-0\"  class=\"panel-grid-cell panel-grid-cell-empty\" ><\/div><div id=\"pgc-438-2-1\"  class=\"panel-grid-cell panel-grid-cell-mobile-last\" ><div id=\"panel-438-2-1-0\" class=\"so-panel widget widget_sow-image panel-first-child\" data-index=\"7\" ><div\n\t\t\t\n\t\t\tclass=\"so-widget-sow-image so-widget-sow-image-default-d6014b76747a-438\"\n\t\t\t\n\t\t>\n\n<div class=\"sow-image-container\">\n\t\t<img decoding=\"async\" src=\"https:\/\/rhombusleisten-montage.de\/wp-content\/uploads\/2018\/07\/IMG_0078.jpg\" width=\"1000\" height=\"1333\" srcset=\"https:\/\/rhombusleisten-montage.de\/wp-content\/uploads\/2018\/07\/IMG_0078.jpg 1000w, https:\/\/rhombusleisten-montage.de\/wp-content\/uploads\/2018\/07\/IMG_0078-225x300.jpg 225w, https:\/\/rhombusleisten-montage.de\/wp-content\/uploads\/2018\/07\/IMG_0078-768x1024.jpg 768w\" sizes=\"(max-width: 1000px) 100vw, 1000px\" title=\"Unterspannbahn Rhombusleisten\" alt=\"Unterspannbahn Rhombusleisten\" loading=\"lazy\" \t\tclass=\"so-widget-image\"\/>\n\t<\/div>\n\n<\/div><\/div><div id=\"panel-438-2-1-1\" class=\"widget_text so-panel widget widget_custom_html\" data-index=\"8\" ><div class=\"textwidget custom-html-widget\"><iframe style=\"width:120px;height:240px;\" marginwidth=\"0\" marginheight=\"0\" scrolling=\"no\" frameborder=\"0\" src=\"\/\/ws-eu.amazon-adsystem.com\/widgets\/q?ServiceVersion=20070822&OneJS=1&Operation=GetAdHtml&MarketPlace=DE&source=ac&ref=tf_til&ad_type=product_link&tracking_id=rhombusleiste-21&marketplace=amazon&region=DE&placement=B00GGRAL64&asins=B00GGRAL64&linkId=54b61130378dadf26c48753f042b2a24&show_border=false&link_opens_in_new_window=false&price_color=333333&title_color=0066c0&bg_color=ffffff\">\n    <\/iframe>\n\n<iframe style=\"width:120px;height:240px;\" marginwidth=\"0\" marginheight=\"0\" scrolling=\"no\" frameborder=\"0\" src=\"\/\/ws-eu.amazon-adsystem.com\/widgets\/q?ServiceVersion=20070822&OneJS=1&Operation=GetAdHtml&MarketPlace=DE&source=ac&ref=tf_til&ad_type=product_link&tracking_id=rhombusleiste-21&marketplace=amazon&region=DE&placement=B01MYBT7B2&asins=B01MYBT7B2&linkId=d45ca7d2cb1906def362982c9213ef49&show_border=false&link_opens_in_new_window=false&price_color=333333&title_color=0066c0&bg_color=ffffff\">\n    <\/iframe>\n\n<iframe style=\"width:120px;height:240px;\" marginwidth=\"0\" marginheight=\"0\" scrolling=\"no\" frameborder=\"0\" src=\"\/\/ws-eu.amazon-adsystem.com\/widgets\/q?ServiceVersion=20070822&OneJS=1&Operation=GetAdHtml&MarketPlace=DE&source=ac&ref=tf_til&ad_type=product_link&tracking_id=rhombusleiste-21&marketplace=amazon&region=DE&placement=B00O33A4W4&asins=B00O33A4W4&linkId=923493b1e926a455132ae4b13743dc54&show_border=false&link_opens_in_new_window=false&price_color=333333&title_color=0066c0&bg_color=ffffff\">\n    <\/iframe>\n\n<iframe style=\"width:120px;height:240px;\" marginwidth=\"0\" marginheight=\"0\" scrolling=\"no\" frameborder=\"0\" src=\"\/\/ws-eu.amazon-adsystem.com\/widgets\/q?ServiceVersion=20070822&OneJS=1&Operation=GetAdHtml&MarketPlace=DE&source=ac&ref=tf_til&ad_type=product_link&tracking_id=rhombusleiste-21&marketplace=amazon&region=DE&placement=B018J2SG1K&asins=B018J2SG1K&linkId=53cc9c5cac0821782753a64910de37b4&show_border=false&link_opens_in_new_window=false&price_color=333333&title_color=0066c0&bg_color=ffffff\">\n    <\/iframe><\/div><\/div><div id=\"panel-438-2-1-2\" class=\"so-panel widget widget_sow-image\" data-index=\"9\" ><div\n\t\t\t\n\t\t\tclass=\"so-widget-sow-image so-widget-sow-image-default-d6014b76747a-438\"\n\t\t\t\n\t\t>\n\n<div class=\"sow-image-container\">\n\t\t<img decoding=\"async\" src=\"https:\/\/rhombusleisten-montage.de\/wp-content\/uploads\/2018\/07\/IMG_0250.jpg\" width=\"1000\" height=\"1333\" srcset=\"https:\/\/rhombusleisten-montage.de\/wp-content\/uploads\/2018\/07\/IMG_0250.jpg 1000w, https:\/\/rhombusleisten-montage.de\/wp-content\/uploads\/2018\/07\/IMG_0250-225x300.jpg 225w, https:\/\/rhombusleisten-montage.de\/wp-content\/uploads\/2018\/07\/IMG_0250-768x1024.jpg 768w\" sizes=\"(max-width: 1000px) 100vw, 1000px\" title=\"Unterspannbahn Rhombusleisten\" alt=\"Unterspannbahn Rhombusleisten\" loading=\"lazy\" \t\tclass=\"so-widget-image\"\/>\n\t<\/div>\n\n<\/div><\/div><div id=\"panel-438-2-1-3\" class=\"so-panel widget widget_sow-image\" data-index=\"10\" ><div\n\t\t\t\n\t\t\tclass=\"so-widget-sow-image so-widget-sow-image-default-d6014b76747a-438\"\n\t\t\t\n\t\t>\n\n<div class=\"sow-image-container\">\n\t\t<img decoding=\"async\" src=\"https:\/\/rhombusleisten-montage.de\/wp-content\/uploads\/2018\/07\/IMG_0235-1.jpg\" width=\"1000\" height=\"1333\" srcset=\"https:\/\/rhombusleisten-montage.de\/wp-content\/uploads\/2018\/07\/IMG_0235-1.jpg 1000w, https:\/\/rhombusleisten-montage.de\/wp-content\/uploads\/2018\/07\/IMG_0235-1-225x300.jpg 225w, https:\/\/rhombusleisten-montage.de\/wp-content\/uploads\/2018\/07\/IMG_0235-1-768x1024.jpg 768w\" sizes=\"(max-width: 1000px) 100vw, 1000px\" title=\"Temperatur Unterspannbahn\" alt=\"Temperatur Unterspannbahn\" loading=\"lazy\" \t\tclass=\"so-widget-image\"\/>\n\t<\/div>\n\n<\/div><\/div><div id=\"panel-438-2-1-4\" class=\"widget_text so-panel widget widget_custom_html panel-last-child\" data-index=\"11\" ><div class=\"textwidget custom-html-widget\"><iframe style=\"width:120px;height:240px;\" marginwidth=\"0\" marginheight=\"0\" scrolling=\"no\" frameborder=\"0\" src=\"\/\/ws-eu.amazon-adsystem.com\/widgets\/q?ServiceVersion=20070822&OneJS=1&Operation=GetAdHtml&MarketPlace=DE&source=ac&ref=tf_til&ad_type=product_link&tracking_id=rhombusleiste-21&marketplace=amazon&region=DE&placement=B01AT9TM3M&asins=B01AT9TM3M&linkId=080e705be718e02dbe0e9a16ef8051af&show_border=false&link_opens_in_new_window=false&price_color=333333&title_color=0066c0&bg_color=ffffff\">\n    <\/iframe><\/div><\/div><\/div><div id=\"pgc-438-2-2\"  class=\"panel-grid-cell panel-grid-cell-empty\" ><\/div><\/div><\/div><\/div>","protected":false},"excerpt":{"rendered":"<p>Die Unterspannbahn hat auch die Aufgabe das Geb\u00e4ude von \u00e4u\u00dferen Einfl\u00fcssen zu sch\u00fctzen. Wenn die Rhombusleiten mit einem Montageabstand angebracht werden ist die Unterspannbahn der einzige \u00a0dauerhafte Schutz von Au\u00dfen hin zum Geb\u00e4ude. Die Unterspannbahn h\u00e4lt\u00a0 N\u00e4sse, Insekten und Schmutz vom Geb\u00e4ude ab. \u00a0Die Fassade ist Temperaturen von -20 bis +70\u00b0C ausgesetzt und unterliegt h\u00e4ufigen&#8230;<\/p>\n<p class=\"more-link\"><a href=\"https:\/\/rhombusleisten-montage.de\/index.php\/unterspannbahn\/\" class=\"themebutton3\">Read More<\/a><\/p>\n","protected":false},"author":1,"featured_media":0,"parent":0,"menu_order":0,"comment_status":"closed","ping_status":"closed","template":"","meta":{"_monsterinsights_skip_tracking":false,"_monsterinsights_sitenote_active":false,"_monsterinsights_sitenote_note":"","_monsterinsights_sitenote_category":0,"footnotes":""},"aioseo_notices":[],"_links":{"self":[{"href":"https:\/\/rhombusleisten-montage.de\/index.php\/wp-json\/wp\/v2\/pages\/438"}],"collection":[{"href":"https:\/\/rhombusleisten-montage.de\/index.php\/wp-json\/wp\/v2\/pages"}],"about":[{"href":"https:\/\/rhombusleisten-montage.de\/index.php\/wp-json\/wp\/v2\/types\/page"}],"author":[{"embeddable":true,"href":"https:\/\/rhombusleisten-montage.de\/index.php\/wp-json\/wp\/v2\/users\/1"}],"replies":[{"embeddable":true,"href":"https:\/\/rhombusleisten-montage.de\/index.php\/wp-json\/wp\/v2\/comments?post=438"}],"version-history":[{"count":51,"href":"https:\/\/rhombusleisten-montage.de\/index.php\/wp-json\/wp\/v2\/pages\/438\/revisions"}],"predecessor-version":[{"id":1870,"href":"https:\/\/rhombusleisten-montage.de\/index.php\/wp-json\/wp\/v2\/pages\/438\/revisions\/1870"}],"wp:attachment":[{"href":"https:\/\/rhombusleisten-montage.de\/index.php\/wp-json\/wp\/v2\/media?parent=438"}],"curies":[{"name":"wp","href":"https:\/\/api.w.org\/{rel}","templated":true}]}}