{"id":436,"date":"2018-07-22T13:08:39","date_gmt":"2018-07-22T13:08:39","guid":{"rendered":"https:\/\/rhombusleisten-montage.de\/?page_id=436"},"modified":"2019-03-19T14:15:22","modified_gmt":"2019-03-19T14:15:22","slug":"unterlegplatten-aus-kunststoff","status":"publish","type":"page","link":"https:\/\/rhombusleisten-montage.de\/index.php\/unterlegplatten-aus-kunststoff\/","title":{"rendered":"Unterlegplatten aus Kunststoff"},"content":{"rendered":"<div id=\"pl-436\"  class=\"panel-layout\" ><div id=\"pg-436-0\"  class=\"panel-grid panel-has-style\" ><div class=\"panel-row-style panel-row-style-for-436-0\" ><div id=\"pgc-436-0-0\"  class=\"panel-grid-cell\" ><div id=\"panel-436-0-0-0\" class=\"so-panel widget widget_sow-editor panel-first-child\" data-index=\"0\" ><div\n\t\t\t\n\t\t\tclass=\"so-widget-sow-editor so-widget-sow-editor-base\"\n\t\t\t\n\t\t>\n<div class=\"siteorigin-widget-tinymce textwidget\">\n\t<p>Unterlegplatten aus Kunststoff verwendet man um Unebenheiten unter der Konterlattung auszugleichen. Die Kunststoffplatten sind in unterschiedlichen St\u00e4rken erh\u00e4ltlich und eigenen sich hervorragend f\u00fcr diesen Zweck.<\/p>\n<\/div>\n<\/div><\/div><div id=\"panel-436-0-0-1\" class=\"widget_text so-panel widget widget_custom_html panel-last-child\" data-index=\"1\" ><div class=\"textwidget custom-html-widget\">\n<iframe style=\"width:120px;height:240px;\" marginwidth=\"0\" marginheight=\"0\" scrolling=\"no\" frameborder=\"0\" src=\"\/\/ws-eu.amazon-adsystem.com\/widgets\/q?ServiceVersion=20070822&OneJS=1&Operation=GetAdHtml&MarketPlace=DE&source=ac&ref=tf_til&ad_type=product_link&tracking_id=rhombusleiste-21&marketplace=amazon&region=DE&placement=B072VN3CB7&asins=B072VN3CB7&linkId=5edbf9aacc6953907ea138ba6c52f04a&show_border=false&link_opens_in_new_window=false&price_color=333333&title_color=0066c0&bg_color=ffffff\">\n    <\/iframe>\n\n<iframe style=\"width:120px;height:240px;\" marginwidth=\"0\" marginheight=\"0\" scrolling=\"no\" frameborder=\"0\" src=\"\/\/ws-eu.amazon-adsystem.com\/widgets\/q?ServiceVersion=20070822&OneJS=1&Operation=GetAdHtml&MarketPlace=DE&source=ac&ref=tf_til&ad_type=product_link&tracking_id=rhombusleiste-21&marketplace=amazon&region=DE&placement=B01BUDPF14&asins=B01BUDPF14&linkId=41d16e6e07bdc7531c9afedad2b9b608&show_border=false&link_opens_in_new_window=false&price_color=333333&title_color=0066c0&bg_color=ffffff\">\n    <\/iframe>\n\n<iframe style=\"width:120px;height:240px;\" marginwidth=\"0\" marginheight=\"0\" scrolling=\"no\" frameborder=\"0\" src=\"\/\/ws-eu.amazon-adsystem.com\/widgets\/q?ServiceVersion=20070822&OneJS=1&Operation=GetAdHtml&MarketPlace=DE&source=ac&ref=tf_til&ad_type=product_link&tracking_id=rhombusleiste-21&marketplace=amazon&region=DE&placement=B071V7VF35&asins=B071V7VF35&linkId=dcda0d14eb712b28b5c453239c3f6a21&show_border=false&link_opens_in_new_window=false&price_color=333333&title_color=0066c0&bg_color=ffffff\">\n    <\/iframe><\/div><\/div><\/div><\/div><\/div><div id=\"pg-436-1\"  class=\"panel-grid panel-has-style\" ><div class=\"panel-row-style panel-row-style-for-436-1\" ><div id=\"pgc-436-1-0\"  class=\"panel-grid-cell\" ><div id=\"panel-436-1-0-0\" class=\"so-panel widget widget_sow-image panel-first-child panel-last-child\" data-index=\"2\" ><div\n\t\t\t\n\t\t\tclass=\"so-widget-sow-image so-widget-sow-image-default-d6014b76747a-436\"\n\t\t\t\n\t\t>\n\n<div class=\"sow-image-container\">\n\t\t<img decoding=\"async\" src=\"https:\/\/rhombusleisten-montage.de\/wp-content\/uploads\/2018\/07\/IMG_0211.jpg\" width=\"1000\" height=\"1333\" srcset=\"https:\/\/rhombusleisten-montage.de\/wp-content\/uploads\/2018\/07\/IMG_0211.jpg 1000w, https:\/\/rhombusleisten-montage.de\/wp-content\/uploads\/2018\/07\/IMG_0211-225x300.jpg 225w, https:\/\/rhombusleisten-montage.de\/wp-content\/uploads\/2018\/07\/IMG_0211-768x1024.jpg 768w\" sizes=\"(max-width: 1000px) 100vw, 1000px\" title=\"Unterbau Rhombusleisten\" alt=\"Unterbau Rhombusleisten\" loading=\"lazy\" \t\tclass=\"so-widget-image\"\/>\n\t<\/div>\n\n<\/div><\/div><\/div><\/div><\/div><div id=\"pg-436-2\"  class=\"panel-grid panel-no-style\" ><div id=\"pgc-436-2-0\"  class=\"panel-grid-cell\" ><div id=\"panel-436-2-0-0\" class=\"widget_text so-panel widget widget_custom_html panel-first-child panel-last-child\" data-index=\"3\" ><div class=\"textwidget custom-html-widget\"><iframe style=\"width:120px;height:240px;\" marginwidth=\"0\" marginheight=\"0\" scrolling=\"no\" frameborder=\"0\" src=\"\/\/ws-eu.amazon-adsystem.com\/widgets\/q?ServiceVersion=20070822&OneJS=1&Operation=GetAdHtml&MarketPlace=DE&source=ac&ref=tf_til&ad_type=product_link&tracking_id=rhombusleiste-21&marketplace=amazon&region=DE&placement=B00WKBWQ4U&asins=B00WKBWQ4U&linkId=256132334d0f14da01d91a238b4564f6&show_border=false&link_opens_in_new_window=false&price_color=333333&title_color=0066c0&bg_color=ffffff\">\n    <\/iframe>\n\n<iframe style=\"width:120px;height:240px;\" marginwidth=\"0\" marginheight=\"0\" scrolling=\"no\" frameborder=\"0\" src=\"\/\/ws-eu.amazon-adsystem.com\/widgets\/q?ServiceVersion=20070822&OneJS=1&Operation=GetAdHtml&MarketPlace=DE&source=ac&ref=tf_til&ad_type=product_link&tracking_id=rhombusleiste-21&marketplace=amazon&region=DE&placement=B007258O36&asins=B007258O36&linkId=57d5f28ed11e346c5edc20a018662d59&show_border=false&link_opens_in_new_window=false&price_color=333333&title_color=0066c0&bg_color=ffffff\">\n    <\/iframe><\/div><\/div><\/div><\/div><\/div>","protected":false},"excerpt":{"rendered":"<p>Unterlegplatten aus Kunststoff verwendet man um Unebenheiten unter der Konterlattung auszugleichen. Die Kunststoffplatten sind in unterschiedlichen St\u00e4rken erh\u00e4ltlich und eigenen sich hervorragend f\u00fcr diesen Zweck.<\/p>\n","protected":false},"author":1,"featured_media":0,"parent":0,"menu_order":0,"comment_status":"closed","ping_status":"closed","template":"","meta":{"_monsterinsights_skip_tracking":false,"_monsterinsights_sitenote_active":false,"_monsterinsights_sitenote_note":"","_monsterinsights_sitenote_category":0,"footnotes":""},"aioseo_notices":[],"_links":{"self":[{"href":"https:\/\/rhombusleisten-montage.de\/index.php\/wp-json\/wp\/v2\/pages\/436"}],"collection":[{"href":"https:\/\/rhombusleisten-montage.de\/index.php\/wp-json\/wp\/v2\/pages"}],"about":[{"href":"https:\/\/rhombusleisten-montage.de\/index.php\/wp-json\/wp\/v2\/types\/page"}],"author":[{"embeddable":true,"href":"https:\/\/rhombusleisten-montage.de\/index.php\/wp-json\/wp\/v2\/users\/1"}],"replies":[{"embeddable":true,"href":"https:\/\/rhombusleisten-montage.de\/index.php\/wp-json\/wp\/v2\/comments?post=436"}],"version-history":[{"count":16,"href":"https:\/\/rhombusleisten-montage.de\/index.php\/wp-json\/wp\/v2\/pages\/436\/revisions"}],"predecessor-version":[{"id":1866,"href":"https:\/\/rhombusleisten-montage.de\/index.php\/wp-json\/wp\/v2\/pages\/436\/revisions\/1866"}],"wp:attachment":[{"href":"https:\/\/rhombusleisten-montage.de\/index.php\/wp-json\/wp\/v2\/media?parent=436"}],"curies":[{"name":"wp","href":"https:\/\/api.w.org\/{rel}","templated":true}]}}