{"id":434,"date":"2018-07-22T13:08:34","date_gmt":"2018-07-22T13:08:34","guid":{"rendered":"https:\/\/rhombusleisten-montage.de\/?page_id=434"},"modified":"2024-06-23T09:30:41","modified_gmt":"2024-06-23T09:30:41","slug":"schrauben","status":"publish","type":"page","link":"https:\/\/rhombusleisten-montage.de\/index.php\/schrauben\/","title":{"rendered":"Schrauben"},"content":{"rendered":"<div id=\"pl-434\"  class=\"panel-layout\" ><div id=\"pg-434-0\"  class=\"panel-grid panel-has-style\" ><div class=\"panel-row-style panel-row-style-for-434-0\" ><div id=\"pgc-434-0-0\"  class=\"panel-grid-cell\" ><div id=\"panel-434-0-0-0\" class=\"so-panel widget widget_sow-headline panel-first-child\" data-index=\"0\" ><div\n\t\t\t\n\t\t\tclass=\"so-widget-sow-headline so-widget-sow-headline-default-9911b3d345e6-434\"\n\t\t\t\n\t\t><div class=\"sow-headline-container \">\n\t<h1 class='sow-headline'>Die richtigen Schrauben<\/h1>\t\t\t\t\t<div class=\"decoration\">\n\t\t\t\t\t\t<div class=\"decoration-inside\"><\/div>\n\t\t\t\t\t<\/div>\n\t\t\t\t\t<\/div><\/div><\/div><div id=\"panel-434-0-0-1\" class=\"so-panel widget widget_sow-image\" data-index=\"1\" ><div\n\t\t\t\n\t\t\tclass=\"so-widget-sow-image so-widget-sow-image-default-d6014b76747a-434\"\n\t\t\t\n\t\t>\n\n<div class=\"sow-image-container\">\n\t\t<img decoding=\"async\" src=\"https:\/\/rhombusleisten-montage.de\/wp-content\/uploads\/2018\/07\/IMG_0089.jpg\" width=\"1000\" height=\"1333\" srcset=\"https:\/\/rhombusleisten-montage.de\/wp-content\/uploads\/2018\/07\/IMG_0089.jpg 1000w, https:\/\/rhombusleisten-montage.de\/wp-content\/uploads\/2018\/07\/IMG_0089-225x300.jpg 225w, https:\/\/rhombusleisten-montage.de\/wp-content\/uploads\/2018\/07\/IMG_0089-768x1024.jpg 768w\" sizes=\"(max-width: 1000px) 100vw, 1000px\" title=\"Verschraubung Rhombusleisten\" alt=\"Verschraubung Rhombusleisten\" loading=\"lazy\" \t\tclass=\"so-widget-image\"\/>\n\t<\/div>\n\n<\/div><\/div><div id=\"panel-434-0-0-2\" class=\"so-panel widget widget_sow-editor\" data-index=\"2\" ><div\n\t\t\t\n\t\t\tclass=\"so-widget-sow-editor so-widget-sow-editor-base\"\n\t\t\t\n\t\t>\n<div class=\"siteorigin-widget-tinymce textwidget\">\n\t<p>F\u00fcr die Montage von Rhombusleisten sollten Senkkopfschrauben mit folgenden Eigenschaften verwendet werden:<\/p>\n<ul>\n<li><strong>- Senkkopf mit Fr\u00e4srippen<\/strong>\n<ul>\n<li>Der Senkkopf fr\u00e4st etwas Holz ab dadurch l\u00e4sst sich die Schrauben sauber versenken. Es ziehen sich keine Holzfasern mit unter den Senkkopf, diese werden durch die Fr\u00e4srippen abgeschnitten<\/li>\n<\/ul>\n<\/li>\n<li><strong>- Vielzahn (Torx) Schraubkopfkopf<\/strong>\n<ul>\n<li>F\u00fcr eine sichere formschl\u00fcssige Verbindung zwischen Schraubkopf und Schrauber sollte immer ein Vielzahn Bit verwendet werden<\/li>\n<\/ul>\n<\/li>\n<li><strong>- Material Edelstahl<\/strong>\n<ul>\n<li>Da die Schrauben im Au\u00dfenbereich eingesetzt werden sollten diese immer in Edelstahl gew\u00e4hlt werden. Nicht edle Metalle rosten und es laufen Roststreifen \u00fcber die Fassade. Bei H\u00f6lzern wie Robinie oder Eiche tritt Gerbs\u00e4ure aus die unedle Metalle angreifen und diese auf Dauer zerst\u00f6ren, hier sind Edelstahlschrauben (mindestens V2A, A2) ein Muss<\/li>\n<\/ul>\n<\/li>\n<li><strong>- Dimension 4,5 x 60 mm<\/strong>\n<ul>\n<li>Diese Dimension hat sich aufgrund der Haltbarkeit und des Anzugsmoment der durch die Schrauben aufgebracht werden kann am besten in der Praxis bew\u00e4hrt. Kleinere Dimensionen k\u00f6nnen bei wiederspenstigen Rhombusleisten bei der Montage durchdrehen oder auf Dauer auch ausrei\u00dfen<\/li>\n<\/ul>\n<\/li>\n<li><strong>- Bohrspitze<\/strong>\n<ul>\n<li>Ist die Schraube mit einer Bohrspitze ausgestattet kann man auf das Vorbohren verzichten. Die Bohrspitze nimmt Material das sp\u00e4ter die Ursache f\u00fcr das Rei\u00dfen der Rhombusleiste sein kann aus dem Holz. Bohrt man vor ist eine Bohrspitze kein Muss<\/li>\n<li><\/li>\n<\/ul>\n<\/li>\n<\/ul>\n<p>Wir verwenden aufgrund der idealen Eigenschaften f\u00fcr den Anwendungszweck Rhombusleistenmontage ausschlie\u00dflich diese zwei folgenden Schraubentypen:<\/p>\n<p>SPAX Fassadenschraube, Teilgewinde, Linsensenkkopf, T-STAR plus, CUT-Spitze, Edelstahl rostfrei A2, Dimension 4,5 x 60, <strong>kein vorbohren<\/strong><\/p>\n<\/div>\n<\/div><\/div><div id=\"panel-434-0-0-3\" class=\"so-panel widget widget_sow-image\" data-index=\"3\" ><div\n\t\t\t\n\t\t\tclass=\"so-widget-sow-image so-widget-sow-image-default-17bc2272b535-434\"\n\t\t\t\n\t\t>\n\n<div class=\"sow-image-container\">\n\t\t\t<a href=\"https:\/\/amzn.to\/3XwT41A\"\n\t\t\ttarget=\"_blank\" rel=\"noopener noreferrer\" \t\t>\n\t\t\t<img decoding=\"async\" src=\"https:\/\/m.media-amazon.com\/images\/I\/71MtsDOMgEL._AC_SL1500_.jpg\" width=\"150\" height=\"150\" title=\"Schrauben\" alt=\"\" loading=\"lazy\" \t\tclass=\"so-widget-image\"\/>\n\t<\/a><\/div>\n\n<\/div><\/div><div id=\"panel-434-0-0-4\" class=\"so-panel widget widget_sow-editor\" data-index=\"4\" ><div\n\t\t\t\n\t\t\tclass=\"so-widget-sow-editor so-widget-sow-editor-base\"\n\t\t\t\n\t\t>\n<div class=\"siteorigin-widget-tinymce textwidget\">\n\t<p id=\"title\" class=\"a-size-large a-spacing-none\" style=\"text-align: center;\"><strong><span id=\"productTitle\" class=\"a-size-large product-title-word-break\"><a href=\"https:\/\/amzn.to\/3Rtgxx2\" target=\"_blank\" rel=\"noopener\">Fassadenschraube, 4,5 x 60 mm, Teilgewinde, Linsensenkkopf, T-STAR plus T20, CUT-Spitze, Edelstahl rostfrei A2<\/a>*<\/span><\/strong><\/p>\n<\/div>\n<\/div><\/div><div id=\"panel-434-0-0-5\" class=\"so-panel widget widget_sow-button\" data-index=\"5\" ><div\n\t\t\t\n\t\t\tclass=\"so-widget-sow-button so-widget-sow-button-flat-63e5eb34bd62-434\"\n\t\t\t\n\t\t><div class=\"ow-button-base ow-button-align-center\">\n\t<a href=\"https:\/\/amzn.to\/3Rtgxx2\" class=\"ow-icon-placement-left ow-button-hover\" target=\"_blank\" rel=\"noopener noreferrer\" \t\t>\n\t\t<span>\n\t\t\t\n\t\t\tZu Amazon *\t\t<\/span>\n\t<\/a>\n<\/div>\n<\/div><\/div><div id=\"panel-434-0-0-6\" class=\"so-panel widget widget_sow-editor\" data-index=\"6\" ><div\n\t\t\t\n\t\t\tclass=\"so-widget-sow-editor so-widget-sow-editor-base\"\n\t\t\t\n\t\t>\n<div class=\"siteorigin-widget-tinymce textwidget\">\n\t<p>SPAX Fassadenschraube, Fixiergewinde, Linsensenkkopf, T-STAR plus, 4CUT, Edelstahl rostfrei A2 antik, Dimension 4,5 x 60, mit 4 mm, vorbohren n\u00f6tig<\/p>\n<\/div>\n<\/div><\/div><div id=\"panel-434-0-0-7\" class=\"so-panel widget widget_sow-image\" data-index=\"7\" ><div\n\t\t\t\n\t\t\tclass=\"so-widget-sow-image so-widget-sow-image-default-17bc2272b535-434\"\n\t\t\t\n\t\t>\n\n<div class=\"sow-image-container\">\n\t\t\t<a href=\"https:\/\/amzn.to\/3z1cLET\"\n\t\t\ttarget=\"_blank\" rel=\"noopener noreferrer\" \t\t>\n\t\t\t<img decoding=\"async\" src=\"https:\/\/m.media-amazon.com\/images\/I\/615YCkLsdcL._AC_SL1500_.jpg\" width=\"150\" height=\"150\" title=\"Schrauben\" alt=\"\" loading=\"lazy\" \t\tclass=\"so-widget-image\"\/>\n\t<\/a><\/div>\n\n<\/div><\/div><div id=\"panel-434-0-0-8\" class=\"so-panel widget widget_sow-editor\" data-index=\"8\" ><div\n\t\t\t\n\t\t\tclass=\"so-widget-sow-editor so-widget-sow-editor-base\"\n\t\t\t\n\t\t>\n<div class=\"siteorigin-widget-tinymce textwidget\">\n\t<p id=\"title\" class=\"a-size-large a-spacing-none\" style=\"text-align: center;\"><a href=\"https:\/\/amzn.to\/3z5evNn\" target=\"_blank\" rel=\"noopener\"><strong><span id=\"productTitle\" class=\"a-size-large product-title-word-break\">SPAX Fassadenschraube aus Edelstahl rostfrei A2, 4,5 x 60 mm, T-STAR plus, Reduzierter Linsensenkkopf, Fixiergewinde, 4CUT, antik *<\/span><\/strong><\/a><\/p>\n<\/div>\n<\/div><\/div><div id=\"panel-434-0-0-9\" class=\"so-panel widget widget_sow-button\" data-index=\"9\" ><div\n\t\t\t\n\t\t\tclass=\"so-widget-sow-button so-widget-sow-button-flat-63e5eb34bd62-434\"\n\t\t\t\n\t\t><div class=\"ow-button-base ow-button-align-center\">\n\t<a href=\"https:\/\/amzn.to\/3z5evNn\" class=\"ow-icon-placement-left ow-button-hover\" target=\"_blank\" rel=\"noopener noreferrer\" \t\t>\n\t\t<span>\n\t\t\t\n\t\t\tZu Amazon *\t\t<\/span>\n\t<\/a>\n<\/div>\n<\/div><\/div><div id=\"panel-434-0-0-10\" class=\"so-panel widget widget_sow-image\" data-index=\"10\" ><div\n\t\t\t\n\t\t\tclass=\"so-widget-sow-image so-widget-sow-image-default-d6014b76747a-434\"\n\t\t\t\n\t\t>\n\n<div class=\"sow-image-container\">\n\t\t<img decoding=\"async\" src=\"https:\/\/rhombusleisten-montage.de\/wp-content\/uploads\/2018\/07\/1000999.jpg\" width=\"1000\" height=\"548\" srcset=\"https:\/\/rhombusleisten-montage.de\/wp-content\/uploads\/2018\/07\/1000999.jpg 1000w, https:\/\/rhombusleisten-montage.de\/wp-content\/uploads\/2018\/07\/1000999-300x164.jpg 300w, https:\/\/rhombusleisten-montage.de\/wp-content\/uploads\/2018\/07\/1000999-768x421.jpg 768w\" sizes=\"(max-width: 1000px) 100vw, 1000px\" title=\"Schrauben Bild Rhombusleisten\" alt=\"Schrauben Bild Rhombusleisten\" loading=\"lazy\" \t\tclass=\"so-widget-image\"\/>\n\t<\/div>\n\n<\/div><\/div><div id=\"panel-434-0-0-11\" class=\"so-panel widget widget_sow-image\" data-index=\"11\" ><div\n\t\t\t\n\t\t\tclass=\"so-widget-sow-image so-widget-sow-image-default-d6014b76747a-434\"\n\t\t\t\n\t\t>\n\n<div class=\"sow-image-container\">\n\t\t<img decoding=\"async\" src=\"https:\/\/rhombusleisten-montage.de\/wp-content\/uploads\/2018\/07\/10009.jpg\" width=\"1000\" height=\"646\" srcset=\"https:\/\/rhombusleisten-montage.de\/wp-content\/uploads\/2018\/07\/10009.jpg 1000w, https:\/\/rhombusleisten-montage.de\/wp-content\/uploads\/2018\/07\/10009-300x194.jpg 300w, https:\/\/rhombusleisten-montage.de\/wp-content\/uploads\/2018\/07\/10009-768x496.jpg 768w\" sizes=\"(max-width: 1000px) 100vw, 1000px\" title=\"Arten Schrauben Rhombusleisten\" alt=\"Arten Schrauben Rhombusleisten\" loading=\"lazy\" \t\tclass=\"so-widget-image\"\/>\n\t<\/div>\n\n<\/div><\/div><div id=\"panel-434-0-0-12\" class=\"widget_text so-panel widget widget_custom_html\" data-index=\"12\" ><div class=\"textwidget custom-html-widget\"><iframe style=\"width:120px;height:240px;\" marginwidth=\"0\" marginheight=\"0\" scrolling=\"no\" frameborder=\"0\" src=\"\/\/ws-eu.amazon-adsystem.com\/widgets\/q?ServiceVersion=20070822&OneJS=1&Operation=GetAdHtml&MarketPlace=DE&source=ac&ref=tf_til&ad_type=product_link&tracking_id=rhombusleiste-21&marketplace=amazon&region=DE&placement=B00BTG6Z3K&asins=B00BTG6Z3K&linkId=bc2e14c08e4bb80ae4eb4d859d6f2bee&show_border=false&link_opens_in_new_window=false&price_color=333333&title_color=0066c0&bg_color=ffffff\">\n    <\/iframe>\n<iframe style=\"width:120px;height:240px;\" marginwidth=\"0\" marginheight=\"0\" scrolling=\"no\" frameborder=\"0\" src=\"\/\/ws-eu.amazon-adsystem.com\/widgets\/q?ServiceVersion=20070822&OneJS=1&Operation=GetAdHtml&MarketPlace=DE&source=ac&ref=tf_til&ad_type=product_link&tracking_id=rhombusleiste-21&marketplace=amazon&region=DE&placement=B00BTG98QG&asins=B00BTG98QG&linkId=fa1e0c59bd7f23398274493220b8f80e&show_border=false&link_opens_in_new_window=false&price_color=333333&title_color=0066c0&bg_color=ffffff\">\n    <\/iframe> \n<\/div><\/div><div id=\"panel-434-0-0-13\" class=\"so-panel widget widget_sow-image\" data-index=\"13\" ><div\n\t\t\t\n\t\t\tclass=\"so-widget-sow-image so-widget-sow-image-default-d6014b76747a-434\"\n\t\t\t\n\t\t>\n\n<div class=\"sow-image-container\">\n\t\t<img decoding=\"async\" src=\"https:\/\/rhombusleisten-montage.de\/wp-content\/uploads\/2018\/07\/5555.jpg\" width=\"1500\" height=\"1381\" srcset=\"https:\/\/rhombusleisten-montage.de\/wp-content\/uploads\/2018\/07\/5555.jpg 1500w, https:\/\/rhombusleisten-montage.de\/wp-content\/uploads\/2018\/07\/5555-300x276.jpg 300w, https:\/\/rhombusleisten-montage.de\/wp-content\/uploads\/2018\/07\/5555-768x707.jpg 768w, https:\/\/rhombusleisten-montage.de\/wp-content\/uploads\/2018\/07\/5555-1024x943.jpg 1024w\" sizes=\"(max-width: 1500px) 100vw, 1500px\" title=\"Schrauben Arten Rhombusleisten\" alt=\"Schrauben Arten Rhombusleisten\" loading=\"lazy\" \t\tclass=\"so-widget-image\"\/>\n\t<\/div>\n\n<\/div><\/div><div id=\"panel-434-0-0-14\" class=\"so-panel widget widget_sow-image\" data-index=\"14\" ><div\n\t\t\t\n\t\t\tclass=\"so-widget-sow-image so-widget-sow-image-default-d6014b76747a-434\"\n\t\t\t\n\t\t>\n\n<div class=\"sow-image-container\">\n\t\t<img decoding=\"async\" src=\"https:\/\/rhombusleisten-montage.de\/wp-content\/uploads\/2018\/07\/IMG_0073.jpg\" width=\"1000\" height=\"1333\" srcset=\"https:\/\/rhombusleisten-montage.de\/wp-content\/uploads\/2018\/07\/IMG_0073.jpg 1000w, https:\/\/rhombusleisten-montage.de\/wp-content\/uploads\/2018\/07\/IMG_0073-225x300.jpg 225w, https:\/\/rhombusleisten-montage.de\/wp-content\/uploads\/2018\/07\/IMG_0073-768x1024.jpg 768w\" sizes=\"(max-width: 1000px) 100vw, 1000px\" title=\"Schrauben Rhombusleisten\" alt=\"Schrauben Rhombusleisten\" loading=\"lazy\" \t\tclass=\"so-widget-image\"\/>\n\t<\/div>\n\n<\/div><\/div><div id=\"panel-434-0-0-15\" class=\"so-panel widget widget_sow-editor\" data-index=\"15\" ><div\n\t\t\t\n\t\t\tclass=\"so-widget-sow-editor so-widget-sow-editor-base\"\n\t\t\t\n\t\t>\n<div class=\"siteorigin-widget-tinymce textwidget\">\n\t<p>Um mit einem perfekt ineinandergreifenden System arbeiten zu k\u00f6nnen sollten die passenden Bit- Eins\u00e4tze zu den Schrauben gekauft werden. Ein Bit kostet um die 2 \u20ac. Diese kleine Investition lohnt sich, ein passender Bit erspart viel \u00c4rger bei der Montage, es gibt kein durchdrehen und keine Zerst\u00f6rung von Bit oder Schraube.<\/p>\n<\/div>\n<\/div><\/div><div id=\"panel-434-0-0-16\" class=\"so-panel widget widget_sow-image\" data-index=\"16\" ><div\n\t\t\t\n\t\t\tclass=\"so-widget-sow-image so-widget-sow-image-default-d6014b76747a-434\"\n\t\t\t\n\t\t>\n\n<div class=\"sow-image-container\">\n\t\t<img decoding=\"async\" src=\"https:\/\/rhombusleisten-montage.de\/wp-content\/uploads\/2018\/07\/IMG_0090.jpg\" width=\"1000\" height=\"1333\" srcset=\"https:\/\/rhombusleisten-montage.de\/wp-content\/uploads\/2018\/07\/IMG_0090.jpg 1000w, https:\/\/rhombusleisten-montage.de\/wp-content\/uploads\/2018\/07\/IMG_0090-225x300.jpg 225w, https:\/\/rhombusleisten-montage.de\/wp-content\/uploads\/2018\/07\/IMG_0090-768x1024.jpg 768w\" sizes=\"(max-width: 1000px) 100vw, 1000px\" title=\"Spax Bit Schrauben\" alt=\"Spax Bit Schrauben\" loading=\"lazy\" \t\tclass=\"so-widget-image\"\/>\n\t<\/div>\n\n<\/div><\/div><div id=\"panel-434-0-0-17\" class=\"so-panel widget widget_sow-image\" data-index=\"17\" ><div\n\t\t\t\n\t\t\tclass=\"so-widget-sow-image so-widget-sow-image-default-17bc2272b535-434\"\n\t\t\t\n\t\t>\n\n<div class=\"sow-image-container\">\n\t\t\t<a href=\"https:\/\/amzn.to\/4c7Ty2O\"\n\t\t\ttarget=\"_blank\" rel=\"noopener noreferrer\" \t\t>\n\t\t\t<img decoding=\"async\" src=\"https:\/\/m.media-amazon.com\/images\/I\/61CmkRGxe5L._AC_SL1500_.jpg\" width=\"100\" height=\"100\" title=\"Schrauben\" alt=\"\" loading=\"lazy\" \t\tclass=\"so-widget-image\"\/>\n\t<\/a><\/div>\n\n<\/div><\/div><div id=\"panel-434-0-0-18\" class=\"so-panel widget widget_sow-editor\" data-index=\"18\" ><div\n\t\t\t\n\t\t\tclass=\"so-widget-sow-editor so-widget-sow-editor-base\"\n\t\t\t\n\t\t>\n<div class=\"siteorigin-widget-tinymce textwidget\">\n\t<p style=\"text-align: center;\"><a href=\"https:\/\/amzn.to\/4cxnaq3\" target=\"_blank\" rel=\"noopener\"><strong><span id=\"productTitle\" class=\"a-size-large product-title-word-break\">SPAX Bit T-Star plus T20, 25 mm<\/span><\/strong><\/a><\/p>\n<\/div>\n<\/div><\/div><div id=\"panel-434-0-0-19\" class=\"so-panel widget widget_sow-button\" data-index=\"19\" ><div\n\t\t\t\n\t\t\tclass=\"so-widget-sow-button so-widget-sow-button-flat-63e5eb34bd62-434\"\n\t\t\t\n\t\t><div class=\"ow-button-base ow-button-align-center\">\n\t<a href=\"https:\/\/amzn.to\/4cxnaq3\" class=\"ow-icon-placement-left ow-button-hover\" target=\"_blank\" rel=\"noopener noreferrer\" \t\t>\n\t\t<span>\n\t\t\t\n\t\t\tZu Amazon *\t\t<\/span>\n\t<\/a>\n<\/div>\n<\/div><\/div><div id=\"panel-434-0-0-20\" class=\"so-panel widget widget_sow-image\" data-index=\"20\" ><div\n\t\t\t\n\t\t\tclass=\"so-widget-sow-image so-widget-sow-image-default-d6014b76747a-434\"\n\t\t\t\n\t\t>\n\n<div class=\"sow-image-container\">\n\t\t<img decoding=\"async\" src=\"https:\/\/rhombusleisten-montage.de\/wp-content\/uploads\/2018\/07\/IMG_0121.jpg\" width=\"1000\" height=\"1333\" srcset=\"https:\/\/rhombusleisten-montage.de\/wp-content\/uploads\/2018\/07\/IMG_0121.jpg 1000w, https:\/\/rhombusleisten-montage.de\/wp-content\/uploads\/2018\/07\/IMG_0121-225x300.jpg 225w, https:\/\/rhombusleisten-montage.de\/wp-content\/uploads\/2018\/07\/IMG_0121-768x1024.jpg 768w\" sizes=\"(max-width: 1000px) 100vw, 1000px\" title=\"Verschraubung\" alt=\"Verschraubung Rhombusleisten\" loading=\"lazy\" \t\tclass=\"so-widget-image\"\/>\n\t<\/div>\n\n<\/div><\/div><div id=\"panel-434-0-0-21\" class=\"so-panel widget widget_sow-editor\" data-index=\"21\" ><div\n\t\t\t\n\t\t\tclass=\"so-widget-sow-editor so-widget-sow-editor-base\"\n\t\t\t\n\t\t>\n<div class=\"siteorigin-widget-tinymce textwidget\">\n\t<p>Verzinkte Schrauben in Eichen Rhombusleisten, bereits nach wenigen Monaten beginnt die Gerbs\u00e4ure der Eiche das Metall anzugreifen<\/p>\n<\/div>\n<\/div><\/div><div id=\"panel-434-0-0-22\" class=\"so-panel widget widget_sow-image\" data-index=\"22\" ><div\n\t\t\t\n\t\t\tclass=\"so-widget-sow-image so-widget-sow-image-default-d6014b76747a-434\"\n\t\t\t\n\t\t>\n\n<div class=\"sow-image-container\">\n\t\t<img decoding=\"async\" src=\"https:\/\/rhombusleisten-montage.de\/wp-content\/uploads\/2018\/07\/666.jpg\" width=\"2625\" height=\"3496\" srcset=\"https:\/\/rhombusleisten-montage.de\/wp-content\/uploads\/2018\/07\/666.jpg 2625w, https:\/\/rhombusleisten-montage.de\/wp-content\/uploads\/2018\/07\/666-225x300.jpg 225w, https:\/\/rhombusleisten-montage.de\/wp-content\/uploads\/2018\/07\/666-768x1023.jpg 768w, https:\/\/rhombusleisten-montage.de\/wp-content\/uploads\/2018\/07\/666-769x1024.jpg 769w\" sizes=\"(max-width: 2625px) 100vw, 2625px\" title=\"Rhombusleisten Schrauben\" alt=\"Rhombusleisten Schrauben\" loading=\"lazy\" \t\tclass=\"so-widget-image\"\/>\n\t<\/div>\n\n<\/div><\/div><div id=\"panel-434-0-0-23\" class=\"so-panel widget widget_sow-editor\" data-index=\"23\" ><div\n\t\t\t\n\t\t\tclass=\"so-widget-sow-editor so-widget-sow-editor-base\"\n\t\t\t\n\t\t>\n<div class=\"siteorigin-widget-tinymce textwidget\">\n\t<p>Eichen Rhombusfassade mit SPAX Fassadenschraube, Fixiergewinde, Linsensenkkopf, T-STAR plus, 4CUT, Edelstahl rostfrei A2 antik<\/p>\n<\/div>\n<\/div><\/div><div id=\"panel-434-0-0-24\" class=\"so-panel widget widget_sow-image\" data-index=\"24\" ><div\n\t\t\t\n\t\t\tclass=\"so-widget-sow-image so-widget-sow-image-default-d6014b76747a-434\"\n\t\t\t\n\t\t>\n\n<div class=\"sow-image-container\">\n\t\t<img decoding=\"async\" src=\"https:\/\/rhombusleisten-montage.de\/wp-content\/uploads\/2018\/07\/777.jpg\" width=\"1000\" height=\"1333\" srcset=\"https:\/\/rhombusleisten-montage.de\/wp-content\/uploads\/2018\/07\/777.jpg 1000w, https:\/\/rhombusleisten-montage.de\/wp-content\/uploads\/2018\/07\/777-225x300.jpg 225w, https:\/\/rhombusleisten-montage.de\/wp-content\/uploads\/2018\/07\/777-768x1024.jpg 768w\" sizes=\"(max-width: 1000px) 100vw, 1000px\" title=\"Rhombusleisten\" alt=\"Rhombusleisten\" loading=\"lazy\" \t\tclass=\"so-widget-image\"\/>\n\t<\/div>\n\n<\/div><\/div><div id=\"panel-434-0-0-25\" class=\"so-panel widget widget_sow-editor\" data-index=\"25\" ><div\n\t\t\t\n\t\t\tclass=\"so-widget-sow-editor so-widget-sow-editor-base\"\n\t\t\t\n\t\t>\n<div class=\"siteorigin-widget-tinymce textwidget\">\n\t<p>SPAX Fassadenschraube, Fixiergewinde, Linsensenkkopf, T-STAR plus, 4CUT, Edelstahl rostfrei A2 antik in Eichenrhombusleisten<\/p>\n<\/div>\n<\/div><\/div><div id=\"panel-434-0-0-26\" class=\"so-panel widget widget_sow-image\" data-index=\"26\" ><div\n\t\t\t\n\t\t\tclass=\"so-widget-sow-image so-widget-sow-image-default-d6014b76747a-434\"\n\t\t\t\n\t\t>\n\n<div class=\"sow-image-container\">\n\t\t<img decoding=\"async\" src=\"https:\/\/rhombusleisten-montage.de\/wp-content\/uploads\/2018\/07\/888.jpg\" width=\"1000\" height=\"1183\" srcset=\"https:\/\/rhombusleisten-montage.de\/wp-content\/uploads\/2018\/07\/888.jpg 1000w, https:\/\/rhombusleisten-montage.de\/wp-content\/uploads\/2018\/07\/888-254x300.jpg 254w, https:\/\/rhombusleisten-montage.de\/wp-content\/uploads\/2018\/07\/888-768x909.jpg 768w, https:\/\/rhombusleisten-montage.de\/wp-content\/uploads\/2018\/07\/888-866x1024.jpg 866w\" sizes=\"(max-width: 1000px) 100vw, 1000px\" title=\"Verschraubung Rhombusleisten\" alt=\"Verschraubung Rhombusleisten\" loading=\"lazy\" \t\tclass=\"so-widget-image\"\/>\n\t<\/div>\n\n<\/div><\/div><div id=\"panel-434-0-0-27\" class=\"so-panel widget widget_sow-editor\" data-index=\"27\" ><div\n\t\t\t\n\t\t\tclass=\"so-widget-sow-editor so-widget-sow-editor-base\"\n\t\t\t\n\t\t>\n<div class=\"siteorigin-widget-tinymce textwidget\">\n\t<p>SPAX Fassadenschraube, Fixiergewinde, Linsensenkkopf, T-STAR plus, 4CUT, Edelstahl rostfrei A2 antik in verkohler Eichenfassade<\/p>\n<\/div>\n<\/div><\/div><div id=\"panel-434-0-0-28\" class=\"so-panel widget widget_sow-image panel-last-child\" data-index=\"28\" ><div\n\t\t\t\n\t\t\tclass=\"so-widget-sow-image so-widget-sow-image-default-d6014b76747a-434\"\n\t\t\t\n\t\t>\n\n<div class=\"sow-image-container\">\n\t\t<img decoding=\"async\" src=\"https:\/\/rhombusleisten-montage.de\/wp-content\/uploads\/2018\/07\/9999-1.jpg\" width=\"2621\" height=\"1791\" srcset=\"https:\/\/rhombusleisten-montage.de\/wp-content\/uploads\/2018\/07\/9999-1.jpg 2621w, https:\/\/rhombusleisten-montage.de\/wp-content\/uploads\/2018\/07\/9999-1-300x205.jpg 300w, https:\/\/rhombusleisten-montage.de\/wp-content\/uploads\/2018\/07\/9999-1-768x525.jpg 768w, https:\/\/rhombusleisten-montage.de\/wp-content\/uploads\/2018\/07\/9999-1-1024x700.jpg 1024w\" sizes=\"(max-width: 2621px) 100vw, 2621px\" title=\"Verschraubung Rhombusleisten\" alt=\"Verschraubung Rhombusleisten\" loading=\"lazy\" \t\tclass=\"so-widget-image\"\/>\n\t<\/div>\n\n<\/div><\/div><\/div><\/div><\/div><div id=\"pg-434-1\"  class=\"panel-grid panel-no-style\" ><div id=\"pgc-434-1-0\"  class=\"panel-grid-cell panel-grid-cell-empty\" ><\/div><\/div><div id=\"pg-434-2\"  class=\"panel-grid panel-no-style\" ><div id=\"pgc-434-2-0\"  class=\"panel-grid-cell\" ><div id=\"panel-434-2-0-0\" class=\"so-panel widget widget_sow-image panel-first-child\" data-index=\"29\" ><div\n\t\t\t\n\t\t\tclass=\"so-widget-sow-image so-widget-sow-image-default-17bc2272b535-434\"\n\t\t\t\n\t\t>\n\n<div class=\"sow-image-container\">\n\t\t\t<a href=\"https:\/\/amzn.to\/3z1cLET\"\n\t\t\ttarget=\"_blank\" rel=\"noopener noreferrer\" \t\t>\n\t\t\t<img decoding=\"async\" src=\"https:\/\/m.media-amazon.com\/images\/I\/615YCkLsdcL._AC_SL1500_.jpg\" width=\"150\" height=\"150\" title=\"Schrauben\" alt=\"\" loading=\"lazy\" \t\tclass=\"so-widget-image\"\/>\n\t<\/a><\/div>\n\n<\/div><\/div><div id=\"panel-434-2-0-1\" class=\"so-panel widget widget_sow-editor\" data-index=\"30\" ><div\n\t\t\t\n\t\t\tclass=\"so-widget-sow-editor so-widget-sow-editor-base\"\n\t\t\t\n\t\t>\n<div class=\"siteorigin-widget-tinymce textwidget\">\n\t<p id=\"title\" class=\"a-size-large a-spacing-none\" style=\"text-align: center;\"><a href=\"https:\/\/amzn.to\/3z5evNn\" target=\"_blank\" rel=\"noopener\"><strong><span id=\"productTitle\" class=\"a-size-large product-title-word-break\">SPAX Fassadenschraube aus Edelstahl rostfrei A2, 4,5 x 60 mm, T-STAR plus, Reduzierter Linsensenkkopf, Fixiergewinde, 4CUT, antik *<\/span><\/strong><\/a><\/p>\n<\/div>\n<\/div><\/div><div id=\"panel-434-2-0-2\" class=\"so-panel widget widget_sow-button panel-last-child\" data-index=\"31\" ><div\n\t\t\t\n\t\t\tclass=\"so-widget-sow-button so-widget-sow-button-flat-63e5eb34bd62-434\"\n\t\t\t\n\t\t><div class=\"ow-button-base ow-button-align-center\">\n\t<a href=\"https:\/\/amzn.to\/3z5evNn\" class=\"ow-icon-placement-left ow-button-hover\" target=\"_blank\" rel=\"noopener noreferrer\" \t\t>\n\t\t<span>\n\t\t\t\n\t\t\tZu Amazon *\t\t<\/span>\n\t<\/a>\n<\/div>\n<\/div><\/div><\/div><\/div><\/div>","protected":false},"excerpt":{"rendered":"<p>F\u00fcr die Montage von Rhombusleisten sollten Senkkopfschrauben mit folgenden Eigenschaften verwendet werden: &#8211; Senkkopf mit Fr\u00e4srippen Der Senkkopf fr\u00e4st etwas Holz ab dadurch l\u00e4sst sich die Schrauben sauber versenken. Es ziehen sich keine Holzfasern mit unter den Senkkopf, diese werden durch die Fr\u00e4srippen abgeschnitten &#8211; Vielzahn (Torx) Schraubkopfkopf F\u00fcr eine sichere formschl\u00fcssige Verbindung zwischen Schraubkopf&#8230;<\/p>\n<p class=\"more-link\"><a href=\"https:\/\/rhombusleisten-montage.de\/index.php\/schrauben\/\" class=\"themebutton3\">Read More<\/a><\/p>\n","protected":false},"author":1,"featured_media":0,"parent":0,"menu_order":0,"comment_status":"closed","ping_status":"closed","template":"","meta":{"_monsterinsights_skip_tracking":false,"_monsterinsights_sitenote_active":false,"_monsterinsights_sitenote_note":"","_monsterinsights_sitenote_category":0,"footnotes":""},"aioseo_notices":[],"_links":{"self":[{"href":"https:\/\/rhombusleisten-montage.de\/index.php\/wp-json\/wp\/v2\/pages\/434"}],"collection":[{"href":"https:\/\/rhombusleisten-montage.de\/index.php\/wp-json\/wp\/v2\/pages"}],"about":[{"href":"https:\/\/rhombusleisten-montage.de\/index.php\/wp-json\/wp\/v2\/types\/page"}],"author":[{"embeddable":true,"href":"https:\/\/rhombusleisten-montage.de\/index.php\/wp-json\/wp\/v2\/users\/1"}],"replies":[{"embeddable":true,"href":"https:\/\/rhombusleisten-montage.de\/index.php\/wp-json\/wp\/v2\/comments?post=434"}],"version-history":[{"count":102,"href":"https:\/\/rhombusleisten-montage.de\/index.php\/wp-json\/wp\/v2\/pages\/434\/revisions"}],"predecessor-version":[{"id":2337,"href":"https:\/\/rhombusleisten-montage.de\/index.php\/wp-json\/wp\/v2\/pages\/434\/revisions\/2337"}],"wp:attachment":[{"href":"https:\/\/rhombusleisten-montage.de\/index.php\/wp-json\/wp\/v2\/media?parent=434"}],"curies":[{"name":"wp","href":"https:\/\/api.w.org\/{rel}","templated":true}]}}