{"id":432,"date":"2018-07-22T13:08:17","date_gmt":"2018-07-22T13:08:17","guid":{"rendered":"https:\/\/rhombusleisten-montage.de\/?page_id=432"},"modified":"2021-04-07T09:10:09","modified_gmt":"2021-04-07T09:10:09","slug":"rhombusleisten","status":"publish","type":"page","link":"https:\/\/rhombusleisten-montage.de\/index.php\/rhombusleisten\/","title":{"rendered":"Rhombusleisten"},"content":{"rendered":"<div id=\"pl-432\"  class=\"panel-layout\" ><div id=\"pg-432-0\"  class=\"panel-grid panel-has-style\" ><div class=\"panel-row-style panel-row-style-for-432-0\" ><div id=\"pgc-432-0-0\"  class=\"panel-grid-cell\" ><div id=\"panel-432-0-0-0\" class=\"so-panel widget widget_sow-editor panel-first-child\" data-index=\"0\" ><div\n\t\t\t\n\t\t\tclass=\"so-widget-sow-editor so-widget-sow-editor-base\"\n\t\t\t\n\t\t>\n<div class=\"siteorigin-widget-tinymce textwidget\">\n\t<p>Rhombusleisten sind in verschieden Dimensionen und Holzsorten erh\u00e4ltlich. Es ist darauf zu achten dass das Rhombusprofil mindestens einen Winkel von 15\u00b0 aufweist damit Wasser leicht ablaufen kann. Rhombusleisten sind in den g\u00e4ngigsten heimischen Holzarten erh\u00e4ltlich. Hochwertige H\u00f6lzer wie Robinie, L\u00e4rche oder Eiche haben von Natur aus einen guten Schutz gegen Witterung und sind sehr gut f\u00fcr die Au\u00dfenmontage geeignet, daher kann auf den Einsatz von tropischen Holzarten verzichtet werden.\u00a0 Heimische H\u00f6lzer haben eine hervorragende \u00d6kobilanz, sind nachhaltig angepflanzt und sehr gut verf\u00fcgbar. Lange Transportwege entfallen ebenfalls.<\/p>\n<p>Der Preis variiert je nach Dimension, Qualit\u00e4t, Sortierung und den L\u00e4ngen der Rhombusleisten. Generell gilt umso reiner die Sortierung und umso l\u00e4nger die Leisten sind, desto h\u00f6her steigt der Preis. Vorbehandelte Rhombusleisten sind teurer, Lackiert, ge\u00f6lt, gestrichen, lasiert, geflammt, thermisch behandelt, impr\u00e4gniert, vorvergraut erh\u00e4ltlich. Hier k\u00f6nnen die Preise stark noch oben variieren.<\/p>\n<p>Es ist empfehlenswert eine gute Sortierung mit langen L\u00e4ngen zu w\u00e4hlen. Dies scheint auf den ersten Blick etwas teurer man spart aber daf\u00fcr sp\u00e4ter viel Zeit bei der Montage und Geld durch wenig Verschnitt. Es f\u00e4llt viel Arbeit durch aussortieren, ausschneiden, sauber schneiden, messen, abl\u00e4ngen, einrichten und montieren weg. Jeder Meter Verschnitt kostet bares Geld<\/p>\n<\/div>\n<\/div><\/div><div id=\"panel-432-0-0-1\" class=\"so-panel widget widget_sow-editor\" data-index=\"1\" ><div\n\t\t\t\n\t\t\tclass=\"so-widget-sow-editor so-widget-sow-editor-base\"\n\t\t\t\n\t\t>\n<div class=\"siteorigin-widget-tinymce textwidget\">\n\t<p>Gute Sortierung, wenig Holzfehler:<\/p>\n<\/div>\n<\/div><\/div><div id=\"panel-432-0-0-2\" class=\"so-panel widget widget_sow-image\" data-index=\"2\" ><div\n\t\t\t\n\t\t\tclass=\"so-widget-sow-image so-widget-sow-image-default-d6014b76747a-432\"\n\t\t\t\n\t\t>\n\n<div class=\"sow-image-container\">\n\t\t<img decoding=\"async\" src=\"https:\/\/rhombusleisten-montage.de\/wp-content\/uploads\/2018\/07\/IMG_0325.jpg\" width=\"1000\" height=\"1333\" srcset=\"https:\/\/rhombusleisten-montage.de\/wp-content\/uploads\/2018\/07\/IMG_0325.jpg 1000w, https:\/\/rhombusleisten-montage.de\/wp-content\/uploads\/2018\/07\/IMG_0325-225x300.jpg 225w, https:\/\/rhombusleisten-montage.de\/wp-content\/uploads\/2018\/07\/IMG_0325-768x1024.jpg 768w\" sizes=\"(max-width: 1000px) 100vw, 1000px\" title=\"Rhombusleisten\" alt=\"Rhombusleisten\" loading=\"lazy\" \t\tclass=\"so-widget-image\"\/>\n\t<\/div>\n\n<\/div><\/div><div id=\"panel-432-0-0-3\" class=\"so-panel widget widget_sow-editor\" data-index=\"3\" ><div\n\t\t\t\n\t\t\tclass=\"so-widget-sow-editor so-widget-sow-editor-base\"\n\t\t\t\n\t\t>\n<div class=\"siteorigin-widget-tinymce textwidget\">\n\t<p>Schlechte Sortierung, viele Risse, gro\u00dfe ausfallende Astl\u00f6cher, Splintholz:<\/p>\n<\/div>\n<\/div><\/div><div id=\"panel-432-0-0-4\" class=\"so-panel widget widget_sow-image\" data-index=\"4\" ><div\n\t\t\t\n\t\t\tclass=\"so-widget-sow-image so-widget-sow-image-default-d6014b76747a-432\"\n\t\t\t\n\t\t>\n\n<div class=\"sow-image-container\">\n\t\t<img decoding=\"async\" src=\"https:\/\/rhombusleisten-montage.de\/wp-content\/uploads\/2018\/07\/IMG_0206.jpg\" width=\"1000\" height=\"1333\" srcset=\"https:\/\/rhombusleisten-montage.de\/wp-content\/uploads\/2018\/07\/IMG_0206.jpg 1000w, https:\/\/rhombusleisten-montage.de\/wp-content\/uploads\/2018\/07\/IMG_0206-225x300.jpg 225w, https:\/\/rhombusleisten-montage.de\/wp-content\/uploads\/2018\/07\/IMG_0206-768x1024.jpg 768w\" sizes=\"(max-width: 1000px) 100vw, 1000px\" alt=\"Rhombusleisten\" loading=\"lazy\" \t\tclass=\"so-widget-image\"\/>\n\t<\/div>\n\n<\/div><\/div><div id=\"panel-432-0-0-5\" class=\"so-panel widget widget_sow-editor\" data-index=\"5\" ><div\n\t\t\t\n\t\t\tclass=\"so-widget-sow-editor so-widget-sow-editor-base\"\n\t\t\t\n\t\t>\n<div class=\"siteorigin-widget-tinymce textwidget\">\n\t<p>Verschnitt bei schlechter Holzqualit\u00e4t:<\/p>\n<\/div>\n<\/div><\/div><div id=\"panel-432-0-0-6\" class=\"so-panel widget widget_sow-image panel-last-child\" data-index=\"6\" ><div\n\t\t\t\n\t\t\tclass=\"so-widget-sow-image so-widget-sow-image-default-d6014b76747a-432\"\n\t\t\t\n\t\t>\n\n<div class=\"sow-image-container\">\n\t\t<img decoding=\"async\" src=\"https:\/\/rhombusleisten-montage.de\/wp-content\/uploads\/2018\/07\/222.jpg\" width=\"1000\" height=\"1333\" srcset=\"https:\/\/rhombusleisten-montage.de\/wp-content\/uploads\/2018\/07\/222.jpg 1000w, https:\/\/rhombusleisten-montage.de\/wp-content\/uploads\/2018\/07\/222-225x300.jpg 225w, https:\/\/rhombusleisten-montage.de\/wp-content\/uploads\/2018\/07\/222-768x1024.jpg 768w\" sizes=\"(max-width: 1000px) 100vw, 1000px\" title=\"Rhombusleisten\" alt=\"Rhombusleisten\" loading=\"lazy\" \t\tclass=\"so-widget-image\"\/>\n\t<\/div>\n\n<\/div><\/div><\/div><\/div><\/div><div id=\"pg-432-1\"  class=\"panel-grid panel-no-style\" ><div id=\"pgc-432-1-0\"  class=\"panel-grid-cell\" ><div id=\"panel-432-1-0-0\" class=\"widget_text so-panel widget widget_custom_html panel-first-child panel-last-child\" data-index=\"7\" ><h3 class=\"widget-title\">Eine gro\u00dfe Auswahl an Rhombusleisten finden Sie hier:<\/h3><div class=\"textwidget custom-html-widget\"><a target=\"_self\" href=\"https:\/\/ebay.us\/Z0bvYX\" rel=\"noopener\">https:\/\/ebay.us\/Z0bvYX<\/a><img decoding=\"async\" style=\"text-decoration:none;border:0;padding:0;margin:0;\" src=\"https:\/\/www.ebayadservices.com\/marketingtracking\/v1\/impression?mpt=[CACHEBUSTER]&mkcid=1&mkrid=707-53477-19255-0&mkevt=2&siteid=77&campid=5338457690&ad_type=0&toolid=20012&customid=Rhombusleisten\"><\/div><\/div><\/div><\/div><\/div>","protected":false},"excerpt":{"rendered":"<p>Rhombusleisten sind in verschieden Dimensionen und Holzsorten erh\u00e4ltlich. Es ist darauf zu achten dass das Rhombusprofil mindestens einen Winkel von 15\u00b0 aufweist damit Wasser leicht ablaufen kann. Rhombusleisten sind in den g\u00e4ngigsten heimischen Holzarten erh\u00e4ltlich. Hochwertige H\u00f6lzer wie Robinie, L\u00e4rche oder Eiche haben von Natur aus einen guten Schutz gegen Witterung und sind sehr gut&#8230;<\/p>\n<p class=\"more-link\"><a href=\"https:\/\/rhombusleisten-montage.de\/index.php\/rhombusleisten\/\" class=\"themebutton3\">Read More<\/a><\/p>\n","protected":false},"author":1,"featured_media":0,"parent":0,"menu_order":0,"comment_status":"closed","ping_status":"closed","template":"","meta":{"_monsterinsights_skip_tracking":false,"_monsterinsights_sitenote_active":false,"_monsterinsights_sitenote_note":"","_monsterinsights_sitenote_category":0,"footnotes":""},"aioseo_notices":[],"_links":{"self":[{"href":"https:\/\/rhombusleisten-montage.de\/index.php\/wp-json\/wp\/v2\/pages\/432"}],"collection":[{"href":"https:\/\/rhombusleisten-montage.de\/index.php\/wp-json\/wp\/v2\/pages"}],"about":[{"href":"https:\/\/rhombusleisten-montage.de\/index.php\/wp-json\/wp\/v2\/types\/page"}],"author":[{"embeddable":true,"href":"https:\/\/rhombusleisten-montage.de\/index.php\/wp-json\/wp\/v2\/users\/1"}],"replies":[{"embeddable":true,"href":"https:\/\/rhombusleisten-montage.de\/index.php\/wp-json\/wp\/v2\/comments?post=432"}],"version-history":[{"count":32,"href":"https:\/\/rhombusleisten-montage.de\/index.php\/wp-json\/wp\/v2\/pages\/432\/revisions"}],"predecessor-version":[{"id":2246,"href":"https:\/\/rhombusleisten-montage.de\/index.php\/wp-json\/wp\/v2\/pages\/432\/revisions\/2246"}],"wp:attachment":[{"href":"https:\/\/rhombusleisten-montage.de\/index.php\/wp-json\/wp\/v2\/media?parent=432"}],"curies":[{"name":"wp","href":"https:\/\/api.w.org\/{rel}","templated":true}]}}