{"id":430,"date":"2018-07-22T13:08:08","date_gmt":"2018-07-22T13:08:08","guid":{"rendered":"https:\/\/rhombusleisten-montage.de\/?page_id=430"},"modified":"2019-03-20T15:28:00","modified_gmt":"2019-03-20T15:28:00","slug":"konterlattung","status":"publish","type":"page","link":"https:\/\/rhombusleisten-montage.de\/index.php\/konterlattung\/","title":{"rendered":"Konterlattung"},"content":{"rendered":"<div id=\"pl-430\"  class=\"panel-layout\" ><div id=\"pg-430-0\"  class=\"panel-grid panel-has-style\" ><div class=\"panel-row-style panel-row-style-for-430-0\" ><div id=\"pgc-430-0-0\"  class=\"panel-grid-cell\" ><div id=\"panel-430-0-0-0\" class=\"so-panel widget widget_sow-editor panel-first-child\" data-index=\"0\" ><div\n\t\t\t\n\t\t\tclass=\"so-widget-sow-editor so-widget-sow-editor-base\"\n\t\t\t\n\t\t>\n<div class=\"siteorigin-widget-tinymce textwidget\">\n\t<p>F\u00fcr die Konterlattung kann Fichtenholz verwendet werden. Die Konterlattung sollte mindestens die Dimensionen Breite 60 mm und eine Dicke von 40 mm haben. Dies ist wichtig damit die Schrauben gen\u00fcgend halt finden und das die Rhombusleiten gen\u00fcgend Auflagefl\u00e4che haben f\u00fcr den Fall dass ein Sto\u00df durch zwei Leisten entsteht. Die Dicke von 40 mm ist auch wichtig damit die Rhombusfassede immer genug hinterl\u00fcftet wird und dadurch N\u00e4sse schnell abtrocknen kann.<\/p>\n<p>Um ein sauberes Einrichten und Montieren zu gew\u00e4hrleisten sollten die Konterlatten vierseitig gehobelt sein. Will man sp\u00e4ter am unteren Ende der Konterlattung noch ein Blech montieren um beispielsweise den Sockelbereich zu sch\u00fctzen kann man die Leisten noch mittel einem Schnitt ausnehmen damit man das Blech sp\u00e4ter zur Befestigung ungehindert unter die Leiste schieben kann.<\/p>\n<p>Der Abstand der Konterlattung soll maximal 600 mm betragen, da sich sonst die Rhombusleisten zu stark bewegen k\u00f6nne und teils nicht verzugsfrei montiert werden k\u00f6nnen. Wer beim Thema Holzschutz auf Nummer sicher gehen will kann unter die Konterlatte noch eine diffusionsoffene Unterspannbahn befestigen. Mit der diffusionsoffenen Seite zur Konterlatte. Eventuell austretende Feuchte vom Geb\u00e4ude kann somit nicht in die Konterlatte eindringen und diese sch\u00e4digen.<\/p>\n<p>Um ein Rei\u00dfen der Konterlatten zu verhindern sollten die Schraubpunkte vorgebohrt werden. Der Schraubenabstand an der Konterlattung soll maximal 500 mm betragen und es sind ausreichend gro\u00dfe Schrauben verwenden um eine stabile dauerhafte Verbindung zum Geb\u00e4ude zu gew\u00e4hrleisten. Als Schrauben k\u00f6nnen wir Senkkopfschrauben mit einer Mindestdimension von 6 x 160 mm empfehlen. Die Schrauben werden in der Latte versenkt damit sie sp\u00e4ter nicht eine b\u00fcndige Auflage der Rhombusleiste verhindern. Untergr\u00fcnde aus Ziegel m\u00fcssen vorgebohrt und mit D\u00fcbeln ausgestattet werden. Als Schrauben k\u00f6nnen wir ebenfalls Senkkopfschrauben mit einer Mindestdimension von 6 x 160 mm empfehlen.<\/p>\n<\/div>\n<\/div><\/div><div id=\"panel-430-0-0-1\" class=\"widget_text so-panel widget widget_custom_html panel-last-child\" data-index=\"1\" ><div class=\"textwidget custom-html-widget\"><iframe style=\"width:120px;height:240px;\" marginwidth=\"0\" marginheight=\"0\" scrolling=\"no\" frameborder=\"0\" src=\"\/\/ws-eu.amazon-adsystem.com\/widgets\/q?ServiceVersion=20070822&OneJS=1&Operation=GetAdHtml&MarketPlace=DE&source=ac&ref=tf_til&ad_type=product_link&tracking_id=rhombusleiste-21&marketplace=amazon&region=DE&placement=B00WKBWQ4U&asins=B00WKBWQ4U&linkId=256132334d0f14da01d91a238b4564f6&show_border=false&link_opens_in_new_window=false&price_color=333333&title_color=0066c0&bg_color=ffffff\">\n    <\/iframe>\n\n<iframe style=\"width:120px;height:240px;\" marginwidth=\"0\" marginheight=\"0\" scrolling=\"no\" frameborder=\"0\" src=\"\/\/ws-eu.amazon-adsystem.com\/widgets\/q?ServiceVersion=20070822&OneJS=1&Operation=GetAdHtml&MarketPlace=DE&source=ac&ref=tf_til&ad_type=product_link&tracking_id=rhombusleiste-21&marketplace=amazon&region=DE&placement=B007258O36&asins=B007258O36&linkId=57d5f28ed11e346c5edc20a018662d59&show_border=false&link_opens_in_new_window=false&price_color=333333&title_color=0066c0&bg_color=ffffff\">\n    <\/iframe>\n\n<iframe style=\"width:120px;height:240px;\" marginwidth=\"0\" marginheight=\"0\" scrolling=\"no\" frameborder=\"0\" src=\"\/\/ws-eu.amazon-adsystem.com\/widgets\/q?ServiceVersion=20070822&OneJS=1&Operation=GetAdHtml&MarketPlace=DE&source=ac&ref=tf_til&ad_type=product_link&tracking_id=rhombusleiste-21&marketplace=amazon&region=DE&placement=B072VN3CB7&asins=B072VN3CB7&linkId=5edbf9aacc6953907ea138ba6c52f04a&show_border=false&link_opens_in_new_window=false&price_color=333333&title_color=0066c0&bg_color=ffffff\">\n    <\/iframe>\n\n<iframe style=\"width:120px;height:240px;\" marginwidth=\"0\" marginheight=\"0\" scrolling=\"no\" frameborder=\"0\" src=\"\/\/ws-eu.amazon-adsystem.com\/widgets\/q?ServiceVersion=20070822&OneJS=1&Operation=GetAdHtml&MarketPlace=DE&source=ac&ref=tf_til&ad_type=product_link&tracking_id=rhombusleiste-21&marketplace=amazon&region=DE&placement=B01BUDPF14&asins=B01BUDPF14&linkId=41d16e6e07bdc7531c9afedad2b9b608&show_border=false&link_opens_in_new_window=false&price_color=333333&title_color=0066c0&bg_color=ffffff\">\n    <\/iframe>\n\n<iframe style=\"width:120px;height:240px;\" marginwidth=\"0\" marginheight=\"0\" scrolling=\"no\" frameborder=\"0\" src=\"\/\/ws-eu.amazon-adsystem.com\/widgets\/q?ServiceVersion=20070822&OneJS=1&Operation=GetAdHtml&MarketPlace=DE&source=ac&ref=tf_til&ad_type=product_link&tracking_id=rhombusleiste-21&marketplace=amazon&region=DE&placement=B071V7VF35&asins=B071V7VF35&linkId=dcda0d14eb712b28b5c453239c3f6a21&show_border=false&link_opens_in_new_window=false&price_color=333333&title_color=0066c0&bg_color=ffffff\">\n    <\/iframe>\n<iframe style=\"width:120px;height:240px;\" marginwidth=\"0\" marginheight=\"0\" scrolling=\"no\" frameborder=\"0\" src=\"\/\/ws-eu.amazon-adsystem.com\/widgets\/q?ServiceVersion=20070822&OneJS=1&Operation=GetAdHtml&MarketPlace=DE&source=ac&ref=tf_til&ad_type=product_link&tracking_id=rhombusleiste-21&marketplace=amazon&region=DE&placement=B00GG32H0Q&asins=B00GG32H0Q&linkId=cf3da67b2565e366d4aba30880149575&show_border=false&link_opens_in_new_window=false&price_color=333333&title_color=0066c0&bg_color=ffffff\">\n    <\/iframe><\/div><\/div><\/div><\/div><\/div><\/div>","protected":false},"excerpt":{"rendered":"<p>F\u00fcr die Konterlattung kann Fichtenholz verwendet werden. Die Konterlattung sollte mindestens die Dimensionen Breite 60 mm und eine Dicke von 40 mm haben. Dies ist wichtig damit die Schrauben gen\u00fcgend halt finden und das die Rhombusleiten gen\u00fcgend Auflagefl\u00e4che haben f\u00fcr den Fall dass ein Sto\u00df durch zwei Leisten entsteht. Die Dicke von 40 mm ist&#8230;<\/p>\n<p class=\"more-link\"><a href=\"https:\/\/rhombusleisten-montage.de\/index.php\/konterlattung\/\" class=\"themebutton3\">Read More<\/a><\/p>\n","protected":false},"author":1,"featured_media":0,"parent":0,"menu_order":0,"comment_status":"closed","ping_status":"closed","template":"","meta":{"_monsterinsights_skip_tracking":false,"_monsterinsights_sitenote_active":false,"_monsterinsights_sitenote_note":"","_monsterinsights_sitenote_category":0,"footnotes":""},"aioseo_notices":[],"_links":{"self":[{"href":"https:\/\/rhombusleisten-montage.de\/index.php\/wp-json\/wp\/v2\/pages\/430"}],"collection":[{"href":"https:\/\/rhombusleisten-montage.de\/index.php\/wp-json\/wp\/v2\/pages"}],"about":[{"href":"https:\/\/rhombusleisten-montage.de\/index.php\/wp-json\/wp\/v2\/types\/page"}],"author":[{"embeddable":true,"href":"https:\/\/rhombusleisten-montage.de\/index.php\/wp-json\/wp\/v2\/users\/1"}],"replies":[{"embeddable":true,"href":"https:\/\/rhombusleisten-montage.de\/index.php\/wp-json\/wp\/v2\/comments?post=430"}],"version-history":[{"count":16,"href":"https:\/\/rhombusleisten-montage.de\/index.php\/wp-json\/wp\/v2\/pages\/430\/revisions"}],"predecessor-version":[{"id":1897,"href":"https:\/\/rhombusleisten-montage.de\/index.php\/wp-json\/wp\/v2\/pages\/430\/revisions\/1897"}],"wp:attachment":[{"href":"https:\/\/rhombusleisten-montage.de\/index.php\/wp-json\/wp\/v2\/media?parent=430"}],"curies":[{"name":"wp","href":"https:\/\/api.w.org\/{rel}","templated":true}]}}