{"id":428,"date":"2018-07-22T13:07:34","date_gmt":"2018-07-22T13:07:34","guid":{"rendered":"https:\/\/rhombusleisten-montage.de\/?page_id=428"},"modified":"2019-01-05T20:16:02","modified_gmt":"2019-01-05T20:16:02","slug":"klebeband","status":"publish","type":"page","link":"https:\/\/rhombusleisten-montage.de\/index.php\/klebeband\/","title":{"rendered":"Klebeband"},"content":{"rendered":"<div id=\"pl-428\"  class=\"panel-layout\" ><div id=\"pg-428-0\"  class=\"panel-grid panel-has-style\" ><div class=\"panel-row-style panel-row-style-for-428-0\" ><div id=\"pgc-428-0-0\"  class=\"panel-grid-cell\" ><div id=\"panel-428-0-0-0\" class=\"so-panel widget widget_sow-headline panel-first-child\" data-index=\"0\" ><div\n\t\t\t\n\t\t\tclass=\"so-widget-sow-headline so-widget-sow-headline-default-b5b973fdb941-428\"\n\t\t\t\n\t\t><div class=\"sow-headline-container \">\n\t<h1 class='sow-headline'>Das richtige Klebeband<\/h1>\t\t\t\t\t<div class=\"decoration\">\n\t\t\t\t\t\t<div class=\"decoration-inside\"><\/div>\n\t\t\t\t\t<\/div>\n\t\t\t\t\t<\/div><\/div><\/div><div id=\"panel-428-0-0-1\" class=\"so-panel widget widget_sow-editor panel-last-child\" data-index=\"1\" ><div\n\t\t\t\n\t\t\tclass=\"so-widget-sow-editor so-widget-sow-editor-base\"\n\t\t\t\n\t\t>\n<div class=\"siteorigin-widget-tinymce textwidget\">\n\t<p>Falls die Unterspannbahn nicht mit einem Klebestreifen ausgestattet ist sollten die St\u00f6\u00dfe der Bahn mit einem Klebeband verbunden werden. Um eine dauerhafte Verklebung der Bahnen zu gew\u00e4hrleisten ist es wichtig ein hochwertiges Klebeband das f\u00fcr diesen Einsatzzweck geeignet ist zu verwenden. Die Fassade ist Temperaturen von -20 bis +70\u00b0C ausgesetzt und unterliegt h\u00e4ufigen Temperaturschwankungen. Auch gegen direkte Witterungseinfl\u00fcsse und Sch\u00e4dlinge muss das Klebeband standhalten k\u00f6nnen. Gute Klebeb\u00e4nder haben auch die Funktion diffusionsoffen zu sein und Feuchte von innen nach au\u00dfen ableiten zu k\u00f6nnen.<\/p>\n<p>Das Klebeband sollte in jedem Fall dauerhaft UV best\u00e4ndig, temperaturbest\u00e4ndig, alterungsbest\u00e4ndig und rei\u00dffest sein.<\/p>\n<p>Wir empfehlen die Klebeb\u00e4nder von Delta, PAVATEX oder Ampack wie Pavatex Pavafix 60 und Ampack Ampacoll XT 60. Eine Rolle kostet zwischen 20 und 25 \u20ac.<\/p>\n<\/div>\n<\/div><\/div><\/div><\/div><\/div><div id=\"pg-428-1\"  class=\"panel-grid panel-no-style\" ><div id=\"pgc-428-1-0\"  class=\"panel-grid-cell\" ><div id=\"panel-428-1-0-0\" class=\"widget_text so-panel widget widget_custom_html panel-first-child panel-last-child\" data-index=\"2\" ><div class=\"textwidget custom-html-widget\"><iframe style=\"width:120px;height:240px;\" marginwidth=\"0\" marginheight=\"0\" scrolling=\"no\" frameborder=\"0\" src=\"\/\/ws-eu.amazon-adsystem.com\/widgets\/q?ServiceVersion=20070822&OneJS=1&Operation=GetAdHtml&MarketPlace=DE&source=ac&ref=tf_til&ad_type=product_link&tracking_id=rhombusleiste-21&marketplace=amazon&region=DE&placement=B015XXHJTS&asins=B015XXHJTS&linkId=6764c9000c51008dab72b1b2725dcdc4&show_border=false&link_opens_in_new_window=false&price_color=333333&title_color=0066c0&bg_color=ffffff\">\n    <\/iframe><\/div><\/div><\/div><div id=\"pgc-428-1-1\"  class=\"panel-grid-cell\" ><div id=\"panel-428-1-1-0\" class=\"widget_text so-panel widget widget_custom_html panel-first-child panel-last-child\" data-index=\"3\" ><div class=\"textwidget custom-html-widget\"><iframe style=\"width:120px;height:240px;\" marginwidth=\"0\" marginheight=\"0\" scrolling=\"no\" frameborder=\"0\" src=\"\/\/ws-eu.amazon-adsystem.com\/widgets\/q?ServiceVersion=20070822&OneJS=1&Operation=GetAdHtml&MarketPlace=DE&source=ac&ref=tf_til&ad_type=product_link&tracking_id=rhombusleiste-21&marketplace=amazon&region=DE&placement=B06XCL19WT&asins=B06XCL19WT&linkId=31e02b00a2bd743d08dce29a7a1ccd3d&show_border=false&link_opens_in_new_window=false&price_color=333333&title_color=0066c0&bg_color=ffffff\">\n    <\/iframe><\/div><\/div><\/div><\/div><div id=\"pg-428-2\"  class=\"panel-grid panel-has-style\" ><div class=\"panel-row-style panel-row-style-for-428-2\" ><div id=\"pgc-428-2-0\"  class=\"panel-grid-cell\" ><div id=\"panel-428-2-0-0\" class=\"so-panel widget widget_sow-image panel-first-child\" data-index=\"4\" ><div\n\t\t\t\n\t\t\tclass=\"so-widget-sow-image so-widget-sow-image-default-d6014b76747a-428\"\n\t\t\t\n\t\t>\n\n<div class=\"sow-image-container\">\n\t\t<img decoding=\"async\" src=\"https:\/\/rhombusleisten-montage.de\/wp-content\/uploads\/2018\/07\/IMG_0083.jpg\" width=\"1000\" height=\"1333\" srcset=\"https:\/\/rhombusleisten-montage.de\/wp-content\/uploads\/2018\/07\/IMG_0083.jpg 1000w, https:\/\/rhombusleisten-montage.de\/wp-content\/uploads\/2018\/07\/IMG_0083-225x300.jpg 225w, https:\/\/rhombusleisten-montage.de\/wp-content\/uploads\/2018\/07\/IMG_0083-768x1024.jpg 768w\" sizes=\"(max-width: 1000px) 100vw, 1000px\" title=\"Klebeband Rhombusleisten\" alt=\"Klebeband Rhombusleisten\" loading=\"lazy\" \t\tclass=\"so-widget-image\"\/>\n\t<\/div>\n\n<\/div><\/div><div id=\"panel-428-2-0-1\" class=\"so-panel widget widget_sow-image\" data-index=\"5\" ><div\n\t\t\t\n\t\t\tclass=\"so-widget-sow-image so-widget-sow-image-default-d6014b76747a-428\"\n\t\t\t\n\t\t>\n\n<div class=\"sow-image-container\">\n\t\t<img decoding=\"async\" src=\"https:\/\/rhombusleisten-montage.de\/wp-content\/uploads\/2018\/07\/111.jpg\" width=\"1218\" height=\"1184\" srcset=\"https:\/\/rhombusleisten-montage.de\/wp-content\/uploads\/2018\/07\/111.jpg 1218w, https:\/\/rhombusleisten-montage.de\/wp-content\/uploads\/2018\/07\/111-300x292.jpg 300w, https:\/\/rhombusleisten-montage.de\/wp-content\/uploads\/2018\/07\/111-768x747.jpg 768w, https:\/\/rhombusleisten-montage.de\/wp-content\/uploads\/2018\/07\/111-1024x995.jpg 1024w\" sizes=\"(max-width: 1218px) 100vw, 1218px\" alt=\"Klebeband Rhombusleisten\" loading=\"lazy\" \t\tclass=\"so-widget-image\"\/>\n\t<\/div>\n\n<\/div><\/div><div id=\"panel-428-2-0-2\" class=\"so-panel widget widget_sow-image panel-last-child\" data-index=\"6\" ><div\n\t\t\t\n\t\t\tclass=\"so-widget-sow-image so-widget-sow-image-default-d6014b76747a-428\"\n\t\t\t\n\t\t>\n\n<div class=\"sow-image-container\">\n\t\t<img decoding=\"async\" src=\"https:\/\/rhombusleisten-montage.de\/wp-content\/uploads\/2018\/07\/IMG_0235.jpg\" width=\"1500\" height=\"2000\" srcset=\"https:\/\/rhombusleisten-montage.de\/wp-content\/uploads\/2018\/07\/IMG_0235.jpg 1500w, https:\/\/rhombusleisten-montage.de\/wp-content\/uploads\/2018\/07\/IMG_0235-225x300.jpg 225w, https:\/\/rhombusleisten-montage.de\/wp-content\/uploads\/2018\/07\/IMG_0235-768x1024.jpg 768w\" sizes=\"(max-width: 1500px) 100vw, 1500px\" title=\"Temperatur Unterspannbahn Rhombusleisten\" alt=\"Temperatur Unterspannbahn Rhombusleisten\" loading=\"lazy\" \t\tclass=\"so-widget-image\"\/>\n\t<\/div>\n\n<\/div><\/div><\/div><\/div><\/div><div id=\"pg-428-3\"  class=\"panel-grid panel-no-style\" ><div id=\"pgc-428-3-0\"  class=\"panel-grid-cell panel-grid-cell-empty\" ><\/div><div id=\"pgc-428-3-1\"  class=\"panel-grid-cell panel-grid-cell-empty panel-grid-cell-mobile-last\" ><\/div><div id=\"pgc-428-3-2\"  class=\"panel-grid-cell panel-grid-cell-empty\" ><\/div><\/div><\/div>","protected":false},"excerpt":{"rendered":"<p>Falls die Unterspannbahn nicht mit einem Klebestreifen ausgestattet ist sollten die St\u00f6\u00dfe der Bahn mit einem Klebeband verbunden werden. Um eine dauerhafte Verklebung der Bahnen zu gew\u00e4hrleisten ist es wichtig ein hochwertiges Klebeband das f\u00fcr diesen Einsatzzweck geeignet ist zu verwenden. Die Fassade ist Temperaturen von -20 bis +70\u00b0C ausgesetzt und unterliegt h\u00e4ufigen Temperaturschwankungen. Auch&#8230;<\/p>\n<p class=\"more-link\"><a href=\"https:\/\/rhombusleisten-montage.de\/index.php\/klebeband\/\" class=\"themebutton3\">Read More<\/a><\/p>\n","protected":false},"author":1,"featured_media":0,"parent":0,"menu_order":0,"comment_status":"closed","ping_status":"closed","template":"","meta":{"_monsterinsights_skip_tracking":false,"_monsterinsights_sitenote_active":false,"_monsterinsights_sitenote_note":"","_monsterinsights_sitenote_category":0,"footnotes":""},"aioseo_notices":[],"_links":{"self":[{"href":"https:\/\/rhombusleisten-montage.de\/index.php\/wp-json\/wp\/v2\/pages\/428"}],"collection":[{"href":"https:\/\/rhombusleisten-montage.de\/index.php\/wp-json\/wp\/v2\/pages"}],"about":[{"href":"https:\/\/rhombusleisten-montage.de\/index.php\/wp-json\/wp\/v2\/types\/page"}],"author":[{"embeddable":true,"href":"https:\/\/rhombusleisten-montage.de\/index.php\/wp-json\/wp\/v2\/users\/1"}],"replies":[{"embeddable":true,"href":"https:\/\/rhombusleisten-montage.de\/index.php\/wp-json\/wp\/v2\/comments?post=428"}],"version-history":[{"count":19,"href":"https:\/\/rhombusleisten-montage.de\/index.php\/wp-json\/wp\/v2\/pages\/428\/revisions"}],"predecessor-version":[{"id":1790,"href":"https:\/\/rhombusleisten-montage.de\/index.php\/wp-json\/wp\/v2\/pages\/428\/revisions\/1790"}],"wp:attachment":[{"href":"https:\/\/rhombusleisten-montage.de\/index.php\/wp-json\/wp\/v2\/media?parent=428"}],"curies":[{"name":"wp","href":"https:\/\/api.w.org\/{rel}","templated":true}]}}