{"id":324,"date":"2018-07-21T13:48:47","date_gmt":"2018-07-21T13:48:47","guid":{"rendered":"https:\/\/rhombusleisten-montage.de\/?page_id=324"},"modified":"2021-04-06T16:06:13","modified_gmt":"2021-04-06T16:06:13","slug":"tanne","status":"publish","type":"page","link":"https:\/\/rhombusleisten-montage.de\/index.php\/tanne\/","title":{"rendered":"Tanne"},"content":{"rendered":"<div id=\"pl-324\"  class=\"panel-layout\" ><div id=\"pg-324-0\"  class=\"panel-grid panel-has-style\" ><div class=\"panel-row-style panel-row-style-for-324-0\" ><div id=\"pgc-324-0-0\"  class=\"panel-grid-cell\" ><div id=\"panel-324-0-0-0\" class=\"so-panel widget widget_sow-editor panel-first-child panel-last-child\" data-index=\"0\" ><div\n\t\t\t\n\t\t\tclass=\"so-widget-sow-editor so-widget-sow-editor-base\"\n\t\t\t\n\t\t>\n<div class=\"siteorigin-widget-tinymce textwidget\">\n\t<p>Die Tanne ist ein heimischer Nadelbaum der in der Holzindustrie vielseitige Verwendung findet. Tannenholz wird oft mit Fichtenholz als Mischsortiment angeboten. Das Tannenholz besitzt wie das Fichtenholz gute mechanische Eigenschaften, ist sehr weich und l\u00e4sst sich sehr\u00a0 gut bearbeiten. Im Au\u00dfenbereich ist die Tanne ohne Holzschutzma\u00dfnahmen wenig best\u00e4ndig.<\/p>\n<p>Rhombusleisten aus Tanne k\u00f6nnen mit entsprechenden Holzschutzma\u00dfnahmen im Au\u00dfenbereich eingesetzt werden.\u00a0 Mit gutem konstruktiven Holzschutz und\/ oder chemischen Holzschutz (Bl\u00e4ueschutz, N\u00e4sseschutz, UV- Schutz, Schutz gegen Sch\u00e4dlinge (Insekten, Pilze)) k\u00f6nnen Rhombusleisten aus Tannenholz dauerhaft best\u00e4ndig sein.<\/p>\n<p>&nbsp;<\/p>\n<\/div>\n<\/div><\/div><\/div><div id=\"pgc-324-0-1\"  class=\"panel-grid-cell panel-grid-cell-empty\" ><\/div><div id=\"pgc-324-0-2\"  class=\"panel-grid-cell\" ><div id=\"panel-324-0-2-0\" class=\"so-panel widget widget_sow-price-table panel-first-child panel-last-child\" data-index=\"1\" ><div\n\t\t\t\n\t\t\tclass=\"so-widget-sow-price-table so-widget-sow-price-table-atom-b54579b91876-324\"\n\t\t\t\n\t\t>\n\n<div class=\"ow-pt-columns-atom\">\n\n\t        <div class=\"ow-pt-column ow-pt-first ow-pt-last ow-pt-even\"\n             style=\"width: 100%\">\n            <div class=\"ow-pt-title\">\n\t\t\t\tRHOMBUSLEISTN AUS TANNENHOLZ\t\t\t\t            <\/div>\n\n            <div class=\"ow-pt-details\">\n                <div class=\"ow-pt-price\">1,2 - 2 ,5 \u20ac<\/div>\n                <div class=\"ow-pt-per\"> pro lfm.<\/div>\n            <\/div>\n\n\t\t\t\n            <div class=\"ow-pt-features\">\n\t\t\t\t            <\/div>\n\n\t\t\t                <div class=\"ow-pt-button\">\n                    <a href='https:\/\/rhombusleisten-montage.de\/index.php\/holzarten\/'\n                       class=\"ow-pt-link\" >Zur Vergleichstabelle<\/a>\n                <\/div>\n\t\t\t        <\/div>\n\t\n\n\t\n<\/div>\n<\/div><\/div><\/div><\/div><\/div><div id=\"pg-324-1\"  class=\"panel-grid panel-no-style\" ><div id=\"pgc-324-1-0\"  class=\"panel-grid-cell\" ><div id=\"panel-324-1-0-0\" class=\"so-panel widget widget_sow-headline panel-first-child\" data-index=\"2\" ><div\n\t\t\t\n\t\t\tclass=\"so-widget-sow-headline so-widget-sow-headline-default-a451d62c0206-324\"\n\t\t\t\n\t\t><div class=\"sow-headline-container \">\n\t<h4 class='sow-headline'>Pro<\/h4><\/div><\/div><\/div><div id=\"panel-324-1-0-1\" class=\"so-panel widget widget_sow-features panel-last-child\" data-index=\"3\" ><div\n\t\t\t\n\t\t\tclass=\"so-widget-sow-features so-widget-sow-features-default-69e015a53c7e-324\"\n\t\t\t\n\t\t>\n<div class=\"sow-features-list sow-features-responsive\">\n\n\t\t\t\t\t\t<div\n\t\t\t\tclass=\"sow-features-feature sow-icon-container-position-right \"\n\t\t\t\tstyle=\"display: flex; flex-direction: row; float: left; width: 100%;\"\n\t\t\t>\n\n\t\t\t\t\t\t\t\t<div\n\t\t\t\t\tclass=\"sow-icon-container sow-container-round\"\n                    style=\"color: #ffffff; \"\n\t\t\t\t\t>\n\t\t\t\t\t<span class=\"sow-icon-ionicons\" data-sow-icon=\"&#xf383;\"\n\t\tstyle=\"font-size: 40px; color: #af7215\" \n\t\taria-hidden=\"true\"><\/span>\t\t\t\t<\/div>\n\t\t\t\t\n\t\t\t\t<div class=\"textwidget\">\n\t\t\t\t\t\t\t\t\t\t\t<h5>\n\t\t\t\t\t\t\t\n\t\t\t\t\t\t\tg\u00fcnstiger Preis\t\t\t\t\t\t\t\t\t\t\t\t\t<\/h5>\n\t\t\t\t\t\n\t\t\t\t\t\n\t\t\t\t\t\t\t\t\t<\/div>\n\t\t\t\t\t\t\t<\/div>\n\n\t\t\t\t\t<div\n\t\t\t\tclass=\"sow-features-feature sow-icon-container-position-right \"\n\t\t\t\tstyle=\"display: flex; flex-direction: row; float: left; width: 100%;\"\n\t\t\t>\n\n\t\t\t\t\t\t\t\t<div\n\t\t\t\t\tclass=\"sow-icon-container sow-container-round\"\n                    style=\"color: #ffffff; \"\n\t\t\t\t\t>\n\t\t\t\t\t<span class=\"sow-icon-ionicons\" data-sow-icon=\"&#xf383;\"\n\t\tstyle=\"font-size: 40px; color: #af7215\" \n\t\taria-hidden=\"true\"><\/span>\t\t\t\t<\/div>\n\t\t\t\t\n\t\t\t\t<div class=\"textwidget\">\n\t\t\t\t\t\t\t\t\t\t\t<h5>\n\t\t\t\t\t\t\t\n\t\t\t\t\t\t\tgute Verf\u00fcgbarkeit \t\t\t\t\t\t\t\t\t\t\t\t\t<\/h5>\n\t\t\t\t\t\n\t\t\t\t\t\n\t\t\t\t\t\t\t\t\t<\/div>\n\t\t\t\t\t\t\t<\/div>\n\n\t\t\t\t\t<div\n\t\t\t\tclass=\"sow-features-feature sow-icon-container-position-right sow-features-feature-last-row\"\n\t\t\t\tstyle=\"display: flex; flex-direction: row; float: left; width: 100%;\"\n\t\t\t>\n\n\t\t\t\t\t\t\t\t<div\n\t\t\t\t\tclass=\"sow-icon-container sow-container-round\"\n                    style=\"color: #ffffff; \"\n\t\t\t\t\t>\n\t\t\t\t\t<span class=\"sow-icon-ionicons\" data-sow-icon=\"&#xf383;\"\n\t\tstyle=\"font-size: 40px; color: #af7215\" \n\t\taria-hidden=\"true\"><\/span>\t\t\t\t<\/div>\n\t\t\t\t\n\t\t\t\t<div class=\"textwidget\">\n\t\t\t\t\t\t\t\t\t\t\t<h5>\n\t\t\t\t\t\t\t\n\t\t\t\t\t\t\tkeine auslaufenden Harzgallen\t\t\t\t\t\t\t\t\t\t\t\t\t<\/h5>\n\t\t\t\t\t\n\t\t\t\t\t\n\t\t\t\t\t\t\t\t\t<\/div>\n\t\t\t\t\t\t\t<\/div>\n\n\t\t\t\n<\/div>\n<\/div><\/div><\/div><div id=\"pgc-324-1-1\"  class=\"panel-grid-cell\" ><div id=\"panel-324-1-1-0\" class=\"so-panel widget widget_sow-headline panel-first-child\" data-index=\"4\" ><div\n\t\t\t\n\t\t\tclass=\"so-widget-sow-headline so-widget-sow-headline-default-a451d62c0206-324\"\n\t\t\t\n\t\t><div class=\"sow-headline-container \">\n\t<h4 class='sow-headline'>Contra<\/h4><\/div><\/div><\/div><div id=\"panel-324-1-1-1\" class=\"so-panel widget widget_sow-features panel-last-child\" data-index=\"5\" ><div\n\t\t\t\n\t\t\tclass=\"so-widget-sow-features so-widget-sow-features-default-69e015a53c7e-324\"\n\t\t\t\n\t\t>\n<div class=\"sow-features-list sow-features-responsive\">\n\n\t\t\t\t\t\t<div\n\t\t\t\tclass=\"sow-features-feature sow-icon-container-position-right \"\n\t\t\t\tstyle=\"display: flex; flex-direction: row; float: left; width: 100%;\"\n\t\t\t>\n\n\t\t\t\t\t\t\t\t<div\n\t\t\t\t\tclass=\"sow-icon-container sow-container-round\"\n                    style=\"color: #ffffff; \"\n\t\t\t\t\t>\n\t\t\t\t\t<span class=\"sow-icon-ionicons\" data-sow-icon=\"&#xf2d7;\"\n\t\tstyle=\"font-size: 40px; color: #af7215\" \n\t\taria-hidden=\"true\"><\/span>\t\t\t\t<\/div>\n\t\t\t\t\n\t\t\t\t<div class=\"textwidget\">\n\t\t\t\t\t\t\t\t\t\t\t<h5>\n\t\t\t\t\t\t\t\n\t\t\t\t\t\t\tvon Natur aus wenig Resistenz gegen Sch\u00e4dlinge (Insekten und Pilze) \t\t\t\t\t\t\t\t\t\t\t\t\t<\/h5>\n\t\t\t\t\t\n\t\t\t\t\t\n\t\t\t\t\t\t\t\t\t<\/div>\n\t\t\t\t\t\t\t<\/div>\n\n\t\t\t\t\t<div\n\t\t\t\tclass=\"sow-features-feature sow-icon-container-position-right sow-features-feature-last-row\"\n\t\t\t\tstyle=\"display: flex; flex-direction: row; float: left; width: 100%;\"\n\t\t\t>\n\n\t\t\t\t\t\t\t\t<div\n\t\t\t\t\tclass=\"sow-icon-container sow-container-round\"\n                    style=\"color: #ffffff; \"\n\t\t\t\t\t>\n\t\t\t\t\t<span class=\"sow-icon-ionicons\" data-sow-icon=\"&#xf2d7;\"\n\t\tstyle=\"font-size: 40px; color: #af7215\" \n\t\taria-hidden=\"true\"><\/span>\t\t\t\t<\/div>\n\t\t\t\t\n\t\t\t\t<div class=\"textwidget\">\n\t\t\t\t\t\t\t\t\t\t\t<h5>\n\t\t\t\t\t\t\t\n\t\t\t\t\t\t\tist eine chemische Schutzschicht aufgebracht muss diese instand gehalten werden\t\t\t\t\t\t\t\t\t\t\t\t\t<\/h5>\n\t\t\t\t\t\n\t\t\t\t\t\n\t\t\t\t\t\t\t\t\t<\/div>\n\t\t\t\t\t\t\t<\/div>\n\n\t\t\t\n<\/div>\n<\/div><\/div><\/div><\/div><div id=\"pg-324-2\"  class=\"panel-grid panel-no-style\" ><div id=\"pgc-324-2-0\"  class=\"panel-grid-cell\" ><div id=\"panel-324-2-0-0\" class=\"widget_text so-panel widget widget_custom_html panel-first-child panel-last-child\" data-index=\"6\" ><h3 class=\"widget-title\">Hier finden Sie Angebote zu Rhombusleisten:<\/h3><div class=\"textwidget custom-html-widget\"><a target=\"_self\" href=\"https:\/\/ebay.us\/Z0bvYX\" rel=\"noopener\">https:\/\/ebay.us\/Z0bvYX<\/a><img decoding=\"async\" style=\"text-decoration:none;border:0;padding:0;margin:0;\" src=\"https:\/\/www.ebayadservices.com\/marketingtracking\/v1\/impression?mpt=[CACHEBUSTER]&mkcid=1&mkrid=707-53477-19255-0&mkevt=2&siteid=77&campid=5338457690&ad_type=0&toolid=20012&customid=Rhombusleisten\"><\/div><\/div><\/div><\/div><\/div>","protected":false},"excerpt":{"rendered":"<p>Die Tanne ist ein heimischer Nadelbaum der in der Holzindustrie vielseitige Verwendung findet. Tannenholz wird oft mit Fichtenholz als Mischsortiment angeboten. Das Tannenholz besitzt wie das Fichtenholz gute mechanische Eigenschaften, ist sehr weich und l\u00e4sst sich sehr\u00a0 gut bearbeiten. Im Au\u00dfenbereich ist die Tanne ohne Holzschutzma\u00dfnahmen wenig best\u00e4ndig. Rhombusleisten aus Tanne k\u00f6nnen mit entsprechenden Holzschutzma\u00dfnahmen&#8230;<\/p>\n<p class=\"more-link\"><a href=\"https:\/\/rhombusleisten-montage.de\/index.php\/tanne\/\" class=\"themebutton3\">Read More<\/a><\/p>\n","protected":false},"author":1,"featured_media":0,"parent":0,"menu_order":0,"comment_status":"closed","ping_status":"closed","template":"","meta":{"_monsterinsights_skip_tracking":false,"_monsterinsights_sitenote_active":false,"_monsterinsights_sitenote_note":"","_monsterinsights_sitenote_category":0,"footnotes":""},"aioseo_notices":[],"_links":{"self":[{"href":"https:\/\/rhombusleisten-montage.de\/index.php\/wp-json\/wp\/v2\/pages\/324"}],"collection":[{"href":"https:\/\/rhombusleisten-montage.de\/index.php\/wp-json\/wp\/v2\/pages"}],"about":[{"href":"https:\/\/rhombusleisten-montage.de\/index.php\/wp-json\/wp\/v2\/types\/page"}],"author":[{"embeddable":true,"href":"https:\/\/rhombusleisten-montage.de\/index.php\/wp-json\/wp\/v2\/users\/1"}],"replies":[{"embeddable":true,"href":"https:\/\/rhombusleisten-montage.de\/index.php\/wp-json\/wp\/v2\/comments?post=324"}],"version-history":[{"count":116,"href":"https:\/\/rhombusleisten-montage.de\/index.php\/wp-json\/wp\/v2\/pages\/324\/revisions"}],"predecessor-version":[{"id":2231,"href":"https:\/\/rhombusleisten-montage.de\/index.php\/wp-json\/wp\/v2\/pages\/324\/revisions\/2231"}],"wp:attachment":[{"href":"https:\/\/rhombusleisten-montage.de\/index.php\/wp-json\/wp\/v2\/media?parent=324"}],"curies":[{"name":"wp","href":"https:\/\/api.w.org\/{rel}","templated":true}]}}