{"id":318,"date":"2018-07-21T13:48:26","date_gmt":"2018-07-21T13:48:26","guid":{"rendered":"https:\/\/rhombusleisten-montage.de\/?page_id=318"},"modified":"2021-04-06T16:07:06","modified_gmt":"2021-04-06T16:07:06","slug":"kiefer","status":"publish","type":"page","link":"https:\/\/rhombusleisten-montage.de\/index.php\/kiefer\/","title":{"rendered":"Kiefer"},"content":{"rendered":"<div id=\"pl-318\"  class=\"panel-layout\" ><div id=\"pg-318-0\"  class=\"panel-grid panel-has-style\" ><div class=\"panel-row-style panel-row-style-for-318-0\" ><div id=\"pgc-318-0-0\"  class=\"panel-grid-cell\" ><div id=\"panel-318-0-0-0\" class=\"so-panel widget widget_sow-editor panel-first-child panel-last-child\" data-index=\"0\" ><div\n\t\t\t\n\t\t\tclass=\"so-widget-sow-editor so-widget-sow-editor-base\"\n\t\t\t\n\t\t>\n<div class=\"siteorigin-widget-tinymce textwidget\">\n\t<p>Die Kiefer ist ein heimischer Nadelbaum der in der Holzindustrie vielseitige Verwendung findet. Die Kiefer ist die zweith\u00e4ufigste Baumart den W\u00e4ldern Deutschlands. Das Kiefernholz besitzt sehr gute mechanische Eigenschaften, ist weich und l\u00e4sst sich sehr\u00a0gut bearbeiten. Im Au\u00dfenbereich ist die Kiefer ohne Holzschutzma\u00dfnahmen gut\u00a0best\u00e4ndig.<\/p>\n<p>Rhombusleisten aus dem Kernholz der Kiefer k\u00f6nnen auch ohne chemische Holzschutzma\u00dfnahmen gegen\u00fcber Witterung im Au\u00dfenbereich eingesetzt werden.\u00a0 Es ist von Natur aus gut gegen Schimmel und F\u00e4ulnis gesch\u00fctzt.\u00a0 Es k\u00f6nnen Holzschutzmittel verwendet werden um zus\u00e4tzlichen Schutz zu erreichen. Das Kiefernholz ist im Au\u00dfenbereich best\u00e4ndiger als das der Fichte oder der Tanne.<\/p>\n<\/div>\n<\/div><\/div><\/div><div id=\"pgc-318-0-1\"  class=\"panel-grid-cell panel-grid-cell-empty\" ><\/div><div id=\"pgc-318-0-2\"  class=\"panel-grid-cell\" ><div id=\"panel-318-0-2-0\" class=\"so-panel widget widget_sow-price-table panel-first-child panel-last-child\" data-index=\"1\" ><div\n\t\t\t\n\t\t\tclass=\"so-widget-sow-price-table so-widget-sow-price-table-atom-b54579b91876-318\"\n\t\t\t\n\t\t>\n\n<div class=\"ow-pt-columns-atom\">\n\n\t        <div class=\"ow-pt-column ow-pt-first ow-pt-last ow-pt-even\"\n             style=\"width: 100%\">\n            <div class=\"ow-pt-title\">\n\t\t\t\tRHOMBUSLEISTN AUS KIEFER\t\t\t\t            <\/div>\n\n            <div class=\"ow-pt-details\">\n                <div class=\"ow-pt-price\">1,40 - 2,80 \u20ac<\/div>\n                <div class=\"ow-pt-per\"> pro lfm.<\/div>\n            <\/div>\n\n\t\t\t\n            <div class=\"ow-pt-features\">\n\t\t\t\t            <\/div>\n\n\t\t\t                <div class=\"ow-pt-button\">\n                    <a href='https:\/\/rhombusleisten-montage.de\/index.php\/holzarten\/'\n                       class=\"ow-pt-link\" >Zur Vergleichstabelle<\/a>\n                <\/div>\n\t\t\t        <\/div>\n\t\n\n\t\n<\/div>\n<\/div><\/div><\/div><\/div><\/div><div id=\"pg-318-1\"  class=\"panel-grid panel-no-style\" ><div id=\"pgc-318-1-0\"  class=\"panel-grid-cell\" ><div id=\"panel-318-1-0-0\" class=\"so-panel widget widget_sow-headline panel-first-child\" data-index=\"2\" ><div\n\t\t\t\n\t\t\tclass=\"so-widget-sow-headline so-widget-sow-headline-default-a451d62c0206-318\"\n\t\t\t\n\t\t><div class=\"sow-headline-container \">\n\t<h4 class='sow-headline'>Pro<\/h4><\/div><\/div><\/div><div id=\"panel-318-1-0-1\" class=\"so-panel widget widget_sow-features panel-last-child\" data-index=\"3\" ><div\n\t\t\t\n\t\t\tclass=\"so-widget-sow-features so-widget-sow-features-default-69e015a53c7e-318\"\n\t\t\t\n\t\t>\n<div class=\"sow-features-list sow-features-responsive\">\n\n\t\t\t\t\t\t<div\n\t\t\t\tclass=\"sow-features-feature sow-icon-container-position-right \"\n\t\t\t\tstyle=\"display: flex; flex-direction: row; float: left; width: 100%;\"\n\t\t\t>\n\n\t\t\t\t\t\t\t\t<div\n\t\t\t\t\tclass=\"sow-icon-container sow-container-round\"\n                    style=\"color: #ffffff; \"\n\t\t\t\t\t>\n\t\t\t\t\t<span class=\"sow-icon-ionicons\" data-sow-icon=\"&#xf383;\"\n\t\tstyle=\"font-size: 40px; color: #af7215\" \n\t\taria-hidden=\"true\"><\/span>\t\t\t\t<\/div>\n\t\t\t\t\n\t\t\t\t<div class=\"textwidget\">\n\t\t\t\t\t\t\t\t\t\t\t<h5>\n\t\t\t\t\t\t\t\n\t\t\t\t\t\t\tvon Natur aus guter Holzschutz \t\t\t\t\t\t\t\t\t\t\t\t\t<\/h5>\n\t\t\t\t\t\n\t\t\t\t\t\n\t\t\t\t\t\t\t\t\t<\/div>\n\t\t\t\t\t\t\t<\/div>\n\n\t\t\t\t\t<div\n\t\t\t\tclass=\"sow-features-feature sow-icon-container-position-right sow-features-feature-last-row\"\n\t\t\t\tstyle=\"display: flex; flex-direction: row; float: left; width: 100%;\"\n\t\t\t>\n\n\t\t\t\t\t\t\t\t<div\n\t\t\t\t\tclass=\"sow-icon-container sow-container-round\"\n                    style=\"color: #ffffff; \"\n\t\t\t\t\t>\n\t\t\t\t\t<span class=\"sow-icon-ionicons\" data-sow-icon=\"&#xf383;\"\n\t\tstyle=\"font-size: 40px; color: #af7215\" \n\t\taria-hidden=\"true\"><\/span>\t\t\t\t<\/div>\n\t\t\t\t\n\t\t\t\t<div class=\"textwidget\">\n\t\t\t\t\t\t\t\t\t\t\t<h5>\n\t\t\t\t\t\t\t\n\t\t\t\t\t\t\tgutes Preis Leistungsverh\u00e4ltnis\t\t\t\t\t\t\t\t\t\t\t\t\t<\/h5>\n\t\t\t\t\t\n\t\t\t\t\t\n\t\t\t\t\t\t\t\t\t<\/div>\n\t\t\t\t\t\t\t<\/div>\n\n\t\t\t\n<\/div>\n<\/div><\/div><\/div><div id=\"pgc-318-1-1\"  class=\"panel-grid-cell\" ><div id=\"panel-318-1-1-0\" class=\"so-panel widget widget_sow-headline panel-first-child\" data-index=\"4\" ><div\n\t\t\t\n\t\t\tclass=\"so-widget-sow-headline so-widget-sow-headline-default-a451d62c0206-318\"\n\t\t\t\n\t\t><div class=\"sow-headline-container \">\n\t<h4 class='sow-headline'>Contra<\/h4><\/div><\/div><\/div><div id=\"panel-318-1-1-1\" class=\"so-panel widget widget_sow-features panel-last-child\" data-index=\"5\" ><div\n\t\t\t\n\t\t\tclass=\"so-widget-sow-features so-widget-sow-features-default-69e015a53c7e-318\"\n\t\t\t\n\t\t>\n<div class=\"sow-features-list sow-features-responsive\">\n\n\t\t\t\t\t\t<div\n\t\t\t\tclass=\"sow-features-feature sow-icon-container-position-right \"\n\t\t\t\tstyle=\"display: flex; flex-direction: row; float: left; width: 100%;\"\n\t\t\t>\n\n\t\t\t\t\t\t\t\t<div\n\t\t\t\t\tclass=\"sow-icon-container sow-container-round\"\n                    style=\"color: #ffffff; \"\n\t\t\t\t\t>\n\t\t\t\t\t<span class=\"sow-icon-ionicons\" data-sow-icon=\"&#xf2d7;\"\n\t\tstyle=\"font-size: 40px; color: #af7215\" \n\t\taria-hidden=\"true\"><\/span>\t\t\t\t<\/div>\n\t\t\t\t\n\t\t\t\t<div class=\"textwidget\">\n\t\t\t\t\t\t\t\t\t\t\t<h5>\n\t\t\t\t\t\t\t\n\t\t\t\t\t\t\tder hohe Harzgehalt des Holzes kann sich negativ auf die Haltbarkeit von Holzschutzmitteln auswirken\t\t\t\t\t\t\t\t\t\t\t\t\t<\/h5>\n\t\t\t\t\t\n\t\t\t\t\t\n\t\t\t\t\t\t\t\t\t<\/div>\n\t\t\t\t\t\t\t<\/div>\n\n\t\t\t\t\t<div\n\t\t\t\tclass=\"sow-features-feature sow-icon-container-position-right \"\n\t\t\t\tstyle=\"display: flex; flex-direction: row; float: left; width: 100%;\"\n\t\t\t>\n\n\t\t\t\t\t\t\t\t<div\n\t\t\t\t\tclass=\"sow-icon-container sow-container-round\"\n                    style=\"color: #ffffff; \"\n\t\t\t\t\t>\n\t\t\t\t\t<span class=\"sow-icon-ionicons\" data-sow-icon=\"&#xf2d7;\"\n\t\tstyle=\"font-size: 40px; color: #af7215\" \n\t\taria-hidden=\"true\"><\/span>\t\t\t\t<\/div>\n\t\t\t\t\n\t\t\t\t<div class=\"textwidget\">\n\t\t\t\t\t\t\t\t\t\t\t<h5>\n\t\t\t\t\t\t\t\n\t\t\t\t\t\t\tHarzgallen die auslaufen k\u00f6nnen \t\t\t\t\t\t\t\t\t\t\t\t\t<\/h5>\n\t\t\t\t\t\n\t\t\t\t\t\n\t\t\t\t\t\t\t\t\t<\/div>\n\t\t\t\t\t\t\t<\/div>\n\n\t\t\t\t\t<div\n\t\t\t\tclass=\"sow-features-feature sow-icon-container-position-right sow-features-feature-last-row\"\n\t\t\t\tstyle=\"display: flex; flex-direction: row; float: left; width: 100%;\"\n\t\t\t>\n\n\t\t\t\t\t\t\t\t<div\n\t\t\t\t\tclass=\"sow-icon-container sow-container-round\"\n                    style=\"color: #ffffff; \"\n\t\t\t\t\t>\n\t\t\t\t\t<span class=\"sow-icon-ionicons\" data-sow-icon=\"&#xf2d7;\"\n\t\tstyle=\"font-size: 40px; color: #af7215\" \n\t\taria-hidden=\"true\"><\/span>\t\t\t\t<\/div>\n\t\t\t\t\n\t\t\t\t<div class=\"textwidget\">\n\t\t\t\t\t\t\t\t\t\t\t<h5>\n\t\t\t\t\t\t\t\n\t\t\t\t\t\t\tm\u00e4\u00dfige Verf\u00fcgbarkeit von Rhombusleisten aus Kernholz\t\t\t\t\t\t\t\t\t\t\t\t\t<\/h5>\n\t\t\t\t\t\n\t\t\t\t\t\n\t\t\t\t\t\t\t\t\t<\/div>\n\t\t\t\t\t\t\t<\/div>\n\n\t\t\t\n<\/div>\n<\/div><\/div><\/div><\/div><div id=\"pg-318-2\"  class=\"panel-grid panel-no-style\" ><div id=\"pgc-318-2-0\"  class=\"panel-grid-cell\" ><div id=\"panel-318-2-0-0\" class=\"widget_text so-panel widget widget_custom_html panel-first-child panel-last-child\" data-index=\"6\" ><h3 class=\"widget-title\">Hier finden Sie Angebote zu Rhombusleisten:<\/h3><div class=\"textwidget custom-html-widget\"><a target=\"_self\" href=\"https:\/\/ebay.us\/Z0bvYX\" rel=\"noopener\">https:\/\/ebay.us\/Z0bvYX<\/a><img decoding=\"async\" style=\"text-decoration:none;border:0;padding:0;margin:0;\" src=\"https:\/\/www.ebayadservices.com\/marketingtracking\/v1\/impression?mpt=[CACHEBUSTER]&mkcid=1&mkrid=707-53477-19255-0&mkevt=2&siteid=77&campid=5338457690&ad_type=0&toolid=20012&customid=Rhombusleisten\"><\/div><\/div><\/div><\/div><\/div>","protected":false},"excerpt":{"rendered":"<p>Die Kiefer ist ein heimischer Nadelbaum der in der Holzindustrie vielseitige Verwendung findet. Die Kiefer ist die zweith\u00e4ufigste Baumart den W\u00e4ldern Deutschlands. Das Kiefernholz besitzt sehr gute mechanische Eigenschaften, ist weich und l\u00e4sst sich sehr\u00a0gut bearbeiten. Im Au\u00dfenbereich ist die Kiefer ohne Holzschutzma\u00dfnahmen gut\u00a0best\u00e4ndig. Rhombusleisten aus dem Kernholz der Kiefer k\u00f6nnen auch ohne chemische Holzschutzma\u00dfnahmen&#8230;<\/p>\n<p class=\"more-link\"><a href=\"https:\/\/rhombusleisten-montage.de\/index.php\/kiefer\/\" class=\"themebutton3\">Read More<\/a><\/p>\n","protected":false},"author":1,"featured_media":0,"parent":0,"menu_order":0,"comment_status":"closed","ping_status":"closed","template":"","meta":{"_monsterinsights_skip_tracking":false,"_monsterinsights_sitenote_active":false,"_monsterinsights_sitenote_note":"","_monsterinsights_sitenote_category":0,"footnotes":""},"aioseo_notices":[],"_links":{"self":[{"href":"https:\/\/rhombusleisten-montage.de\/index.php\/wp-json\/wp\/v2\/pages\/318"}],"collection":[{"href":"https:\/\/rhombusleisten-montage.de\/index.php\/wp-json\/wp\/v2\/pages"}],"about":[{"href":"https:\/\/rhombusleisten-montage.de\/index.php\/wp-json\/wp\/v2\/types\/page"}],"author":[{"embeddable":true,"href":"https:\/\/rhombusleisten-montage.de\/index.php\/wp-json\/wp\/v2\/users\/1"}],"replies":[{"embeddable":true,"href":"https:\/\/rhombusleisten-montage.de\/index.php\/wp-json\/wp\/v2\/comments?post=318"}],"version-history":[{"count":30,"href":"https:\/\/rhombusleisten-montage.de\/index.php\/wp-json\/wp\/v2\/pages\/318\/revisions"}],"predecessor-version":[{"id":2233,"href":"https:\/\/rhombusleisten-montage.de\/index.php\/wp-json\/wp\/v2\/pages\/318\/revisions\/2233"}],"wp:attachment":[{"href":"https:\/\/rhombusleisten-montage.de\/index.php\/wp-json\/wp\/v2\/media?parent=318"}],"curies":[{"name":"wp","href":"https:\/\/api.w.org\/{rel}","templated":true}]}}