{"id":314,"date":"2018-07-21T13:48:11","date_gmt":"2018-07-21T13:48:11","guid":{"rendered":"https:\/\/rhombusleisten-montage.de\/?page_id=314"},"modified":"2021-04-06T16:09:29","modified_gmt":"2021-04-06T16:09:29","slug":"eiche","status":"publish","type":"page","link":"https:\/\/rhombusleisten-montage.de\/index.php\/eiche\/","title":{"rendered":"Eiche"},"content":{"rendered":"<div id=\"pl-314\"  class=\"panel-layout\" ><div id=\"pg-314-0\"  class=\"panel-grid panel-has-style\" ><div class=\"panel-row-style panel-row-style-for-314-0\" ><div id=\"pgc-314-0-0\"  class=\"panel-grid-cell\" ><div id=\"panel-314-0-0-0\" class=\"so-panel widget widget_sow-editor panel-first-child panel-last-child\" data-index=\"0\" ><div\n\t\t\t\n\t\t\tclass=\"so-widget-sow-editor so-widget-sow-editor-base\"\n\t\t\t\n\t\t>\n<div class=\"siteorigin-widget-tinymce textwidget\">\n\t<p>Die Eiche ist ein heimischer Laubbaum der in der Holzindustrie vielseitige Verwendung findet. Die Eiche ist eines der \u00a0wertvollsten heimischen Nutzh\u00f6lzer. Das Eichenholz besitzt gute mechanische Eigenschaften, ist hart und l\u00e4sst sich gut bearbeiten. Eichenholz ist von Natur aus sehr witterungsresistent.<\/p>\n<p>Rhombusleisten aus Eiche k\u00f6nnen auch ohne Holzschutzma\u00dfnahmen gegen\u00fcber Witterung im Au\u00dfenbereich eingesetzt werden. Es ist von Natur aus sehr gut gegen Sch\u00e4dlinge, Schimmel und F\u00e4ulnis gesch\u00fctzt.<\/p>\n<\/div>\n<\/div><\/div><\/div><div id=\"pgc-314-0-1\"  class=\"panel-grid-cell panel-grid-cell-empty\" ><\/div><div id=\"pgc-314-0-2\"  class=\"panel-grid-cell\" ><div id=\"panel-314-0-2-0\" class=\"so-panel widget widget_sow-price-table panel-first-child panel-last-child\" data-index=\"1\" ><div\n\t\t\t\n\t\t\tclass=\"so-widget-sow-price-table so-widget-sow-price-table-atom-b54579b91876-314\"\n\t\t\t\n\t\t>\n\n<div class=\"ow-pt-columns-atom\">\n\n\t        <div class=\"ow-pt-column ow-pt-first ow-pt-last ow-pt-even\"\n             style=\"width: 100%\">\n            <div class=\"ow-pt-title\">\n\t\t\t\tRHOMBUSLEISTN AUS EICHE\t\t\t\t            <\/div>\n\n            <div class=\"ow-pt-details\">\n                <div class=\"ow-pt-price\">3,00 - 4,50 \u20ac<\/div>\n                <div class=\"ow-pt-per\">pro lfm.<\/div>\n            <\/div>\n\n\t\t\t\n            <div class=\"ow-pt-features\">\n\t\t\t\t            <\/div>\n\n\t\t\t                <div class=\"ow-pt-button\">\n                    <a href='https:\/\/rhombusleisten-montage.de\/index.php\/holzarten\/'\n                       class=\"ow-pt-link\" >Zur Vergleichstabelle<\/a>\n                <\/div>\n\t\t\t        <\/div>\n\t\n\n\t\n<\/div>\n<\/div><\/div><\/div><\/div><\/div><div id=\"pg-314-1\"  class=\"panel-grid panel-no-style\" ><div id=\"pgc-314-1-0\"  class=\"panel-grid-cell\" ><div id=\"panel-314-1-0-0\" class=\"so-panel widget widget_sow-headline panel-first-child\" data-index=\"2\" ><div\n\t\t\t\n\t\t\tclass=\"so-widget-sow-headline so-widget-sow-headline-default-a592851a1095-314\"\n\t\t\t\n\t\t><div class=\"sow-headline-container \">\n\t<h4 class='sow-headline'>Pro<\/h4><\/div><\/div><\/div><div id=\"panel-314-1-0-1\" class=\"so-panel widget widget_sow-features panel-last-child\" data-index=\"3\" ><div\n\t\t\t\n\t\t\tclass=\"so-widget-sow-features so-widget-sow-features-default-69e015a53c7e-314\"\n\t\t\t\n\t\t>\n<div class=\"sow-features-list sow-features-responsive\">\n\n\t\t\t\t\t\t<div\n\t\t\t\tclass=\"sow-features-feature sow-icon-container-position-right \"\n\t\t\t\tstyle=\"display: flex; flex-direction: row; float: left; width: 100%;\"\n\t\t\t>\n\n\t\t\t\t\t\t\t\t<div\n\t\t\t\t\tclass=\"sow-icon-container sow-container-round\"\n                    style=\"color: #ffffff; \"\n\t\t\t\t\t>\n\t\t\t\t\t<span class=\"sow-icon-ionicons\" data-sow-icon=\"&#xf383;\"\n\t\tstyle=\"font-size: 40px; color: #af7215\" \n\t\taria-hidden=\"true\"><\/span>\t\t\t\t<\/div>\n\t\t\t\t\n\t\t\t\t<div class=\"textwidget\">\n\t\t\t\t\t\t\t\t\t\t\t<h5>\n\t\t\t\t\t\t\t\n\t\t\t\t\t\t\tsehr gute Witterungsbest\u00e4ndigkeit\t\t\t\t\t\t\t\t\t\t\t\t\t<\/h5>\n\t\t\t\t\t\n\t\t\t\t\t\n\t\t\t\t\t\t\t\t\t<\/div>\n\t\t\t\t\t\t\t<\/div>\n\n\t\t\t\t\t<div\n\t\t\t\tclass=\"sow-features-feature sow-icon-container-position-right \"\n\t\t\t\tstyle=\"display: flex; flex-direction: row; float: left; width: 100%;\"\n\t\t\t>\n\n\t\t\t\t\t\t\t\t<div\n\t\t\t\t\tclass=\"sow-icon-container sow-container-round\"\n                    style=\"color: #ffffff; \"\n\t\t\t\t\t>\n\t\t\t\t\t<span class=\"sow-icon-ionicons\" data-sow-icon=\"&#xf383;\"\n\t\tstyle=\"font-size: 40px; color: #af7215\" \n\t\taria-hidden=\"true\"><\/span>\t\t\t\t<\/div>\n\t\t\t\t\n\t\t\t\t<div class=\"textwidget\">\n\t\t\t\t\t\t\t\t\t\t\t<h5>\n\t\t\t\t\t\t\t\n\t\t\t\t\t\t\tsehr lange Haltbarkeit\t\t\t\t\t\t\t\t\t\t\t\t\t<\/h5>\n\t\t\t\t\t\n\t\t\t\t\t\n\t\t\t\t\t\t\t\t\t<\/div>\n\t\t\t\t\t\t\t<\/div>\n\n\t\t\t\t\t<div\n\t\t\t\tclass=\"sow-features-feature sow-icon-container-position-right \"\n\t\t\t\tstyle=\"display: flex; flex-direction: row; float: left; width: 100%;\"\n\t\t\t>\n\n\t\t\t\t\t\t\t\t<div\n\t\t\t\t\tclass=\"sow-icon-container sow-container-round\"\n                    style=\"color: #ffffff; \"\n\t\t\t\t\t>\n\t\t\t\t\t<span class=\"sow-icon-ionicons\" data-sow-icon=\"&#xf383;\"\n\t\tstyle=\"font-size: 40px; color: #af7215\" \n\t\taria-hidden=\"true\"><\/span>\t\t\t\t<\/div>\n\t\t\t\t\n\t\t\t\t<div class=\"textwidget\">\n\t\t\t\t\t\t\t\t\t\t\t<h5>\n\t\t\t\t\t\t\t\n\t\t\t\t\t\t\tsehr guter nat\u00fcrlicher Schutz gegen Sch\u00e4dlinge, Schimmel und F\u00e4ulnis (kein chemischer Holzschutz notwedig) \t\t\t\t\t\t\t\t\t\t\t\t\t<\/h5>\n\t\t\t\t\t\n\t\t\t\t\t\n\t\t\t\t\t\t\t\t\t<\/div>\n\t\t\t\t\t\t\t<\/div>\n\n\t\t\t\t\t<div\n\t\t\t\tclass=\"sow-features-feature sow-icon-container-position-right sow-features-feature-last-row\"\n\t\t\t\tstyle=\"display: flex; flex-direction: row; float: left; width: 100%;\"\n\t\t\t>\n\n\t\t\t\t\t\t\t\t<div\n\t\t\t\t\tclass=\"sow-icon-container sow-container-round\"\n                    style=\"color: #ffffff; \"\n\t\t\t\t\t>\n\t\t\t\t\t<span class=\"sow-icon-ionicons\" data-sow-icon=\"&#xf383;\"\n\t\tstyle=\"font-size: 40px; color: #af7215\" \n\t\taria-hidden=\"true\"><\/span>\t\t\t\t<\/div>\n\t\t\t\t\n\t\t\t\t<div class=\"textwidget\">\n\t\t\t\t\t\t\t\t\t\t\t<h5>\n\t\t\t\t\t\t\t\n\t\t\t\t\t\t\thochwertige edle Optik\t\t\t\t\t\t\t\t\t\t\t\t\t<\/h5>\n\t\t\t\t\t\n\t\t\t\t\t\n\t\t\t\t\t\t\t\t\t<\/div>\n\t\t\t\t\t\t\t<\/div>\n\n\t\t\t\n<\/div>\n<\/div><\/div><\/div><div id=\"pgc-314-1-1\"  class=\"panel-grid-cell\" ><div id=\"panel-314-1-1-0\" class=\"so-panel widget widget_sow-headline panel-first-child\" data-index=\"4\" ><div\n\t\t\t\n\t\t\tclass=\"so-widget-sow-headline so-widget-sow-headline-default-a592851a1095-314\"\n\t\t\t\n\t\t><div class=\"sow-headline-container \">\n\t<h4 class='sow-headline'>Contra<\/h4><\/div><\/div><\/div><div id=\"panel-314-1-1-1\" class=\"so-panel widget widget_sow-features panel-last-child\" data-index=\"5\" ><div\n\t\t\t\n\t\t\tclass=\"so-widget-sow-features so-widget-sow-features-default-69e015a53c7e-314\"\n\t\t\t\n\t\t>\n<div class=\"sow-features-list sow-features-responsive\">\n\n\t\t\t\t\t\t<div\n\t\t\t\tclass=\"sow-features-feature sow-icon-container-position-right \"\n\t\t\t\tstyle=\"display: flex; flex-direction: row; float: left; width: 100%;\"\n\t\t\t>\n\n\t\t\t\t\t\t\t\t<div\n\t\t\t\t\tclass=\"sow-icon-container sow-container-round\"\n                    style=\"color: #ffffff; \"\n\t\t\t\t\t>\n\t\t\t\t\t<span class=\"sow-icon-ionicons\" data-sow-icon=\"&#xf2d7;\"\n\t\tstyle=\"font-size: 40px; color: #af7215\" \n\t\taria-hidden=\"true\"><\/span>\t\t\t\t<\/div>\n\t\t\t\t\n\t\t\t\t<div class=\"textwidget\">\n\t\t\t\t\t\t\t\t\t\t\t<h5>\n\t\t\t\t\t\t\t\n\t\t\t\t\t\t\tm\u00e4\u00dfige Verf\u00fcgbarkeit\t\t\t\t\t\t\t\t\t\t\t\t\t<\/h5>\n\t\t\t\t\t\n\t\t\t\t\t\n\t\t\t\t\t\t\t\t\t<\/div>\n\t\t\t\t\t\t\t<\/div>\n\n\t\t\t\t\t<div\n\t\t\t\tclass=\"sow-features-feature sow-icon-container-position-right sow-features-feature-last-row\"\n\t\t\t\tstyle=\"display: flex; flex-direction: row; float: left; width: 100%;\"\n\t\t\t>\n\n\t\t\t\t\t\t\t\t<div\n\t\t\t\t\tclass=\"sow-icon-container sow-container-round\"\n                    style=\"color: #ffffff; \"\n\t\t\t\t\t>\n\t\t\t\t\t<span class=\"sow-icon-ionicons\" data-sow-icon=\"&#xf2d7;\"\n\t\tstyle=\"font-size: 40px; color: #af7215\" \n\t\taria-hidden=\"true\"><\/span>\t\t\t\t<\/div>\n\t\t\t\t\n\t\t\t\t<div class=\"textwidget\">\n\t\t\t\t\t\t\t\t\t\t\t<h5>\n\t\t\t\t\t\t\t\n\t\t\t\t\t\t\tes kann zu Auswaschungen von Kerninhaltsstoffen kommen (Gerbs\u00e4ure), die zu Verf\u00e4rbungen an darunterliegenden Fassaden oder Hofpflaster kommen k\u00f6nnen. Austretende Gerbs\u00e4ure wirkt korrosiv auf Nicht edle Metalle \t\t\t\t\t\t\t\t\t\t\t\t\t<\/h5>\n\t\t\t\t\t\n\t\t\t\t\t\n\t\t\t\t\t\t\t\t\t<\/div>\n\t\t\t\t\t\t\t<\/div>\n\n\t\t\t\n<\/div>\n<\/div><\/div><\/div><\/div><div id=\"pg-314-2\"  class=\"panel-grid panel-no-style\" ><div id=\"pgc-314-2-0\"  class=\"panel-grid-cell\" ><div id=\"panel-314-2-0-0\" class=\"widget_text so-panel widget widget_custom_html panel-first-child panel-last-child\" data-index=\"6\" ><h3 class=\"widget-title\">Hier finden Sie Angebote zu Rhombusleisten:<\/h3><div class=\"textwidget custom-html-widget\"><a target=\"_self\" href=\"https:\/\/ebay.us\/Z0bvYX\" rel=\"noopener\">https:\/\/ebay.us\/Z0bvYX<\/a><img decoding=\"async\" style=\"text-decoration:none;border:0;padding:0;margin:0;\" src=\"https:\/\/www.ebayadservices.com\/marketingtracking\/v1\/impression?mpt=[CACHEBUSTER]&mkcid=1&mkrid=707-53477-19255-0&mkevt=2&siteid=77&campid=5338457690&ad_type=0&toolid=20012&customid=Rhombusleisten\"><\/div><\/div><\/div><\/div><\/div>","protected":false},"excerpt":{"rendered":"<p>Die Eiche ist ein heimischer Laubbaum der in der Holzindustrie vielseitige Verwendung findet. Die Eiche ist eines der \u00a0wertvollsten heimischen Nutzh\u00f6lzer. Das Eichenholz besitzt gute mechanische Eigenschaften, ist hart und l\u00e4sst sich gut bearbeiten. Eichenholz ist von Natur aus sehr witterungsresistent. Rhombusleisten aus Eiche k\u00f6nnen auch ohne Holzschutzma\u00dfnahmen gegen\u00fcber Witterung im Au\u00dfenbereich eingesetzt werden. Es&#8230;<\/p>\n<p class=\"more-link\"><a href=\"https:\/\/rhombusleisten-montage.de\/index.php\/eiche\/\" class=\"themebutton3\">Read More<\/a><\/p>\n","protected":false},"author":1,"featured_media":0,"parent":0,"menu_order":0,"comment_status":"closed","ping_status":"closed","template":"","meta":{"_monsterinsights_skip_tracking":false,"_monsterinsights_sitenote_active":false,"_monsterinsights_sitenote_note":"","_monsterinsights_sitenote_category":0,"footnotes":""},"aioseo_notices":[],"_links":{"self":[{"href":"https:\/\/rhombusleisten-montage.de\/index.php\/wp-json\/wp\/v2\/pages\/314"}],"collection":[{"href":"https:\/\/rhombusleisten-montage.de\/index.php\/wp-json\/wp\/v2\/pages"}],"about":[{"href":"https:\/\/rhombusleisten-montage.de\/index.php\/wp-json\/wp\/v2\/types\/page"}],"author":[{"embeddable":true,"href":"https:\/\/rhombusleisten-montage.de\/index.php\/wp-json\/wp\/v2\/users\/1"}],"replies":[{"embeddable":true,"href":"https:\/\/rhombusleisten-montage.de\/index.php\/wp-json\/wp\/v2\/comments?post=314"}],"version-history":[{"count":32,"href":"https:\/\/rhombusleisten-montage.de\/index.php\/wp-json\/wp\/v2\/pages\/314\/revisions"}],"predecessor-version":[{"id":2239,"href":"https:\/\/rhombusleisten-montage.de\/index.php\/wp-json\/wp\/v2\/pages\/314\/revisions\/2239"}],"wp:attachment":[{"href":"https:\/\/rhombusleisten-montage.de\/index.php\/wp-json\/wp\/v2\/media?parent=314"}],"curies":[{"name":"wp","href":"https:\/\/api.w.org\/{rel}","templated":true}]}}