{"id":231,"date":"2018-07-16T13:48:18","date_gmt":"2018-07-16T13:48:18","guid":{"rendered":"https:\/\/rhombusleisten-montage.de\/?page_id=231"},"modified":"2019-03-21T15:07:09","modified_gmt":"2019-03-21T15:07:09","slug":"vorbehandelte-leisten","status":"publish","type":"page","link":"https:\/\/rhombusleisten-montage.de\/index.php\/vorbehandelte-leisten\/","title":{"rendered":"Vorbehandelte Leisten"},"content":{"rendered":"<div id=\"pl-231\"  class=\"panel-layout\" ><div id=\"pg-231-0\"  class=\"panel-grid panel-has-style\" ><div class=\"panel-row-style panel-row-style-for-231-0\" ><div id=\"pgc-231-0-0\"  class=\"panel-grid-cell\" ><div id=\"panel-231-0-0-0\" class=\"so-panel widget widget_sow-editor panel-first-child panel-last-child\" data-index=\"0\" ><div\n\t\t\t\n\t\t\tclass=\"so-widget-sow-editor so-widget-sow-editor-base\"\n\t\t\t\n\t\t>\n<div class=\"siteorigin-widget-tinymce textwidget\">\n\t<p>Rhombusleisten sind auch vorbehandelt erh\u00e4ltlich. Eine Vorbehandlung wird aus Gr\u00fcnden des Holzschutzes oder um eine gew\u00fcnschte Optik zu erhalten durchgef\u00fchrt.<\/p>\n<\/div>\n<\/div><\/div><\/div><\/div><\/div><div id=\"pg-231-1\"  class=\"panel-grid panel-no-style\" ><div id=\"pgc-231-1-0\"  class=\"panel-grid-cell\" ><div id=\"panel-231-1-0-0\" class=\"so-panel widget widget_sow-headline panel-first-child\" data-index=\"1\" ><div\n\t\t\t\n\t\t\tclass=\"so-widget-sow-headline so-widget-sow-headline-default-9911b3d345e6-231\"\n\t\t\t\n\t\t><div class=\"sow-headline-container \">\n\t<h1 class='sow-headline'>Vorbehandelnde Holzschutzma\u00dfnahmen k\u00f6nnen sein:<\/h1>\t\t\t\t\t<div class=\"decoration\">\n\t\t\t\t\t\t<div class=\"decoration-inside\"><\/div>\n\t\t\t\t\t<\/div>\n\t\t\t\t\t<\/div><\/div><\/div><div id=\"panel-231-1-0-1\" class=\"so-panel widget widget_sow-headline\" data-index=\"2\" ><div\n\t\t\t\n\t\t\tclass=\"so-widget-sow-headline so-widget-sow-headline-default-7c5c9e3f988c-231\"\n\t\t\t\n\t\t><div class=\"sow-headline-container \">\n\t<h2 class='sow-headline'>Impr\u00e4gnierung<\/h2><\/div><\/div><\/div><div id=\"panel-231-1-0-2\" class=\"so-panel widget widget_sow-editor\" data-index=\"3\" ><div\n\t\t\t\n\t\t\tclass=\"so-widget-sow-editor so-widget-sow-editor-base\"\n\t\t\t\n\t\t>\n<div class=\"siteorigin-widget-tinymce textwidget\">\n\t<p>Eine Impr\u00e4gnierung macht das Holz best\u00e4ndiger gegen\u00fcber Witterungseinfl\u00fcssen. Holzschutzmittel wird durch Unterdruck in das Holz gesaugt. Somit ist das Holz komplett mit Holzschutzmittel durchtr\u00e4nkt.<\/p>\n<p>Bei der Verwendung von hochwertigen H\u00f6lzern und dem Anwenden von konstruktiven Holzschutzma\u00dfnahmen macht eine Impr\u00e4gnierung \u00fcberfl\u00fcssig. Von einer Impr\u00e4gnierung ist ebenso aus \u00f6kologischen Gr\u00fcnden abzuraten. Es werden oft biozide Stoffe f\u00fcr die Impr\u00e4gnierung verwendet, Biozide sind potenziell gef\u00e4hrlich f\u00fcr die Umwelt und die Gesundheit von Mensch und Tier.<\/p>\n<\/div>\n<\/div><\/div><div id=\"panel-231-1-0-3\" class=\"so-panel widget widget_sow-headline\" data-index=\"4\" ><div\n\t\t\t\n\t\t\tclass=\"so-widget-sow-headline so-widget-sow-headline-default-7c5c9e3f988c-231\"\n\t\t\t\n\t\t><div class=\"sow-headline-container \">\n\t<h2 class='sow-headline'>Thermoholz<\/h2><\/div><\/div><\/div><div id=\"panel-231-1-0-4\" class=\"so-panel widget widget_sow-editor panel-last-child\" data-index=\"5\" ><div\n\t\t\t\n\t\t\tclass=\"so-widget-sow-editor so-widget-sow-editor-base\"\n\t\t\t\n\t\t>\n<div class=\"siteorigin-widget-tinymce textwidget\">\n\t<p>Bei einer thermischen Behandlung wird das Holz auf bis zu 250\u00b0C erhitzt. Mit dieser Ma\u00dfnahme nimmt das Holz sp\u00e4ter weniger Wasser auf und ist somit besser gesch\u00fctzt. Der Schutz gegen Sch\u00e4dlinge wie Pilze oder Insekten wird ebenfalls verbessert. Durch die thermische Behandlung verspr\u00f6det das Holz leicht und kann einen Teil seiner technischen Eigenschaften verlieren. Je nach Dauer und St\u00e4rke der Behandlung verf\u00e4rbt sich das Holz dunkel.<\/p>\n<p>Die Verwendung von Thermoholz kann empfohlen werden. N\u00f6tig ist sie jedoch bei der Verwendung von hochwertigen H\u00f6lzern und dem Anwenden von konstruktiven Holzschutzma\u00dfnahmen nicht.<\/p>\n<\/div>\n<\/div><\/div><\/div><\/div><div id=\"pg-231-2\"  class=\"panel-grid panel-no-style\" ><div id=\"pgc-231-2-0\"  class=\"panel-grid-cell panel-grid-cell-empty\" ><\/div><\/div><div id=\"pg-231-3\"  class=\"panel-grid panel-no-style\" ><div id=\"pgc-231-3-0\"  class=\"panel-grid-cell\" ><div id=\"panel-231-3-0-0\" class=\"so-panel widget widget_sow-headline panel-first-child\" data-index=\"6\" ><div\n\t\t\t\n\t\t\tclass=\"so-widget-sow-headline so-widget-sow-headline-default-9911b3d345e6-231\"\n\t\t\t\n\t\t><div class=\"sow-headline-container \">\n\t<h1 class='sow-headline'>Optische Ma\u00dfnahmen<\/h1>\t\t\t\t\t<div class=\"decoration\">\n\t\t\t\t\t\t<div class=\"decoration-inside\"><\/div>\n\t\t\t\t\t<\/div>\n\t\t\t\t\t<\/div><\/div><\/div><div id=\"panel-231-3-0-1\" class=\"so-panel widget widget_sow-headline\" data-index=\"7\" ><div\n\t\t\t\n\t\t\tclass=\"so-widget-sow-headline so-widget-sow-headline-default-7c5c9e3f988c-231\"\n\t\t\t\n\t\t><div class=\"sow-headline-container \">\n\t<h2 class='sow-headline'>Vorvergrauung<\/h2><\/div><\/div><\/div><div id=\"panel-231-3-0-2\" class=\"so-panel widget widget_sow-editor\" data-index=\"8\" ><div\n\t\t\t\n\t\t\tclass=\"so-widget-sow-editor so-widget-sow-editor-base\"\n\t\t\t\n\t\t>\n<div class=\"siteorigin-widget-tinymce textwidget\">\n\t<p>Unbehandelte Rhombusleisten vergrauen wenn sie dem Sonnenlicht, der Witterung und Mikroorganismen ausgesetzt sind unterschiedlich stark. Um den Vergrauungsprozess zu beschleunigen und einen gleichm\u00e4\u00dfigen grauen Farbton an der ganzen Fassade zu erhalten kann Vergrauungslasur verwendet werden bzw vorvergraute Rhombusleistn gekauft werden.<\/p>\n<\/div>\n<\/div><\/div><div id=\"panel-231-3-0-3\" class=\"widget_text so-panel widget widget_custom_html\" data-index=\"9\" ><div class=\"textwidget custom-html-widget\"><iframe style=\"width:120px;height:240px;\" marginwidth=\"0\" marginheight=\"0\" scrolling=\"no\" frameborder=\"0\" src=\"\/\/ws-eu.amazon-adsystem.com\/widgets\/q?ServiceVersion=20070822&OneJS=1&Operation=GetAdHtml&MarketPlace=DE&source=ac&ref=tf_til&ad_type=product_link&tracking_id=rhombusleiste-21&marketplace=amazon&region=DE&placement=B00G6BK5XE&asins=B00G6BK5XE&linkId=f7f115c2584b1108d21561913d1ad179&show_border=false&link_opens_in_new_window=false&price_color=333333&title_color=0066c0&bg_color=ffffff\">\n    <\/iframe><\/div><\/div><div id=\"panel-231-3-0-4\" class=\"so-panel widget widget_sow-headline\" data-index=\"10\" ><div\n\t\t\t\n\t\t\tclass=\"so-widget-sow-headline so-widget-sow-headline-default-7c5c9e3f988c-231\"\n\t\t\t\n\t\t><div class=\"sow-headline-container \">\n\t<h2 class='sow-headline'>Lackierte Rhombusleisten<\/h2><\/div><\/div><\/div><div id=\"panel-231-3-0-5\" class=\"so-panel widget widget_sow-editor panel-last-child\" data-index=\"11\" ><div\n\t\t\t\n\t\t\tclass=\"so-widget-sow-editor so-widget-sow-editor-base\"\n\t\t\t\n\t\t>\n<div class=\"siteorigin-widget-tinymce textwidget\">\n\t<p>Rhombusleisten sind auch lackiert erh\u00e4ltlich, man kann Die Rhombusleisten mit Klarlack lackiert oder in seiner Wunschfarbe kaufen. Bei einer Lackierung mit Klarlack mit UV- Blockern kann eine Vergrauung des Holzes stark verlangsamt werden.<\/p>\n<p>Bei der \u00a0Montage ist darauf zu achten dass die Lackschicht nicht besch\u00e4digt wird damit der volle Schutz der Lackierung erhalten bleibt.<\/p>\n<\/div>\n<\/div><\/div><\/div><\/div><div id=\"pg-231-4\"  class=\"panel-grid panel-no-style\" ><div id=\"pgc-231-4-0\"  class=\"panel-grid-cell\" ><div id=\"panel-231-4-0-0\" class=\"widget_text so-panel widget widget_custom_html panel-first-child panel-last-child\" data-index=\"12\" ><div class=\"textwidget custom-html-widget\"><iframe style=\"width:120px;height:240px;\" marginwidth=\"0\" marginheight=\"0\" scrolling=\"no\" frameborder=\"0\" src=\"\/\/ws-eu.amazon-adsystem.com\/widgets\/q?ServiceVersion=20070822&OneJS=1&Operation=GetAdHtml&MarketPlace=DE&source=ac&ref=tf_til&ad_type=product_link&tracking_id=rhombusleiste-21&marketplace=amazon&region=DE&placement=B00FDQABNC&asins=B00FDQABNC&linkId=f800193b7a05a02cabeb60994d0ba7c5&show_border=false&link_opens_in_new_window=false&price_color=333333&title_color=0066c0&bg_color=ffffff\">\n    <\/iframe>\n<iframe style=\"width:120px;height:240px;\" marginwidth=\"0\" marginheight=\"0\" scrolling=\"no\" frameborder=\"0\" src=\"\/\/ws-eu.amazon-adsystem.com\/widgets\/q?ServiceVersion=20070822&OneJS=1&Operation=GetAdHtml&MarketPlace=DE&source=ac&ref=tf_til&ad_type=product_link&tracking_id=rhombusleiste-21&marketplace=amazon&region=DE&placement=B004GTYNUY&asins=B004GTYNUY&linkId=189d26bf0fb1991bbf6a9434fb450c7f&show_border=false&link_opens_in_new_window=false&price_color=333333&title_color=0066c0&bg_color=ffffff\">\n    <\/iframe><\/div><\/div><\/div><\/div><\/div>","protected":false},"excerpt":{"rendered":"<p>Rhombusleisten sind auch vorbehandelt erh\u00e4ltlich. Eine Vorbehandlung wird aus Gr\u00fcnden des Holzschutzes oder um eine gew\u00fcnschte Optik zu erhalten durchgef\u00fchrt. Eine Impr\u00e4gnierung macht das Holz best\u00e4ndiger gegen\u00fcber Witterungseinfl\u00fcssen. Holzschutzmittel wird durch Unterdruck in das Holz gesaugt. Somit ist das Holz komplett mit Holzschutzmittel durchtr\u00e4nkt. Bei der Verwendung von hochwertigen H\u00f6lzern und dem Anwenden von konstruktiven&#8230;<\/p>\n<p class=\"more-link\"><a href=\"https:\/\/rhombusleisten-montage.de\/index.php\/vorbehandelte-leisten\/\" class=\"themebutton3\">Read More<\/a><\/p>\n","protected":false},"author":1,"featured_media":0,"parent":0,"menu_order":0,"comment_status":"closed","ping_status":"closed","template":"","meta":{"_monsterinsights_skip_tracking":false,"_monsterinsights_sitenote_active":false,"_monsterinsights_sitenote_note":"","_monsterinsights_sitenote_category":0,"footnotes":""},"aioseo_notices":[],"_links":{"self":[{"href":"https:\/\/rhombusleisten-montage.de\/index.php\/wp-json\/wp\/v2\/pages\/231"}],"collection":[{"href":"https:\/\/rhombusleisten-montage.de\/index.php\/wp-json\/wp\/v2\/pages"}],"about":[{"href":"https:\/\/rhombusleisten-montage.de\/index.php\/wp-json\/wp\/v2\/types\/page"}],"author":[{"embeddable":true,"href":"https:\/\/rhombusleisten-montage.de\/index.php\/wp-json\/wp\/v2\/users\/1"}],"replies":[{"embeddable":true,"href":"https:\/\/rhombusleisten-montage.de\/index.php\/wp-json\/wp\/v2\/comments?post=231"}],"version-history":[{"count":19,"href":"https:\/\/rhombusleisten-montage.de\/index.php\/wp-json\/wp\/v2\/pages\/231\/revisions"}],"predecessor-version":[{"id":2031,"href":"https:\/\/rhombusleisten-montage.de\/index.php\/wp-json\/wp\/v2\/pages\/231\/revisions\/2031"}],"wp:attachment":[{"href":"https:\/\/rhombusleisten-montage.de\/index.php\/wp-json\/wp\/v2\/media?parent=231"}],"curies":[{"name":"wp","href":"https:\/\/api.w.org\/{rel}","templated":true}]}}