{"id":227,"date":"2018-07-16T13:48:03","date_gmt":"2018-07-16T13:48:03","guid":{"rendered":"https:\/\/rhombusleisten-montage.de\/?page_id=227"},"modified":"2021-10-09T15:29:13","modified_gmt":"2021-10-09T15:29:13","slug":"naturbelassen","status":"publish","type":"page","link":"https:\/\/rhombusleisten-montage.de\/index.php\/naturbelassen\/","title":{"rendered":"Naturbelassen"},"content":{"rendered":"<div id=\"pl-227\"  class=\"panel-layout\" ><div id=\"pg-227-0\"  class=\"panel-grid panel-has-style\" ><div class=\"panel-row-style panel-row-style-for-227-0\" ><div id=\"pgc-227-0-0\"  class=\"panel-grid-cell\" ><div id=\"panel-227-0-0-0\" class=\"so-panel widget widget_sow-editor panel-first-child\" data-index=\"0\" ><div\n\t\t\t\n\t\t\tclass=\"so-widget-sow-editor so-widget-sow-editor-base\"\n\t\t\t\n\t\t>\n<div class=\"siteorigin-widget-tinymce textwidget\">\n\t<p>Wer es nat\u00fcrlich will, kann seine Fassade in W\u00fcrde altern lassen.<\/p>\n<p>Fichte und Tanne sind unbehandelt nur unter der Bedingung des optimalen konstruktiven Holzschutzes f\u00fcr den Au\u00dfeneinsatz geeignet. Werden die Regeln des konstruktiven Holzschutzes eingehalten k\u00f6nnen auch diese Holzsorten dauerhaft im Au\u00dfenbereich eingesetzt werden. Die H\u00f6lzer vergrauen innerhalb eines Jahres, also relativ schnell.<\/p>\n<p>L\u00e4rche, Douglasie und Kiefer sind geeignet da sie sehr harzhaltig sind und einen nat\u00fcrlichen Schutz gegen Witterung und Sch\u00e4dlinge aufweisen. Die Fassade bleicht erst etwas aus und vergraut dann langsam.<\/p>\n<p>Eiche ist sehr gut geeignet da sie dauerhaft sehr Witterungsbest\u00e4ndig ist. Die Fassade vergraut langsam und erh\u00e4lt eine sch\u00f6ne grau schimmernde Optik<\/p>\n<p>Robinie, die wohl am Besten geeignete heimische Holzart f\u00fcr die\u00a0 Verwendung f\u00fcr Rhombusleisten. Die Robinie wei\u00dft einen hohen nat\u00fcrlichen Schutz gegen Witterung und Pilze auf. Die Fassade vergraut langsam und erh\u00e4lt eine sch\u00f6ne silbrig schimmernde Optik. Es empfiehlt sich aufgrund dieser wundersch\u00f6nen Optik das Holz nicht zu behandeln.<\/p>\n<\/div>\n<\/div><\/div><div id=\"panel-227-0-0-1\" class=\"so-panel widget widget_sow-editor\" data-index=\"1\" ><div\n\t\t\t\n\t\t\tclass=\"so-widget-sow-editor so-widget-sow-editor-base\"\n\t\t\t\n\t\t>\n<div class=\"siteorigin-widget-tinymce textwidget\">\n\t<p>&nbsp;<\/p>\n<p>Links eine frisch montierte Eichenfassade, rechts 2 Jahre gealtert<\/p>\n<\/div>\n<\/div><\/div><div id=\"panel-227-0-0-2\" class=\"so-panel widget widget_sow-image\" data-index=\"2\" ><div\n\t\t\t\n\t\t\tclass=\"so-widget-sow-image so-widget-sow-image-default-d6014b76747a-227\"\n\t\t\t\n\t\t>\n\n<div class=\"sow-image-container\">\n\t\t<img decoding=\"async\" src=\"https:\/\/rhombusleisten-montage.de\/wp-content\/uploads\/2018\/07\/IMG_0166-768x1024.jpg\" width=\"768\" height=\"1024\" srcset=\"https:\/\/rhombusleisten-montage.de\/wp-content\/uploads\/2018\/07\/IMG_0166-768x1024.jpg 768w, https:\/\/rhombusleisten-montage.de\/wp-content\/uploads\/2018\/07\/IMG_0166-225x300.jpg 225w, https:\/\/rhombusleisten-montage.de\/wp-content\/uploads\/2018\/07\/IMG_0166.jpg 1000w\" sizes=\"(max-width: 768px) 100vw, 768px\" title=\"Eichenfassade, neu und 2 Jahre alt\" alt=\"Eichenfassade, neu und 2 Jahre alt\" loading=\"lazy\" \t\tclass=\"so-widget-image\"\/>\n\t<\/div>\n\n<\/div><\/div><div id=\"panel-227-0-0-3\" class=\"so-panel widget widget_sow-editor\" data-index=\"3\" ><div\n\t\t\t\n\t\t\tclass=\"so-widget-sow-editor so-widget-sow-editor-base\"\n\t\t\t\n\t\t>\n<div class=\"siteorigin-widget-tinymce textwidget\">\n\t<p>&nbsp;<\/p>\n<p>Eichenfassade 2 Jahre gealtert:<\/p>\n<\/div>\n<\/div><\/div><div id=\"panel-227-0-0-4\" class=\"so-panel widget widget_sow-image\" data-index=\"4\" ><div\n\t\t\t\n\t\t\tclass=\"so-widget-sow-image so-widget-sow-image-default-d6014b76747a-227\"\n\t\t\t\n\t\t>\n\n<div class=\"sow-image-container\">\n\t\t<img decoding=\"async\" src=\"https:\/\/rhombusleisten-montage.de\/wp-content\/uploads\/2021\/04\/IMG_5720-Kopie-1024x768.jpg\" width=\"1024\" height=\"768\" srcset=\"https:\/\/rhombusleisten-montage.de\/wp-content\/uploads\/2021\/04\/IMG_5720-Kopie-1024x768.jpg 1024w, https:\/\/rhombusleisten-montage.de\/wp-content\/uploads\/2021\/04\/IMG_5720-Kopie-300x225.jpg 300w, https:\/\/rhombusleisten-montage.de\/wp-content\/uploads\/2021\/04\/IMG_5720-Kopie-768x576.jpg 768w, https:\/\/rhombusleisten-montage.de\/wp-content\/uploads\/2021\/04\/IMG_5720-Kopie-1536x1152.jpg 1536w, https:\/\/rhombusleisten-montage.de\/wp-content\/uploads\/2021\/04\/IMG_5720-Kopie-2048x1536.jpg 2048w\" sizes=\"(max-width: 1024px) 100vw, 1024px\" title=\"IMG_5720 Kopie\" alt=\"\" loading=\"lazy\" \t\tclass=\"so-widget-image\"\/>\n\t<\/div>\n\n<\/div><\/div><div id=\"panel-227-0-0-5\" class=\"so-panel widget widget_sow-editor\" data-index=\"5\" ><div\n\t\t\t\n\t\t\tclass=\"so-widget-sow-editor so-widget-sow-editor-base\"\n\t\t\t\n\t\t>\n<div class=\"siteorigin-widget-tinymce textwidget\">\n\t<p>&nbsp;<\/p>\n<p>Eichenfassade 4 Jahre gealtert:<\/p>\n<\/div>\n<\/div><\/div><div id=\"panel-227-0-0-6\" class=\"so-panel widget widget_sow-image\" data-index=\"6\" ><div\n\t\t\t\n\t\t\tclass=\"so-widget-sow-image so-widget-sow-image-default-d6014b76747a-227\"\n\t\t\t\n\t\t>\n\n<div class=\"sow-image-container\">\n\t\t<img decoding=\"async\" src=\"https:\/\/rhombusleisten-montage.de\/wp-content\/uploads\/2021\/10\/IMG_8538-1-1024x768.jpg\" width=\"1024\" height=\"768\" srcset=\"https:\/\/rhombusleisten-montage.de\/wp-content\/uploads\/2021\/10\/IMG_8538-1-1024x768.jpg 1024w, https:\/\/rhombusleisten-montage.de\/wp-content\/uploads\/2021\/10\/IMG_8538-1-300x225.jpg 300w, https:\/\/rhombusleisten-montage.de\/wp-content\/uploads\/2021\/10\/IMG_8538-1-768x576.jpg 768w, https:\/\/rhombusleisten-montage.de\/wp-content\/uploads\/2021\/10\/IMG_8538-1-1536x1152.jpg 1536w, https:\/\/rhombusleisten-montage.de\/wp-content\/uploads\/2021\/10\/IMG_8538-1-2048x1536.jpg 2048w\" sizes=\"(max-width: 1024px) 100vw, 1024px\" title=\"IMG_8538 1\" alt=\"\" loading=\"lazy\" \t\tclass=\"so-widget-image\"\/>\n\t<\/div>\n\n<\/div><\/div><div id=\"panel-227-0-0-7\" class=\"so-panel widget widget_sow-editor panel-last-child\" data-index=\"7\" ><div\n\t\t\t\n\t\t\tclass=\"so-widget-sow-editor so-widget-sow-editor-base\"\n\t\t\t\n\t\t>\n<div class=\"siteorigin-widget-tinymce textwidget\">\n\t<p>&nbsp;<\/p>\n<p>50 Jahre Alte L\u00e4rchenverschalung:<\/p>\n<\/div>\n<\/div><\/div><\/div><\/div><\/div><div id=\"pg-227-1\"  class=\"panel-grid panel-no-style\" ><div id=\"pgc-227-1-0\"  class=\"panel-grid-cell\" ><div id=\"panel-227-1-0-0\" class=\"so-panel widget widget_sow-image panel-first-child panel-last-child\" data-index=\"8\" ><div\n\t\t\t\n\t\t\tclass=\"so-widget-sow-image so-widget-sow-image-default-d6014b76747a-227\"\n\t\t\t\n\t\t>\n\n<div class=\"sow-image-container\">\n\t\t<img decoding=\"async\" src=\"https:\/\/rhombusleisten-montage.de\/wp-content\/uploads\/2018\/07\/IMG_0174-768x1024.jpg\" width=\"768\" height=\"1024\" srcset=\"https:\/\/rhombusleisten-montage.de\/wp-content\/uploads\/2018\/07\/IMG_0174-768x1024.jpg 768w, https:\/\/rhombusleisten-montage.de\/wp-content\/uploads\/2018\/07\/IMG_0174-225x300.jpg 225w, https:\/\/rhombusleisten-montage.de\/wp-content\/uploads\/2018\/07\/IMG_0174.jpg 1000w\" sizes=\"(max-width: 768px) 100vw, 768px\" title=\"L\u00e4rche 50 Jahre alt\" alt=\"L\u00e4rche 50 Jahre alt\" loading=\"lazy\" \t\tclass=\"so-widget-image\"\/>\n\t<\/div>\n\n<\/div><\/div><\/div><div id=\"pgc-227-1-1\"  class=\"panel-grid-cell\" ><div id=\"panel-227-1-1-0\" class=\"so-panel widget widget_sow-image panel-first-child panel-last-child\" data-index=\"9\" ><div\n\t\t\t\n\t\t\tclass=\"so-widget-sow-image so-widget-sow-image-default-d6014b76747a-227\"\n\t\t\t\n\t\t>\n\n<div class=\"sow-image-container\">\n\t\t<img decoding=\"async\" src=\"https:\/\/rhombusleisten-montage.de\/wp-content\/uploads\/2018\/07\/IMG_0173-768x1024.jpg\" width=\"768\" height=\"1024\" srcset=\"https:\/\/rhombusleisten-montage.de\/wp-content\/uploads\/2018\/07\/IMG_0173-768x1024.jpg 768w, https:\/\/rhombusleisten-montage.de\/wp-content\/uploads\/2018\/07\/IMG_0173-225x300.jpg 225w, https:\/\/rhombusleisten-montage.de\/wp-content\/uploads\/2018\/07\/IMG_0173.jpg 1000w\" sizes=\"(max-width: 768px) 100vw, 768px\" title=\"L\u00e4rche 50 Jahre alt\" alt=\"L\u00e4rche 50 Jahre alt\" loading=\"lazy\" \t\tclass=\"so-widget-image\"\/>\n\t<\/div>\n\n<\/div><\/div><\/div><\/div><div id=\"pg-227-2\"  class=\"panel-grid panel-no-style\" ><div id=\"pgc-227-2-0\"  class=\"panel-grid-cell\" ><div id=\"panel-227-2-0-0\" class=\"widget_text so-panel widget widget_custom_html panel-first-child panel-last-child\" data-index=\"10\" ><div class=\"textwidget custom-html-widget\"><iframe style=\"width:120px;height:240px;\" marginwidth=\"0\" marginheight=\"0\" scrolling=\"no\" frameborder=\"0\" src=\"\/\/ws-eu.amazon-adsystem.com\/widgets\/q?ServiceVersion=20070822&OneJS=1&Operation=GetAdHtml&MarketPlace=DE&source=ac&ref=tf_til&ad_type=product_link&tracking_id=rhombusleiste-21&marketplace=amazon&region=DE&placement=B00N9ZXMBM&asins=B00N9ZXMBM&linkId=8ada8a07b284eba10b6399514bda9db8&show_border=false&link_opens_in_new_window=false&price_color=333333&title_color=0066c0&bg_color=ffffff\">\n    <\/iframe>\n\n<iframe style=\"width:120px;height:240px;\" marginwidth=\"0\" marginheight=\"0\" scrolling=\"no\" frameborder=\"0\" src=\"\/\/ws-eu.amazon-adsystem.com\/widgets\/q?ServiceVersion=20070822&OneJS=1&Operation=GetAdHtml&MarketPlace=DE&source=ac&ref=tf_til&ad_type=product_link&tracking_id=rhombusleiste-21&marketplace=amazon&region=DE&placement=B00MPQV5CY&asins=B00MPQV5CY&linkId=48eb8629c2e71ce7bf6be1d550b0b2de&show_border=false&link_opens_in_new_window=false&price_color=333333&title_color=0066c0&bg_color=ffffff\">\n    <\/iframe>\n\n<iframe style=\"width:120px;height:240px;\" marginwidth=\"0\" marginheight=\"0\" scrolling=\"no\" frameborder=\"0\" src=\"\/\/ws-eu.amazon-adsystem.com\/widgets\/q?ServiceVersion=20070822&OneJS=1&Operation=GetAdHtml&MarketPlace=DE&source=ac&ref=tf_til&ad_type=product_link&tracking_id=rhombusleiste-21&marketplace=amazon&region=DE&placement=B00BTG9D4I&asins=B00BTG9D4I&linkId=8ea22cc23faf04bc8d5516274ca01287&show_border=false&link_opens_in_new_window=false&price_color=333333&title_color=0066c0&bg_color=ffffff\">\n    <\/iframe>\n\n<iframe style=\"width:120px;height:240px;\" marginwidth=\"0\" marginheight=\"0\" scrolling=\"no\" frameborder=\"0\" src=\"\/\/ws-eu.amazon-adsystem.com\/widgets\/q?ServiceVersion=20070822&OneJS=1&Operation=GetAdHtml&MarketPlace=DE&source=ac&ref=tf_til&ad_type=product_link&tracking_id=rhombusleiste-21&marketplace=amazon&region=DE&placement=B01E7DVPBS&asins=B01E7DVPBS&linkId=ae963e76452f225086679583798ac47b&show_border=false&link_opens_in_new_window=false&price_color=333333&title_color=0066c0&bg_color=ffffff\">\n    <\/iframe>\n\n<iframe style=\"width:120px;height:240px;\" marginwidth=\"0\" marginheight=\"0\" scrolling=\"no\" frameborder=\"0\" src=\"\/\/ws-eu.amazon-adsystem.com\/widgets\/q?ServiceVersion=20070822&OneJS=1&Operation=GetAdHtml&MarketPlace=DE&source=ac&ref=tf_til&ad_type=product_link&tracking_id=rhombusleiste-21&marketplace=amazon&region=DE&placement=B01EIHZB0E&asins=B01EIHZB0E&linkId=3a957193c12b3bc552fc5c62e9c82b49&show_border=false&link_opens_in_new_window=false&price_color=333333&title_color=0066c0&bg_color=ffffff\">\n    <\/iframe>\n<\/div><\/div><\/div><\/div><\/div>","protected":false},"excerpt":{"rendered":"<p>Wer es nat\u00fcrlich will, kann seine Fassade in W\u00fcrde altern lassen. Fichte und Tanne sind unbehandelt nur unter der Bedingung des optimalen konstruktiven Holzschutzes f\u00fcr den Au\u00dfeneinsatz geeignet. Werden die Regeln des konstruktiven Holzschutzes eingehalten k\u00f6nnen auch diese Holzsorten dauerhaft im Au\u00dfenbereich eingesetzt werden. Die H\u00f6lzer vergrauen innerhalb eines Jahres, also relativ schnell. L\u00e4rche, Douglasie&#8230;<\/p>\n<p class=\"more-link\"><a href=\"https:\/\/rhombusleisten-montage.de\/index.php\/naturbelassen\/\" class=\"themebutton3\">Read More<\/a><\/p>\n","protected":false},"author":1,"featured_media":0,"parent":0,"menu_order":0,"comment_status":"closed","ping_status":"closed","template":"","meta":{"_monsterinsights_skip_tracking":false,"_monsterinsights_sitenote_active":false,"_monsterinsights_sitenote_note":"","_monsterinsights_sitenote_category":0,"footnotes":""},"aioseo_notices":[],"_links":{"self":[{"href":"https:\/\/rhombusleisten-montage.de\/index.php\/wp-json\/wp\/v2\/pages\/227"}],"collection":[{"href":"https:\/\/rhombusleisten-montage.de\/index.php\/wp-json\/wp\/v2\/pages"}],"about":[{"href":"https:\/\/rhombusleisten-montage.de\/index.php\/wp-json\/wp\/v2\/types\/page"}],"author":[{"embeddable":true,"href":"https:\/\/rhombusleisten-montage.de\/index.php\/wp-json\/wp\/v2\/users\/1"}],"replies":[{"embeddable":true,"href":"https:\/\/rhombusleisten-montage.de\/index.php\/wp-json\/wp\/v2\/comments?post=227"}],"version-history":[{"count":23,"href":"https:\/\/rhombusleisten-montage.de\/index.php\/wp-json\/wp\/v2\/pages\/227\/revisions"}],"predecessor-version":[{"id":2261,"href":"https:\/\/rhombusleisten-montage.de\/index.php\/wp-json\/wp\/v2\/pages\/227\/revisions\/2261"}],"wp:attachment":[{"href":"https:\/\/rhombusleisten-montage.de\/index.php\/wp-json\/wp\/v2\/media?parent=227"}],"curies":[{"name":"wp","href":"https:\/\/api.w.org\/{rel}","templated":true}]}}