{"id":223,"date":"2018-07-16T13:47:45","date_gmt":"2018-07-16T13:47:45","guid":{"rendered":"https:\/\/rhombusleisten-montage.de\/?page_id=223"},"modified":"2024-06-14T13:51:42","modified_gmt":"2024-06-14T13:51:42","slug":"lackieren","status":"publish","type":"page","link":"https:\/\/rhombusleisten-montage.de\/index.php\/lackieren\/","title":{"rendered":"Lackieren"},"content":{"rendered":"<div id=\"pl-223\"  class=\"panel-layout\" ><div id=\"pg-223-0\"  class=\"panel-grid panel-has-style\" ><div class=\"panel-row-style panel-row-style-for-223-0\" ><div id=\"pgc-223-0-0\"  class=\"panel-grid-cell\" ><div id=\"panel-223-0-0-0\" class=\"so-panel widget widget_sow-editor panel-first-child panel-last-child\" data-index=\"0\" ><div\n\t\t\t\n\t\t\tclass=\"so-widget-sow-editor so-widget-sow-editor-base\"\n\t\t\t\n\t\t>\n<div class=\"siteorigin-widget-tinymce textwidget\">\n\t<p>Mit einer Lackierung kann man seine Fassade mit seiner Wunschfarbe versehen und der Lack sch\u00fctzt das Holz vor Witterungseinfl\u00fcssen. Bei einer Lackierung ist die Maserung des Holzes nicht mehr so stark sichtbar als bei einer Lasur. Die Rhombusleisten sollten keine scharfen Ecken haben damit der Lack das Holz vollst\u00e4ndig benetzen kann.<\/p>\n<p>Grunds\u00e4tzlich unterscheidet man zwischen Acryllack und Kunstharzlack. Acryllack ist wasserbasierend und Kunstharzlack ist l\u00f6semittelhaltig.<\/p>\n<p>Eine gute Lackierung bildet eine Schutzschicht und wirkt stark wasserabweisend. Um eine bessere Lackhaftung zu erhalten empfiehlt es sich das Holz zu grundieren bevor es lackiert wird.<\/p>\n<p>Der Lack \u00a0kann mit einem Pinsel auf die Rhombusleiste aufgetragen werden. F\u00fcr Acryllack sollte ein Pinsel mit Borsten aus Kunststoff und Kunstharzlack ein Pinsel mit nat\u00fcrlichen Borsten verwendet werden. Der Lackauftrag erfolgt in zwei Schichten. Ist die erste Schicht getrocknet erfolgt ohne Zwischenschliff der Auftrag der zweiten Schicht.<\/p>\n<p>Um keine ungesch\u00fctzten Stellen auf den Rhombusleisten zu bekommen sollte man bei der sp\u00e4teren Montage vorsichtig agieren damit die Lackschicht nicht besch\u00e4digt wird.<\/p>\n<p>Wir verwenden f\u00fcr das Lackieren verschiedene Produkte von unterschiedlichen Herstellern wie Alpina, Adler oder auch Lacke aus verschieden Baum\u00e4rkten. Um die Umwelt zu schonen ziehen wir immer wasserbasierenden Acryllack vor.<\/p>\n<\/div>\n<\/div><\/div><\/div><\/div><\/div><div id=\"pg-223-1\"  class=\"panel-grid panel-no-style\" ><div id=\"pgc-223-1-0\"  class=\"panel-grid-cell\" ><div id=\"panel-223-1-0-0\" class=\"so-panel widget widget_sow-image panel-first-child\" data-index=\"1\" ><div\n\t\t\t\n\t\t\tclass=\"so-widget-sow-image so-widget-sow-image-default-17bc2272b535-223\"\n\t\t\t\n\t\t>\n\n<div class=\"sow-image-container\">\n\t\t\t<a href=\"https:\/\/amzn.to\/4b7lgLI\"\n\t\t\ttarget=\"_blank\" rel=\"noopener noreferrer\" \t\t>\n\t\t\t<img decoding=\"async\" src=\"https:\/\/m.media-amazon.com\/images\/I\/81nGrN06zzL._AC_SL1500_.jpg\" width=\"150\" height=\"150\" title=\"Lackieren\" alt=\"\" loading=\"lazy\" \t\tclass=\"so-widget-image\"\/>\n\t<\/a><\/div>\n\n<\/div><\/div><div id=\"panel-223-1-0-1\" class=\"so-panel widget widget_sow-editor\" data-index=\"2\" ><div\n\t\t\t\n\t\t\tclass=\"so-widget-sow-editor so-widget-sow-editor-base\"\n\t\t\t\n\t\t>\n<div class=\"siteorigin-widget-tinymce textwidget\">\n\t<p id=\"title\" class=\"a-size-large a-spacing-none\" style=\"text-align: center;\"><a href=\"https:\/\/amzn.to\/4b7lgLI\" target=\"_blank\" rel=\"noopener\"><strong><span id=\"productTitle\" class=\"a-size-large product-title-word-break\">K\u00fcchenarbeitsplatte<\/span><\/strong><\/a><\/p>\n<\/div>\n<\/div><\/div><div id=\"panel-223-1-0-2\" class=\"so-panel widget widget_sow-button panel-last-child\" data-index=\"3\" ><div\n\t\t\t\n\t\t\tclass=\"so-widget-sow-button so-widget-sow-button-flat-63e5eb34bd62-223\"\n\t\t\t\n\t\t><div class=\"ow-button-base ow-button-align-center\">\n\t<a href=\"https:\/\/amzn.to\/4b7lgLI\" class=\"ow-icon-placement-left ow-button-hover\" target=\"_blank\" rel=\"noopener noreferrer\" \t\t>\n\t\t<span>\n\t\t\t\n\t\t\tZu Amazon *\t\t<\/span>\n\t<\/a>\n<\/div>\n<\/div><\/div><\/div><div id=\"pgc-223-1-1\"  class=\"panel-grid-cell\" ><div id=\"panel-223-1-1-0\" class=\"so-panel widget widget_sow-image panel-first-child\" data-index=\"4\" ><div\n\t\t\t\n\t\t\tclass=\"so-widget-sow-image so-widget-sow-image-default-17bc2272b535-223\"\n\t\t\t\n\t\t>\n\n<div class=\"sow-image-container\">\n\t\t\t<a href=\"https:\/\/amzn.to\/3XpVhMA\"\n\t\t\ttarget=\"_blank\" rel=\"noopener noreferrer\" \t\t>\n\t\t\t<img decoding=\"async\" src=\"https:\/\/m.media-amazon.com\/images\/I\/71GbwrN+TaL._AC_SL1500_.jpg\" width=\"150\" height=\"150\" title=\"Lackieren\" alt=\"\" loading=\"lazy\" \t\tclass=\"so-widget-image\"\/>\n\t<\/a><\/div>\n\n<\/div><\/div><div id=\"panel-223-1-1-1\" class=\"so-panel widget widget_sow-editor\" data-index=\"5\" ><div\n\t\t\t\n\t\t\tclass=\"so-widget-sow-editor so-widget-sow-editor-base\"\n\t\t\t\n\t\t>\n<div class=\"siteorigin-widget-tinymce textwidget\">\n\t<div id=\"title_feature_div\" class=\"celwidget\" data-feature-name=\"title\" data-csa-c-type=\"widget\" data-csa-c-content-id=\"title\" data-csa-c-slot-id=\"title_feature_div\" data-csa-c-asin=\"B0CBWZFY9Y\" data-csa-c-is-in-initial-active-row=\"false\" data-csa-c-id=\"wvv5os-q18l2x-9hzwkk-q3jbfp\" data-cel-widget=\"title_feature_div\">\n<div id=\"titleSection\" class=\"a-section a-spacing-none\">\n<p id=\"title\" class=\"a-size-large a-spacing-none\" style=\"text-align: center;\"><a href=\"https:\/\/amzn.to\/45n2rTu\" target=\"_blank\" rel=\"noopener\"><span id=\"productTitle\" class=\"a-size-large product-title-word-break\"><strong>21V Akkuschrauber Set, Wei\u00df Akku bohrschrauber mit 2 Akkus 1,5Ah und Ladeger\u00e4t, 25+1 Drehmomentstufen, 45Nm Max schlagbohrschrauber, 2-Gang &amp; LED, 26PCS Zubeh\u00f6re Set f\u00fcr Haus und Garten DIY Projekt<\/strong> <\/span><\/a><span id=\"titleEDPPlaceHolder\"><\/span><\/p>\n<\/div>\n<\/div>\n<div id=\"qpeTitleTag_feature_div\" class=\"celwidget\" data-feature-name=\"qpeTitleTag\" data-csa-c-type=\"widget\" data-csa-c-content-id=\"qpeTitleTag\" data-csa-c-slot-id=\"qpeTitleTag_feature_div\" data-csa-c-asin=\"B0CBWZFY9Y\" data-csa-c-is-in-initial-active-row=\"false\" data-csa-c-id=\"3adsp6-7ol6p8-mwxe65-ibp1ce\" data-cel-widget=\"qpeTitleTag_feature_div\"><\/div>\n<div id=\"bylineInfo_feature_div\" class=\"celwidget\" data-feature-name=\"bylineInfo\" data-csa-c-type=\"widget\" data-csa-c-content-id=\"bylineInfo\" data-csa-c-slot-id=\"bylineInfo_feature_div\" data-csa-c-asin=\"B0CBWZFY9Y\" data-csa-c-is-in-initial-active-row=\"false\" data-csa-c-id=\"3mt2on-vqlg5v-3eznnz-534etk\" data-cel-widget=\"bylineInfo_feature_div\"><\/div>\n<\/div>\n<\/div><\/div><div id=\"panel-223-1-1-2\" class=\"so-panel widget widget_sow-button panel-last-child\" data-index=\"6\" ><div\n\t\t\t\n\t\t\tclass=\"so-widget-sow-button so-widget-sow-button-flat-63e5eb34bd62-223\"\n\t\t\t\n\t\t><div class=\"ow-button-base ow-button-align-center\">\n\t<a href=\"https:\/\/amzn.to\/45n2rTu\" class=\"ow-icon-placement-left ow-button-hover\" target=\"_blank\" rel=\"noopener noreferrer\" \t\t>\n\t\t<span>\n\t\t\t\n\t\t\tZu Amazon *\t\t<\/span>\n\t<\/a>\n<\/div>\n<\/div><\/div><\/div><div id=\"pgc-223-1-2\"  class=\"panel-grid-cell\" ><div id=\"panel-223-1-2-0\" class=\"so-panel widget widget_sow-image panel-first-child\" data-index=\"7\" ><div\n\t\t\t\n\t\t\tclass=\"so-widget-sow-image so-widget-sow-image-default-17bc2272b535-223\"\n\t\t\t\n\t\t>\n\n<div class=\"sow-image-container\">\n\t\t\t<a href=\"https:\/\/amzn.to\/45wygtd\"\n\t\t\ttarget=\"_blank\" rel=\"noopener noreferrer\" \t\t>\n\t\t\t<img decoding=\"async\" src=\"https:\/\/m.media-amazon.com\/images\/I\/71efNTvFc+L._AC_SL1500_.jpg\" width=\"150\" height=\"150\" title=\"Lackieren\" alt=\"\" loading=\"lazy\" \t\tclass=\"so-widget-image\"\/>\n\t<\/a><\/div>\n\n<\/div><\/div><div id=\"panel-223-1-2-1\" class=\"so-panel widget widget_sow-editor\" data-index=\"8\" ><div\n\t\t\t\n\t\t\tclass=\"so-widget-sow-editor so-widget-sow-editor-base\"\n\t\t\t\n\t\t>\n<div class=\"siteorigin-widget-tinymce textwidget\">\n\t<div id=\"title_feature_div\" class=\"celwidget\" data-feature-name=\"title\" data-csa-c-type=\"widget\" data-csa-c-content-id=\"title\" data-csa-c-slot-id=\"title_feature_div\" data-csa-c-asin=\"B0CBWZFY9Y\" data-csa-c-is-in-initial-active-row=\"false\" data-csa-c-id=\"wvv5os-q18l2x-9hzwkk-q3jbfp\" data-cel-widget=\"title_feature_div\">\n<div id=\"titleSection\" class=\"a-section a-spacing-none\">\n<p id=\"title\" class=\"a-size-large a-spacing-none\" style=\"text-align: center;\"><a href=\"https:\/\/amzn.to\/3XoCfpJ\" target=\"_blank\" rel=\"noopener\"><strong><span id=\"productTitle\" class=\"a-size-large product-title-word-break\">Tellerkopfschrauben<\/span><\/strong><\/a><\/p>\n<p id=\"title\" class=\"a-size-large a-spacing-none\" style=\"text-align: center;\">\n<span id=\"titleEDPPlaceHolder\"><\/span><\/p>\n<\/div>\n<\/div>\n<div id=\"qpeTitleTag_feature_div\" class=\"celwidget\" data-feature-name=\"qpeTitleTag\" data-csa-c-type=\"widget\" data-csa-c-content-id=\"qpeTitleTag\" data-csa-c-slot-id=\"qpeTitleTag_feature_div\" data-csa-c-asin=\"B0CBWZFY9Y\" data-csa-c-is-in-initial-active-row=\"false\" data-csa-c-id=\"3adsp6-7ol6p8-mwxe65-ibp1ce\" data-cel-widget=\"qpeTitleTag_feature_div\"><\/div>\n<div id=\"bylineInfo_feature_div\" class=\"celwidget\" data-feature-name=\"bylineInfo\" data-csa-c-type=\"widget\" data-csa-c-content-id=\"bylineInfo\" data-csa-c-slot-id=\"bylineInfo_feature_div\" data-csa-c-asin=\"B0CBWZFY9Y\" data-csa-c-is-in-initial-active-row=\"false\" data-csa-c-id=\"3mt2on-vqlg5v-3eznnz-534etk\" data-cel-widget=\"bylineInfo_feature_div\"><\/div>\n<\/div>\n<\/div><\/div><div id=\"panel-223-1-2-2\" class=\"so-panel widget widget_sow-button panel-last-child\" data-index=\"9\" ><div\n\t\t\t\n\t\t\tclass=\"so-widget-sow-button so-widget-sow-button-flat-63e5eb34bd62-223\"\n\t\t\t\n\t\t><div class=\"ow-button-base ow-button-align-center\">\n\t<a href=\"https:\/\/amzn.to\/3XoCfpJ\" class=\"ow-icon-placement-left ow-button-hover\" target=\"_blank\" rel=\"noopener noreferrer\" \t\t>\n\t\t<span>\n\t\t\t\n\t\t\tZu Amazon *\t\t<\/span>\n\t<\/a>\n<\/div>\n<\/div><\/div><\/div><\/div><\/div>","protected":false},"excerpt":{"rendered":"<p>Mit einer Lackierung kann man seine Fassade mit seiner Wunschfarbe versehen und der Lack sch\u00fctzt das Holz vor Witterungseinfl\u00fcssen. Bei einer Lackierung ist die Maserung des Holzes nicht mehr so stark sichtbar als bei einer Lasur. Die Rhombusleisten sollten keine scharfen Ecken haben damit der Lack das Holz vollst\u00e4ndig benetzen kann. Grunds\u00e4tzlich unterscheidet man zwischen&#8230;<\/p>\n<p class=\"more-link\"><a href=\"https:\/\/rhombusleisten-montage.de\/index.php\/lackieren\/\" class=\"themebutton3\">Read More<\/a><\/p>\n","protected":false},"author":1,"featured_media":0,"parent":0,"menu_order":0,"comment_status":"closed","ping_status":"closed","template":"","meta":{"_monsterinsights_skip_tracking":false,"_monsterinsights_sitenote_active":false,"_monsterinsights_sitenote_note":"","_monsterinsights_sitenote_category":0,"footnotes":""},"aioseo_notices":[],"_links":{"self":[{"href":"https:\/\/rhombusleisten-montage.de\/index.php\/wp-json\/wp\/v2\/pages\/223"}],"collection":[{"href":"https:\/\/rhombusleisten-montage.de\/index.php\/wp-json\/wp\/v2\/pages"}],"about":[{"href":"https:\/\/rhombusleisten-montage.de\/index.php\/wp-json\/wp\/v2\/types\/page"}],"author":[{"embeddable":true,"href":"https:\/\/rhombusleisten-montage.de\/index.php\/wp-json\/wp\/v2\/users\/1"}],"replies":[{"embeddable":true,"href":"https:\/\/rhombusleisten-montage.de\/index.php\/wp-json\/wp\/v2\/comments?post=223"}],"version-history":[{"count":40,"href":"https:\/\/rhombusleisten-montage.de\/index.php\/wp-json\/wp\/v2\/pages\/223\/revisions"}],"predecessor-version":[{"id":2311,"href":"https:\/\/rhombusleisten-montage.de\/index.php\/wp-json\/wp\/v2\/pages\/223\/revisions\/2311"}],"wp:attachment":[{"href":"https:\/\/rhombusleisten-montage.de\/index.php\/wp-json\/wp\/v2\/media?parent=223"}],"curies":[{"name":"wp","href":"https:\/\/api.w.org\/{rel}","templated":true}]}}